{"id":10,"date":"2011-10-12T20:08:57","date_gmt":"2011-10-12T20:08:57","guid":{"rendered":"https:\/\/revista-insaiguaviva.org\/curs2011-2012\/?page_id=10"},"modified":"2012-09-04T22:06:22","modified_gmt":"2012-09-04T20:06:22","slug":"extraescolars","status":"publish","type":"page","link":"https:\/\/www.revista-insaiguaviva.org\/curs2011-2012\/extraescolars-2\/extraescolars\/","title":{"rendered":"B\u00e0squet"},"content":{"rendered":"<p>Aquest \u00e9s el nostre equip de b\u00e0squet:<\/p>\n<p><a href=\"https:\/\/revista-insaiguaviva.org\/curs2011-2012\/wp-content\/uploads\/2011\/10\/resized_1.jpg\"><img loading=\"lazy\" decoding=\"async\" class=\"aligncenter size-medium wp-image-650\" title=\"resized_1\" src=\"https:\/\/revista-insaiguaviva.org\/curs2011-2012\/wp-content\/uploads\/2011\/10\/resized_1-300x225.jpg\" alt=\"\" width=\"300\" height=\"225\" srcset=\"https:\/\/www.revista-insaiguaviva.org\/curs2011-2012\/wp-content\/uploads\/2011\/10\/resized_1-300x225.jpg 300w, https:\/\/www.revista-insaiguaviva.org\/curs2011-2012\/wp-content\/uploads\/2011\/10\/resized_1.jpg 320w\" sizes=\"auto, (max-width: 300px) 100vw, 300px\" \/><\/a>I si els voleu veure en acci\u00f3, aqu\u00ed teniu l&#8217;enlla\u00e7: <a href=\"https:\/\/picasaweb.google.com\/118000727510269724077\/BASQUET\">https:\/\/picasaweb.google.com\/118000727510269724077\/BASQUET.<\/a><\/p>\n<p>Molta sort!<\/p>\n<p>&nbsp;<\/p>\n<p>&nbsp;<\/p>\n<p>&nbsp;<\/p>\n","protected":false},"excerpt":{"rendered":"<p>Aquest \u00e9s el nostre equip de b\u00e0squet: I si els voleu veure en acci\u00f3, aqu\u00ed teniu l&#8217;enlla\u00e7: https:\/\/picasaweb.google.com\/118000727510269724077\/BASQUET. Molta sort! &nbsp; &nbsp; &nbsp;<\/p>\n","protected":false},"author":1,"featured_media":0,"parent":997,"menu_order":6,"comment_status":"closed","ping_status":"closed","template":"","meta":{"footnotes":""},"class_list":["post-10","page","type-page","status-publish","hentry"],"_links":{"self":[{"href":"https:\/\/www.revista-insaiguaviva.org\/curs2011-2012\/wp-json\/wp\/v2\/pages\/10","targetHints":{"allow":["GET"]}}],"collection":[{"href":"https:\/\/www.revista-insaiguaviva.org\/curs2011-2012\/wp-json\/wp\/v2\/pages"}],"about":[{"href":"https:\/\/www.revista-insaiguaviva.org\/curs2011-2012\/wp-json\/wp\/v2\/types\/page"}],"author":[{"embeddable":true,"href":"https:\/\/www.revista-insaiguaviva.org\/curs2011-2012\/wp-json\/wp\/v2\/users\/1"}],"replies":[{"embeddable":true,"href":"https:\/\/www.revista-insaiguaviva.org\/curs2011-2012\/wp-json\/wp\/v2\/comments?post=10"}],"version-history":[{"count":14,"href":"https:\/\/www.revista-insaiguaviva.org\/curs2011-2012\/wp-json\/wp\/v2\/pages\/10\/revisions"}],"predecessor-version":[{"id":1011,"href":"https:\/\/www.revista-insaiguaviva.org\/curs2011-2012\/wp-json\/wp\/v2\/pages\/10\/revisions\/1011"}],"up":[{"embeddable":true,"href":"https:\/\/www.revista-insaiguaviva.org\/curs2011-2012\/wp-json\/wp\/v2\/pages\/997"}],"wp:attachment":[{"href":"https:\/\/www.revista-insaiguaviva.org\/curs2011-2012\/wp-json\/wp\/v2\/media?parent=10"}],"curies":[{"name":"wp","href":"https:\/\/api.w.org\/{rel}","templated":true}]}}