{"id":276,"date":"2011-11-18T20:00:38","date_gmt":"2011-11-18T20:00:38","guid":{"rendered":"https:\/\/revista-insaiguaviva.org\/curs2011-2012\/?page_id=276"},"modified":"2012-09-04T22:07:25","modified_gmt":"2012-09-04T20:07:25","slug":"cal%c2%b7ligrames","status":"publish","type":"page","link":"https:\/\/www.revista-insaiguaviva.org\/curs2011-2012\/llengua-catalana-2\/cal%c2%b7ligrames\/","title":{"rendered":"Cal\u00b7ligrames"},"content":{"rendered":"<p style=\"text-align: justify;\"><strong>Un <em>cal\u00b7ligrama <\/em>\u00a0\u00e9s un text po\u00e8tic que en la seva disposici\u00f3 reprodueix una imatge.\u00a0 Poesia, doncs, sense fer \u00fas neces\u00e0riament de rimes ni versos ni estrofes. En la mat\u00e8ria de llengua hem estat treballant alguns textos po\u00e8tics i cadasc\u00fa ha provat de fer un cal\u00b7ligrama&#8230;Us n&#8217;ensenyem uns quants, a veure si us agraden:\u00a0 \u00a0\u00a0 \u00a0<\/strong><\/p>\n<p><a href=\"https:\/\/revista-insaiguaviva.org\/curs2011-2012\/wp-content\/uploads\/2011\/11\/resized_resized_053.jpg\"><img loading=\"lazy\" decoding=\"async\" class=\"alignnone size-thumbnail wp-image-282\" title=\"resized_resized_053\" src=\"https:\/\/revista-insaiguaviva.org\/curs2011-2012\/wp-content\/uploads\/2011\/11\/resized_resized_053-150x150.jpg\" alt=\"\" width=\"150\" height=\"150\" \/><\/a><a href=\"https:\/\/revista-insaiguaviva.org\/curs2011-2012\/wp-content\/uploads\/2011\/11\/resized_052.jpg\"><img loading=\"lazy\" decoding=\"async\" class=\"alignnone size-thumbnail wp-image-279\" title=\"resized_052\" src=\"https:\/\/revista-insaiguaviva.org\/curs2011-2012\/wp-content\/uploads\/2011\/11\/resized_052-150x150.jpg\" alt=\"\" width=\"150\" height=\"150\" \/><\/a><a href=\"https:\/\/revista-insaiguaviva.org\/curs2011-2012\/wp-content\/uploads\/2011\/11\/resized_resized_051.jpg\"><img loading=\"lazy\" decoding=\"async\" class=\"alignnone size-thumbnail wp-image-278\" title=\"resized_resized_051\" src=\"https:\/\/revista-insaiguaviva.org\/curs2011-2012\/wp-content\/uploads\/2011\/11\/resized_resized_051-150x150.jpg\" alt=\"\" width=\"150\" height=\"150\" \/><\/a><\/p>\n<p><a href=\"https:\/\/revista-insaiguaviva.org\/curs2011-2012\/wp-content\/uploads\/2011\/11\/resized_resized_056.jpg\"><img loading=\"lazy\" decoding=\"async\" class=\"alignnone size-thumbnail wp-image-285\" title=\"resized_resized_056\" src=\"https:\/\/revista-insaiguaviva.org\/curs2011-2012\/wp-content\/uploads\/2011\/11\/resized_resized_056-150x150.jpg\" alt=\"\" width=\"150\" height=\"150\" \/><\/a><a href=\"https:\/\/revista-insaiguaviva.org\/curs2011-2012\/wp-content\/uploads\/2011\/11\/resized_resized_057.jpg\"><img loading=\"lazy\" decoding=\"async\" class=\"alignnone size-thumbnail wp-image-284\" title=\"resized_resized_057\" src=\"https:\/\/revista-insaiguaviva.org\/curs2011-2012\/wp-content\/uploads\/2011\/11\/resized_resized_057-150x150.jpg\" alt=\"\" width=\"150\" height=\"150\" \/><\/a><a href=\"https:\/\/revista-insaiguaviva.org\/curs2011-2012\/wp-content\/uploads\/2011\/11\/resized_resized_058.jpg\"><img loading=\"lazy\" decoding=\"async\" class=\"alignnone size-thumbnail wp-image-283\" title=\"resized_resized_058\" src=\"https:\/\/revista-insaiguaviva.org\/curs2011-2012\/wp-content\/uploads\/2011\/11\/resized_resized_058-150x150.jpg\" alt=\"\" width=\"150\" height=\"150\" \/><\/a><\/p>\n<p><a href=\"https:\/\/revista-insaiguaviva.org\/curs2011-2012\/wp-content\/uploads\/2011\/11\/resized_resized_055.jpg\"><img loading=\"lazy\" decoding=\"async\" class=\"alignnone size-thumbnail wp-image-288\" title=\"resized_resized_055\" src=\"https:\/\/revista-insaiguaviva.org\/curs2011-2012\/wp-content\/uploads\/2011\/11\/resized_resized_055-150x150.jpg\" alt=\"\" width=\"150\" height=\"150\" \/><\/a><a href=\"https:\/\/revista-insaiguaviva.org\/curs2011-2012\/wp-content\/uploads\/2011\/11\/resized_resized_059.jpg\"><img loading=\"lazy\" decoding=\"async\" class=\"alignnone size-thumbnail wp-image-287\" title=\"resized_resized_059\" src=\"https:\/\/revista-insaiguaviva.org\/curs2011-2012\/wp-content\/uploads\/2011\/11\/resized_resized_059-150x150.jpg\" alt=\"\" width=\"150\" height=\"150\" \/><\/a><a href=\"https:\/\/revista-insaiguaviva.org\/curs2011-2012\/wp-content\/uploads\/2011\/11\/resized_resized_050.jpg\"><img loading=\"lazy\" decoding=\"async\" class=\"alignnone size-thumbnail wp-image-277\" title=\"resized_resized_050\" src=\"https:\/\/revista-insaiguaviva.org\/curs2011-2012\/wp-content\/uploads\/2011\/11\/resized_resized_050-150x150.jpg\" alt=\"\" width=\"150\" height=\"150\" \/><\/a><\/p>\n<p>&nbsp;<\/p>\n","protected":false},"excerpt":{"rendered":"<p>Un cal\u00b7ligrama \u00a0\u00e9s un text po\u00e8tic que en la seva disposici\u00f3 reprodueix una imatge.\u00a0 Poesia, doncs, sense fer \u00fas neces\u00e0riament de rimes ni versos ni estrofes. En la mat\u00e8ria de llengua hem estat treballant alguns textos po\u00e8tics i cadasc\u00fa ha &hellip; <a href=\"https:\/\/www.revista-insaiguaviva.org\/curs2011-2012\/llengua-catalana-2\/cal%c2%b7ligrames\/\">Continua llegint <span class=\"meta-nav\">&rarr;<\/span><\/a><\/p>\n","protected":false},"author":3,"featured_media":0,"parent":291,"menu_order":0,"comment_status":"closed","ping_status":"closed","template":"","meta":{"footnotes":""},"class_list":["post-276","page","type-page","status-publish","hentry"],"_links":{"self":[{"href":"https:\/\/www.revista-insaiguaviva.org\/curs2011-2012\/wp-json\/wp\/v2\/pages\/276","targetHints":{"allow":["GET"]}}],"collection":[{"href":"https:\/\/www.revista-insaiguaviva.org\/curs2011-2012\/wp-json\/wp\/v2\/pages"}],"about":[{"href":"https:\/\/www.revista-insaiguaviva.org\/curs2011-2012\/wp-json\/wp\/v2\/types\/page"}],"author":[{"embeddable":true,"href":"https:\/\/www.revista-insaiguaviva.org\/curs2011-2012\/wp-json\/wp\/v2\/users\/3"}],"replies":[{"embeddable":true,"href":"https:\/\/www.revista-insaiguaviva.org\/curs2011-2012\/wp-json\/wp\/v2\/comments?post=276"}],"version-history":[{"count":11,"href":"https:\/\/www.revista-insaiguaviva.org\/curs2011-2012\/wp-json\/wp\/v2\/pages\/276\/revisions"}],"predecessor-version":[{"id":1015,"href":"https:\/\/www.revista-insaiguaviva.org\/curs2011-2012\/wp-json\/wp\/v2\/pages\/276\/revisions\/1015"}],"up":[{"embeddable":true,"href":"https:\/\/www.revista-insaiguaviva.org\/curs2011-2012\/wp-json\/wp\/v2\/pages\/291"}],"wp:attachment":[{"href":"https:\/\/www.revista-insaiguaviva.org\/curs2011-2012\/wp-json\/wp\/v2\/media?parent=276"}],"curies":[{"name":"wp","href":"https:\/\/api.w.org\/{rel}","templated":true}]}}