{"id":856,"date":"2012-05-01T18:26:18","date_gmt":"2012-05-01T18:26:18","guid":{"rendered":"https:\/\/revista-insaiguaviva.org\/curs2011-2012\/?page_id=856"},"modified":"2012-09-04T22:05:56","modified_gmt":"2012-09-04T20:05:56","slug":"sant-jordi","status":"publish","type":"page","link":"https:\/\/www.revista-insaiguaviva.org\/curs2011-2012\/celebracions\/sant-jordi\/","title":{"rendered":"Sant Jordi"},"content":{"rendered":"<p>Despr\u00e9s d&#8217;haver vist les fotos, en aquesta p\u00e0gina hi trobareu les composicions guanyadores del concurs literari.<\/p>\n<p><a href=\"https:\/\/revista-insaiguaviva.org\/curs2011-2012\/wp-content\/uploads\/2012\/05\/resized_IMG_0361.jpg\"><img loading=\"lazy\" decoding=\"async\" class=\"aligncenter size-thumbnail wp-image-861\" title=\"resized_IMG_0361\" src=\"https:\/\/revista-insaiguaviva.org\/curs2011-2012\/wp-content\/uploads\/2012\/05\/resized_IMG_0361-150x150.jpg\" alt=\"\" width=\"150\" height=\"150\" \/><\/a><\/p>\n<p align=\"center\"><strong>SOMNI<\/strong><\/p>\n<p align=\"center\"><strong>\u00a0<\/strong>Un noi barbut<\/p>\n<p align=\"center\">que sempre va molt brut<\/p>\n<p align=\"center\">s\u2019ha trobat una noia.<\/p>\n<p align=\"center\">Els dos s\u2019han mirat<\/p>\n<p align=\"center\">i s\u2019han agradat.<\/p>\n<p align=\"center\">\u00a0Tots dos s\u00f3n bons minyons<\/p>\n<p align=\"center\">i els agraden els bombons,<\/p>\n<p align=\"center\">per\u00f2 juguen a cuit i amagar<\/p>\n<p align=\"center\">i mengen pa per berenar.<\/p>\n<p align=\"center\">\u00a0A la noia li agrada el color rosa,<\/p>\n<p align=\"center\">al noi qualsevol cosa,<\/p>\n<p align=\"center\">per\u00f2 cap dels dos vol estar sol<\/p>\n<p align=\"center\">com si fos un mussol<strong>.<\/strong><\/p>\n<p align=\"center\">Avui s\u2019han fet una fotografia<\/p>\n<p align=\"center\">on desprenen energia<\/p>\n<p align=\"center\">i la noia de color rosa<\/p>\n<p align=\"center\">torna amb cara confosa:<\/p>\n<p align=\"center\">\u00a0Tot ho havia somiat?<\/p>\n<p align=\"center\">Qui sap\u2026 Els somnis a vegades<\/p>\n<p align=\"center\">es tornen realitat.<\/p>\n<p align=\"center\"><strong>Marina Alc\u00e1ntara 1r. C<\/strong><\/p>\n<p style=\"text-align: left;\" align=\"center\"><a href=\"https:\/\/revista-insaiguaviva.org\/curs2011-2012\/wp-content\/uploads\/2012\/05\/resized_IMG_0367.jpg\"><img loading=\"lazy\" decoding=\"async\" class=\"alignnone size-thumbnail wp-image-862\" title=\"resized_IMG_0367\" src=\"https:\/\/revista-insaiguaviva.org\/curs2011-2012\/wp-content\/uploads\/2012\/05\/resized_IMG_0367-150x150.jpg\" alt=\"\" width=\"150\" height=\"150\" \/><\/a><a href=\"https:\/\/revista-insaiguaviva.org\/curs2011-2012\/wp-content\/uploads\/2012\/05\/resized_IMG_0370.jpg\"><img loading=\"lazy\" decoding=\"async\" class=\"alignnone size-thumbnail wp-image-863\" title=\"resized_IMG_0370\" src=\"https:\/\/revista-insaiguaviva.org\/curs2011-2012\/wp-content\/uploads\/2012\/05\/resized_IMG_0370-150x150.jpg\" alt=\"\" width=\"150\" height=\"150\" \/><\/a><a href=\"https:\/\/revista-insaiguaviva.org\/curs2011-2012\/wp-content\/uploads\/2012\/05\/resized_IMG_0372.jpg\"><img loading=\"lazy\" decoding=\"async\" class=\"alignnone size-thumbnail wp-image-864\" title=\"resized_IMG_0372\" src=\"https:\/\/revista-insaiguaviva.org\/curs2011-2012\/wp-content\/uploads\/2012\/05\/resized_IMG_0372-150x150.jpg\" alt=\"\" width=\"150\" height=\"150\" \/><\/a><\/p>\n<p style=\"text-align: left;\" align=\"center\">________________________________________________________________<\/p>\n<div>\n<p style=\"text-align: justify;\">Hi havia una vegada un regne que es deia INS AIGUA ESTRADA 4. All\u00e0 hi vivien m\u00e9s de cent persones i tots eren feli\u00e7os, sobretot el rei ERN NOGEIRA i el seu fidel ajudant, RICKY SEBASTIA. Ells dos eren els m\u00e9s poderosos del castell.<\/p>\n<p style=\"text-align: justify;\">Per\u00f2, una vegada l&#8217;ESPE CASANOVA (la dona dels sentits) va tenir una premonici\u00f3: els vindrien a atacar. Era ben cert. Una setmana m\u00e9s tard els van atacar. Eren els del partit S\u00f2mines i Carregosos (PSC) que es volien fer amb el regne. Aquella banda estava capitanejada per l\u2019ALICI DUESMINGEZ i el F\u00c8LIX GUILLAU, que van intentar guanyar el DAVI BELA i la BIENVE SILVES, els nostres principals guerrers, per\u00f2 no sabien que ells junts eren imparables.<\/p>\n<p style=\"text-align: justify;\">Quan estaven a mitja lluita, l\u2019ALICI i el FELIX se\u2019n van anar i van donar una nota que posava: <em>El dia 23 d\u2019abril us esperem en el camp de lluita de BARCELONA.<\/em> Aquell dia uns quants habitants del regne es van dirigir cap a BARCELONA\u00a0 i mentrestant la MARI COLO explicava la teoria de la relativitat d&#8217;EINSTEIN als que no van viatjar.<\/p>\n<p style=\"text-align: justify;\">Quan varen arribar, els esperaven per lluitar. Es va decidir que la millor lluita era l\u2019esport. Quan van comen\u00e7ar a escalfar amb la seva entrenadora particular, l&#8217;ESTE ARRAN (per escalfar van ballar batuka), va venir l\u2019\u00e0rbitre i els va xiular una t\u00e8cnica perqu\u00e8 els de l\u2019altre equip no tenien espai per escalfar. Al primer temps mort ja anaven guanyant 0-10, per\u00f2 quasi a la fi de la primera part va saltar al camp de joc en JIMMY JUMP (un fam\u00f3s espontani de l\u2019\u00e8poca). A la segona part va sortir en FELIX i tota la graderia cridava (FELIX, FELIX, FELIX\u2026) a netejar el camp perqu\u00e8 l&#8217;ALICI s\u2019havia caigut. Al final del partit van quedar 22-91 i els joves guerrers esportistes els van dir que ara ja sabien com eren de valents i que, si tornaven a apar\u00e8ixer pel regne, els farien <em>papilla<\/em>.<\/p>\n<p style=\"text-align: justify;\">Aqu\u00ed es demostra que els conflictes es poden solucionar en un camp de jocs. I des d\u2019aquella lluita en el regne INS AIGUA ESTRADA 4 van viure feli\u00e7os per sempre m\u00e9s.<\/p>\n<p style=\"text-align: center;\"><strong>Ili\u00e0 Castellarnau 1r C<\/strong><\/p>\n<p style=\"text-align: left;\"><a href=\"https:\/\/revista-insaiguaviva.org\/curs2011-2012\/wp-content\/uploads\/2012\/05\/resized_IMG_0366.jpg\"><img loading=\"lazy\" decoding=\"async\" class=\"alignnone size-thumbnail wp-image-876\" title=\"resized_IMG_0366\" src=\"https:\/\/revista-insaiguaviva.org\/curs2011-2012\/wp-content\/uploads\/2012\/05\/resized_IMG_0366-150x150.jpg\" alt=\"\" width=\"150\" height=\"150\" \/><\/a><a href=\"https:\/\/revista-insaiguaviva.org\/curs2011-2012\/wp-content\/uploads\/2012\/05\/resized_IMG_0375.jpg\"><img loading=\"lazy\" decoding=\"async\" class=\"alignnone size-thumbnail wp-image-877\" title=\"resized_IMG_0375\" src=\"https:\/\/revista-insaiguaviva.org\/curs2011-2012\/wp-content\/uploads\/2012\/05\/resized_IMG_0375-150x150.jpg\" alt=\"\" width=\"150\" height=\"150\" \/><\/a><a href=\"https:\/\/revista-insaiguaviva.org\/curs2011-2012\/wp-content\/uploads\/2012\/05\/resized_IMG_0390.jpg\"><img loading=\"lazy\" decoding=\"async\" class=\"alignnone size-thumbnail wp-image-879\" title=\"resized_IMG_0390\" src=\"https:\/\/revista-insaiguaviva.org\/curs2011-2012\/wp-content\/uploads\/2012\/05\/resized_IMG_0390-150x150.jpg\" alt=\"\" width=\"150\" height=\"150\" \/><\/a><\/p>\n<p style=\"text-align: left;\">_______________________________________________________________________________________<\/p>\n<p style=\"text-align: center;\"><strong>LA RANITA RENCOROSA<\/strong><\/p>\n<p>Hab\u00eda una vez, hace muchos, muchos a\u00f1os una peque\u00f1a ranita, que viv\u00eda en un peque\u00f1o estanque cerca de un peque\u00f1o pueblo.<\/p>\n<p style=\"text-align: justify;\">La ranita era muy rencorosa, pero a\u00fan as\u00ed, era simp\u00e1tica y cari\u00f1osa. Un buen d\u00eda, conoci\u00f3 a un elegante y culto sapo, que viv\u00eda en la charca de al lado. Le salud\u00f3, pero el sapo no le hizo caso. Ella volvi\u00f3 a insistir. Entonces el culto sapo le contest\u00f3 de malas maneras:- \u00a1QU\u00c9 QUIERES!- Y la ranita, con sus afectados sentimientos, se fue a su peque\u00f1a charca.<\/p>\n<p style=\"text-align: justify;\">\u00a0Ella cogi\u00f3 tanto rencor al sapo que no le volvi\u00f3 a hablar, hasta que un d\u00eda el brujo del pueblo sali\u00f3 por la ma\u00f1ana a dar un paseo por el estanque de al lado del pueblo. Entonces vio a la ranita y al elegante sapo que le ped\u00eda disculpas por hablarle mal, pero a ella, como era tan rencorosa, le costaba perdonarle. El sapo le preguntaba que si quer\u00eda ser su amiga, pero la ranita no le hac\u00eda caso ni le hablaba. As\u00ed que el mago decidi\u00f3 convertir el sapo en topo. Al sapo, tan culto y refinado, no le gustaba la tierra, pero como ahora era un topo&#8230;<\/p>\n<p style=\"text-align: justify;\">\u00a0El mago decidi\u00f3 hacerlo as\u00ed para darle una lecci\u00f3n porque era muy antip\u00e1tico, y a la ranita no le hizo nada porque as\u00ed tendr\u00eda que aguantar las s\u00faplicas del sapo, porque la \u00fanica manera de deshacer el hechizo era que la ranita aceptara las disculpas del sapo y que fuesen amigos.<\/p>\n<p style=\"text-align: justify;\">El sapo, ahora topo, le insist\u00eda todo el rato para que fuese su amiga. As\u00ed la maldici\u00f3n del brujo se deshar\u00eda, ser\u00edan amigos y todo resuelto.<\/p>\n<p>\u00a0Al final la ranita le dijo que s\u00ed quer\u00eda ser su amiga \u201cpor l\u00e1stima\u201d, pero al cabo de 3 meses. Fueros felices y todos estuvieron contentos.<\/p>\n<p style=\"text-align: center;\"><strong>Aurora Oliva 1r. B<\/strong><\/p>\n<p>____________________________________________________________________________<\/p>\n<p style=\"text-align: left;\">\u00a0<strong>Mi vida<\/strong><\/p>\n<p style=\"text-align: left;\">Mi vida, monta\u00f1a rusa<br \/>\nen tus mejillas.<br \/>\nDesciende hasta tu blanca sonrisa<br \/>\nde la cual fluyen dos palabras:<br \/>\n\u00a1Te quiero!<br \/>\nProsigue por tu garganta<br \/>\ny avanza hasta tu pecho,<br \/>\nel latido de nuestros corazones,<br \/>\nmarca el comp\u00e1s<br \/>\nde nuestros interminables paseos,<br \/>\npara llegar a tus incansables piernas<br \/>\nde las cuales has lucido<br \/>\ntu hermosa y carnosa piel.<\/p>\n<p style=\"text-align: left;\">De ti,<br \/>\nhe gozado,<br \/>\ntu amor, belleza y ternura<br \/>\ndurante toda, toda&#8230;<br \/>\nmi vida.<strong><\/strong><\/p>\n<p style=\"text-align: left;\"><strong>Adri\u00e0 Rodr\u00edguez Mar\u00edn 1rC<br \/>\n<\/strong><\/p>\n<p style=\"text-align: center;\">\n<\/div>\n","protected":false},"excerpt":{"rendered":"<p>Despr\u00e9s d&#8217;haver vist les fotos, en aquesta p\u00e0gina hi trobareu les composicions guanyadores del concurs literari. SOMNI \u00a0Un noi barbut que sempre va molt brut s\u2019ha trobat una noia. Els dos s\u2019han mirat i s\u2019han agradat. \u00a0Tots dos s\u00f3n bons &hellip; <a href=\"https:\/\/www.revista-insaiguaviva.org\/curs2011-2012\/celebracions\/sant-jordi\/\">Continua llegint <span class=\"meta-nav\">&rarr;<\/span><\/a><\/p>\n","protected":false},"author":3,"featured_media":0,"parent":424,"menu_order":0,"comment_status":"closed","ping_status":"closed","template":"","meta":{"footnotes":""},"class_list":["post-856","page","type-page","status-publish","hentry"],"_links":{"self":[{"href":"https:\/\/www.revista-insaiguaviva.org\/curs2011-2012\/wp-json\/wp\/v2\/pages\/856","targetHints":{"allow":["GET"]}}],"collection":[{"href":"https:\/\/www.revista-insaiguaviva.org\/curs2011-2012\/wp-json\/wp\/v2\/pages"}],"about":[{"href":"https:\/\/www.revista-insaiguaviva.org\/curs2011-2012\/wp-json\/wp\/v2\/types\/page"}],"author":[{"embeddable":true,"href":"https:\/\/www.revista-insaiguaviva.org\/curs2011-2012\/wp-json\/wp\/v2\/users\/3"}],"replies":[{"embeddable":true,"href":"https:\/\/www.revista-insaiguaviva.org\/curs2011-2012\/wp-json\/wp\/v2\/comments?post=856"}],"version-history":[{"count":11,"href":"https:\/\/www.revista-insaiguaviva.org\/curs2011-2012\/wp-json\/wp\/v2\/pages\/856\/revisions"}],"predecessor-version":[{"id":1009,"href":"https:\/\/www.revista-insaiguaviva.org\/curs2011-2012\/wp-json\/wp\/v2\/pages\/856\/revisions\/1009"}],"up":[{"embeddable":true,"href":"https:\/\/www.revista-insaiguaviva.org\/curs2011-2012\/wp-json\/wp\/v2\/pages\/424"}],"wp:attachment":[{"href":"https:\/\/www.revista-insaiguaviva.org\/curs2011-2012\/wp-json\/wp\/v2\/media?parent=856"}],"curies":[{"name":"wp","href":"https:\/\/api.w.org\/{rel}","templated":true}]}}