{"id":1062,"date":"2013-06-25T13:36:13","date_gmt":"2013-06-25T11:36:13","guid":{"rendered":"https:\/\/revista-insaiguaviva.org\/curs2012-2013\/?page_id=1062"},"modified":"2013-06-25T13:36:13","modified_gmt":"2013-06-25T11:36:13","slug":"redacciones-2eso","status":"publish","type":"page","link":"https:\/\/www.revista-insaiguaviva.org\/curs2012-2013\/redacciones-2eso\/","title":{"rendered":"Redacciones 2ESO"},"content":{"rendered":"<p lang=\"es-ES\" align=\"JUSTIFY\"><span style=\"font-size: large;\">Hola, me llamo Ainhoa y me gustar\u00eda explicarte c\u00f3mo soy, por si no me conoces. Creo que soy inteligente pero no se me da muy bien aplicar esa virtud, y eso hace que en alg\u00fan sentido sea un\u00a0 defecto.\u00a0 Me gusta tenerlo todo ordenado y limpio aunque siempre me dejo algo por medio.\u00a0 Hay gente que dice que tengo muchas capacidad de aprendizaje, pero s\u00f3lo para las cosas que se me dan bien y realmente me gustan.<\/span><\/p>\n<p lang=\"es-ES\" align=\"JUSTIFY\"><span style=\"font-size: large;\">Otra virtud es la de creer en m\u00ed misma y no ser indecisa, conseguir lo que me propongo, aunque a veces no lo consiga, y un defecto, pensar demasiado en ser perfecta y hacerlo todo bien, porque creo\u00a0 que nadie puede llegar a serlo.\u00a0 Si lo fu\u00e9ramos no tendr\u00edamos personalidad propia, no ser\u00edamos qui\u00e9n somos y ser\u00edamos incapaces de aguantar a los dem\u00e1s\u00a0 <\/span><\/p>\n","protected":false},"excerpt":{"rendered":"<p>Hola, me llamo Ainhoa y me gustar\u00eda explicarte c\u00f3mo soy, por si no me conoces. Creo que soy inteligente pero no se me da muy bien aplicar esa virtud, y eso hace que en alg\u00fan sentido sea un\u00a0 defecto.\u00a0 Me &hellip; <a href=\"https:\/\/www.revista-insaiguaviva.org\/curs2012-2013\/redacciones-2eso\/\">Continua llegint <span class=\"meta-nav\">&rarr;<\/span><\/a><\/p>\n","protected":false},"author":1,"featured_media":0,"parent":0,"menu_order":0,"comment_status":"open","ping_status":"open","template":"","meta":{"footnotes":""},"class_list":["post-1062","page","type-page","status-publish","hentry"],"_links":{"self":[{"href":"https:\/\/www.revista-insaiguaviva.org\/curs2012-2013\/wp-json\/wp\/v2\/pages\/1062","targetHints":{"allow":["GET"]}}],"collection":[{"href":"https:\/\/www.revista-insaiguaviva.org\/curs2012-2013\/wp-json\/wp\/v2\/pages"}],"about":[{"href":"https:\/\/www.revista-insaiguaviva.org\/curs2012-2013\/wp-json\/wp\/v2\/types\/page"}],"author":[{"embeddable":true,"href":"https:\/\/www.revista-insaiguaviva.org\/curs2012-2013\/wp-json\/wp\/v2\/users\/1"}],"replies":[{"embeddable":true,"href":"https:\/\/www.revista-insaiguaviva.org\/curs2012-2013\/wp-json\/wp\/v2\/comments?post=1062"}],"version-history":[{"count":1,"href":"https:\/\/www.revista-insaiguaviva.org\/curs2012-2013\/wp-json\/wp\/v2\/pages\/1062\/revisions"}],"predecessor-version":[{"id":1063,"href":"https:\/\/www.revista-insaiguaviva.org\/curs2012-2013\/wp-json\/wp\/v2\/pages\/1062\/revisions\/1063"}],"wp:attachment":[{"href":"https:\/\/www.revista-insaiguaviva.org\/curs2012-2013\/wp-json\/wp\/v2\/media?parent=1062"}],"curies":[{"name":"wp","href":"https:\/\/api.w.org\/{rel}","templated":true}]}}