{"id":404,"date":"2013-01-14T12:56:08","date_gmt":"2013-01-14T11:56:08","guid":{"rendered":"https:\/\/revista-insaiguaviva.org\/curs2012-2013\/?page_id=404"},"modified":"2013-01-14T13:01:31","modified_gmt":"2013-01-14T12:01:31","slug":"encreuats-1r-deso","status":"publish","type":"page","link":"https:\/\/www.revista-insaiguaviva.org\/curs2012-2013\/activitats\/ciencies-socials\/encreuats-1r-deso\/","title":{"rendered":"Encreuats 1r. d&#8217;ESO"},"content":{"rendered":"<p><a href=\"https:\/\/revista-insaiguaviva.org\/curs2012-2013\/wp-content\/uploads\/2013\/01\/CAPITALS-RIUS-I-LLACS-DEL-M\u00d3N-MELANIE-del-VALLE-I-CAMILA-COWEL-1C.pdf\">CAPITALS, RIUS I LLACS DEL M\u00d3N MELANIE del VALLE I CAMILA COWEL 1C<\/a><\/p>\n<p><a href=\"https:\/\/revista-insaiguaviva.org\/curs2012-2013\/wp-content\/uploads\/2013\/01\/ENCREUAT-ILLES-DEL-M\u00d3N-JOEL-DIAZ-1B.pdf\">ENCREUAT ILLES DEL M\u00d3N JOEL DIAZ 1B<\/a><\/p>\n<p><a href=\"https:\/\/revista-insaiguaviva.org\/curs2012-2013\/wp-content\/uploads\/2013\/01\/ILLES-DEL-M\u00d3N-JUBAL-ESCUD\u00c9-1B.pdf\">ILLES DEL M\u00d3N JUBAL ESCUD\u00c9 1B<\/a><\/p>\n<p><a href=\"https:\/\/revista-insaiguaviva.org\/curs2012-2013\/wp-content\/uploads\/2013\/01\/Rius-d\u00b4Africa-Xenia-Gonzalez-i-Celia-Batista-1c-.pdf\">Rius d\u00b4Africa Xenia Gonzalez i Celia Batista 1c<\/a><\/p>\n<p><a href=\"https:\/\/revista-insaiguaviva.org\/curs2012-2013\/wp-content\/uploads\/2013\/01\/ILLES-EUROPA-MIRIAM-HERRANZ-1B.pdf\">ILLES EUROPA MIRIAM HERRANZ 1B<\/a><\/p>\n<p><a href=\"https:\/\/revista-insaiguaviva.org\/curs2012-2013\/wp-content\/uploads\/2013\/01\/RIUS-DEL-M\u00d3N-Sergi-Moron-Pau-Vela-i-Abel-Pujol-1C.doc\">RIUS DEL M\u00d3N, Sergi Moron, Pau Vela i Abel Pujol 1C<\/a><\/p>\n<p>&nbsp;<\/p>\n","protected":false},"excerpt":{"rendered":"<p>CAPITALS, RIUS I LLACS DEL M\u00d3N MELANIE del VALLE I CAMILA COWEL 1C ENCREUAT ILLES DEL M\u00d3N JOEL DIAZ 1B ILLES DEL M\u00d3N JUBAL ESCUD\u00c9 1B Rius d\u00b4Africa Xenia Gonzalez i Celia Batista 1c ILLES EUROPA MIRIAM HERRANZ 1B RIUS &hellip; <a href=\"https:\/\/www.revista-insaiguaviva.org\/curs2012-2013\/activitats\/ciencies-socials\/encreuats-1r-deso\/\">Continua llegint <span class=\"meta-nav\">&rarr;<\/span><\/a><\/p>\n","protected":false},"author":3,"featured_media":0,"parent":46,"menu_order":0,"comment_status":"open","ping_status":"open","template":"","meta":{"footnotes":""},"class_list":["post-404","page","type-page","status-publish","hentry"],"_links":{"self":[{"href":"https:\/\/www.revista-insaiguaviva.org\/curs2012-2013\/wp-json\/wp\/v2\/pages\/404","targetHints":{"allow":["GET"]}}],"collection":[{"href":"https:\/\/www.revista-insaiguaviva.org\/curs2012-2013\/wp-json\/wp\/v2\/pages"}],"about":[{"href":"https:\/\/www.revista-insaiguaviva.org\/curs2012-2013\/wp-json\/wp\/v2\/types\/page"}],"author":[{"embeddable":true,"href":"https:\/\/www.revista-insaiguaviva.org\/curs2012-2013\/wp-json\/wp\/v2\/users\/3"}],"replies":[{"embeddable":true,"href":"https:\/\/www.revista-insaiguaviva.org\/curs2012-2013\/wp-json\/wp\/v2\/comments?post=404"}],"version-history":[{"count":4,"href":"https:\/\/www.revista-insaiguaviva.org\/curs2012-2013\/wp-json\/wp\/v2\/pages\/404\/revisions"}],"predecessor-version":[{"id":415,"href":"https:\/\/www.revista-insaiguaviva.org\/curs2012-2013\/wp-json\/wp\/v2\/pages\/404\/revisions\/415"}],"up":[{"embeddable":true,"href":"https:\/\/www.revista-insaiguaviva.org\/curs2012-2013\/wp-json\/wp\/v2\/pages\/46"}],"wp:attachment":[{"href":"https:\/\/www.revista-insaiguaviva.org\/curs2012-2013\/wp-json\/wp\/v2\/media?parent=404"}],"curies":[{"name":"wp","href":"https:\/\/api.w.org\/{rel}","templated":true}]}}