{"id":446,"date":"2013-01-14T15:46:57","date_gmt":"2013-01-14T14:46:57","guid":{"rendered":"https:\/\/revista-insaiguaviva.org\/curs2012-2013\/?page_id=446"},"modified":"2013-01-29T19:54:07","modified_gmt":"2013-01-29T18:54:07","slug":"carta-a-los-reyes-magos","status":"publish","type":"page","link":"https:\/\/www.revista-insaiguaviva.org\/curs2012-2013\/activitats\/llengua-castellana\/carta-a-los-reyes-magos\/","title":{"rendered":"Carta a los Reyes Magos"},"content":{"rendered":"<p>Queridos Reyes Magos,<\/p>\n<p>Este a\u00f1o voy a pedir para mi familia. S\u00e9 que mi padre necesita un trabajo y quiero que lo consiga, pero que sea de transportista, como a \u00e9l le gusta. Para mi madre, como no tiene mucha faena en la peluquer\u00eda, a ver si le toca la loter\u00eda y monta su propio negocio, as\u00ed las cosas nos ir\u00e1n mejor. A mi perra Aroha, como cada a\u00f1o le sale una operaci\u00f3n, le pido que no le tengan que operar m\u00e1s, que tenga buena salud.<\/p>\n<p>Y, por \u00faltimo, para m\u00ed mismo deseo feliz Navidad y pr\u00f3spero a\u00f1o nuevo, y, en general, paz y amor para todos, como los hippies.<\/p>\n<p>SERGIO CARMONA<\/p>\n<div>\n<p>1A ESO<\/p>\n<p>&nbsp;<\/p>\n<\/div>\n<p>&nbsp;<\/p>\n<p>Queridos Reyes Magos,<\/p>\n<p>Ya s\u00e9 que no me he portado muy bien este a\u00f1o tirando la piedra a Melchor. Pero quiero pediros lo siguiente: una PS3 con el mando <em>move<\/em> y el <em>Libro de hechizos de Harry Potter<\/em>, s\u00ed, ese de los anuncios de televisi\u00f3n.<\/p>\n<p>Para mi primita Mar\u00eda, una mu\u00f1eca rubio platino de pol\u00edmero sint\u00e9tico, que muestre una verdadera adolescente adinerada actual, con ojos asim\u00e9tricos de color verde azabache; tiene que medir 35 cm y debe llevar un conjunto de \u00c1gatha Ruiz de la Prada. Ya lo s\u00e9, mi prima es muy exigente con sus mu\u00f1ecos.<\/p>\n<p>Para mi hermano mayor (otro exigente) un Iphone5 y una WII Sports, que es muy vago.<\/p>\n<p>Para mi otro hermano (el otro exigente) ropa <em>Nike<\/em>, perfume <em>Axe<\/em>\u2026<\/p>\n<p>Mi madre no pide tanto, solo que nos portemos bien y no desordenemos nuestros cuartos.<\/p>\n<p>Para mi abuelita una mu\u00f1eca de porcelana, para recompensar que de peque\u00f1o le romp\u00ed la suya, que era de los a\u00f1os cuarenta.<\/p>\n<p>Gracias, Reyes Magos.<\/p>\n<p>Nicol\u00e1s<\/p>\n<p>PD: Perd\u00f3n, Rey Melchor.<\/p>\n<p>NICOL\u00c1S P\u00c1EZ<\/p>\n<div>\n<p>1B ESO<\/p>\n<\/div>\n<p>&nbsp;<\/p>\n","protected":false},"excerpt":{"rendered":"<p>Queridos Reyes Magos, Este a\u00f1o voy a pedir para mi familia. S\u00e9 que mi padre necesita un trabajo y quiero que lo consiga, pero que sea de transportista, como a \u00e9l le gusta. Para mi madre, como no tiene mucha &hellip; <a href=\"https:\/\/www.revista-insaiguaviva.org\/curs2012-2013\/activitats\/llengua-castellana\/carta-a-los-reyes-magos\/\">Continua llegint <span class=\"meta-nav\">&rarr;<\/span><\/a><\/p>\n","protected":false},"author":1,"featured_media":0,"parent":44,"menu_order":0,"comment_status":"open","ping_status":"open","template":"","meta":{"footnotes":""},"class_list":["post-446","page","type-page","status-publish","hentry"],"_links":{"self":[{"href":"https:\/\/www.revista-insaiguaviva.org\/curs2012-2013\/wp-json\/wp\/v2\/pages\/446","targetHints":{"allow":["GET"]}}],"collection":[{"href":"https:\/\/www.revista-insaiguaviva.org\/curs2012-2013\/wp-json\/wp\/v2\/pages"}],"about":[{"href":"https:\/\/www.revista-insaiguaviva.org\/curs2012-2013\/wp-json\/wp\/v2\/types\/page"}],"author":[{"embeddable":true,"href":"https:\/\/www.revista-insaiguaviva.org\/curs2012-2013\/wp-json\/wp\/v2\/users\/1"}],"replies":[{"embeddable":true,"href":"https:\/\/www.revista-insaiguaviva.org\/curs2012-2013\/wp-json\/wp\/v2\/comments?post=446"}],"version-history":[{"count":4,"href":"https:\/\/www.revista-insaiguaviva.org\/curs2012-2013\/wp-json\/wp\/v2\/pages\/446\/revisions"}],"predecessor-version":[{"id":494,"href":"https:\/\/www.revista-insaiguaviva.org\/curs2012-2013\/wp-json\/wp\/v2\/pages\/446\/revisions\/494"}],"up":[{"embeddable":true,"href":"https:\/\/www.revista-insaiguaviva.org\/curs2012-2013\/wp-json\/wp\/v2\/pages\/44"}],"wp:attachment":[{"href":"https:\/\/www.revista-insaiguaviva.org\/curs2012-2013\/wp-json\/wp\/v2\/media?parent=446"}],"curies":[{"name":"wp","href":"https:\/\/api.w.org\/{rel}","templated":true}]}}