{"id":493,"date":"2013-01-26T14:36:02","date_gmt":"2013-01-26T13:36:02","guid":{"rendered":"https:\/\/revista-insaiguaviva.org\/curs2012-2013\/?page_id=493"},"modified":"2013-01-26T15:11:27","modified_gmt":"2013-01-26T14:11:27","slug":"excusas","status":"publish","type":"page","link":"https:\/\/www.revista-insaiguaviva.org\/curs2012-2013\/activitats\/llengua-castellana\/excusas\/","title":{"rendered":"\u00a1Excusas!"},"content":{"rendered":"<p><em>Los alumnos de primero de ESO han imaginado que ten\u00edan hijos e hijas de quince a\u00f1os y han inventado disculpas para ellos porque no han llevado los deberes hechos o porque no han acudido a clase. Leed, leed\u2026<\/em><\/p>\n<p><strong>\u00a0<\/strong><br \/>\nProfesor Mc.Court,<\/p>\n<p>Le escribo desde la central del ej\u00e9rcito de EEUU. Ayer unos hombres irrumpieron en mi casa y me llevaron en un helic\u00f3ptero con una bolsa en la cabeza. Me dieron muchas palizas y cuando despert\u00e9 estaba en medio de disparos, bombas, hombres desangr\u00e1ndose y mucho miedo. Consegu\u00ed escapar de esa masacre y llegue a la central del ej\u00e9rcito de EEUU donde el presidente me recibi\u00f3. Probablemente no salga de aqu\u00ed, as\u00ed que, por favor, h\u00e1game usted todos los deberes, se lo suplico.<\/p>\n<p>Alex Reyes Artacho<\/p>\n<p>Coronel de las tropas de asalto de EEUU<\/p>\n<div>\n<p>1A ESO<\/p>\n<\/div>\n<p>&nbsp;<\/p>\n<p>Mi hija no ha venido a clase porque estaba jugando con su hermano a &#8221;Goku&#8221; y le dije que se ten\u00eda que ir al instituto. Ella no quiso y me hizo un &#8221;Kamekameka&#8221; y me fui a urgencias y ella se qued\u00f3 en casa hasta que me dieron el alta.<\/p>\n<p>&nbsp;<\/p>\n<p>Mi hija no ha venido a clase porque le revent\u00f3 la nariz al chocarse con un extintor en casa. Fuimos al hospital y el m\u00e9dico dijo que tenia &#8221;DEBEROTITIS&#8221;. Le pregunt\u00e9 qu\u00e9 era eso y \u00e9l contest\u00f3 que era exceso de deberes, ansiedad y, por supuesto, alergia a la tinta del boli.<\/p>\n<p>&nbsp;<\/p>\n<p>Mi hija ha venido tarde porque, justo al salir por la puerta, su hermano le cogi\u00f3 el pie y le dijo:<\/p>\n<p>-Si sales por esa puerta se abrir\u00e1 un agujero negro en la cocina y los Gremlins no tendr\u00e1n donde vivir, las hadas se morir\u00e1n y se quedar\u00e1n sin polvo de hada&#8230;<\/p>\n<p>Y como su hermana es tan buena, le hizo caso.<\/p>\n<p>Hajar Guetbach<\/p>\n<div>\n<p>1B ESO<\/p>\n<\/div>\n<p><strong>\u00a0<\/strong><\/p>\n<div>\n<p>Profesor ayer falt\u00e9 a clase porque cuando fui a trabajar con mi padre un perro se me comi\u00f3\u00a0 los deberes de sociales y por eso no los traje. Despu\u00e9s con los de castellano, mi hermano mayor se enfad\u00f3 conmigo y me\u00a0 los rompi\u00f3. Por \u00faltimo, con los deberes de mates, cuando sal\u00eda de mi casa se me cayeron en un charco, y cuando los intent\u00e9 secar se me quemaron.<\/p>\n<p>Pep Pau Palacios<\/p>\n<p>1B ESO<\/p>\n<\/div>\n<p><strong>\u00a0<\/strong><\/p>\n<p>Mi hija no ha hecho los deberes porque ayer vinieron mi hermana, mi cu\u00f1ado y mis sobrinos, y mi sobrino de 9 a\u00f1os le rompi\u00f3 la pierna a una de sus mu\u00f1ecas preferidas y estuvo muy entretenida peg\u00e1ndole.<\/p>\n<p>Jazmina Franco<\/p>\n<div>\n<p>1B ESO<\/p>\n<\/div>\n<p><strong>\u00a0<\/strong><\/p>\n<p>Mi hija Mireia no ha podido ir a clase porque su hermano le rompi\u00f3 un poster de \u201cOne Direction\u201d y Mireia cay\u00f3 en una grave depresi\u00f3n. Hasta que \u201cOne Direction\u201d fueron a visitarla al hospital.<\/p>\n<p>Mireia Fortu\u00f1o<\/p>\n<div>\n<p>1B ESO<\/p>\n<\/div>\n<p>&nbsp;<\/p>\n<p>Hola, no ir\u00e9 al colegio porque me ca\u00ed de la cama y me fractur\u00e9 una rodilla y varias costillas.<\/p>\n<p>Iv\u00e1n Carrasco<\/p>\n<div>\n<p>1B ESO<\/p>\n<\/div>\n<p>&nbsp;<\/p>\n<p>Mi hijo hoy no ha podido ir al colegio porque ayer se desmay\u00f3 al hacer los deberes y ahora est\u00e1 en el hospital.<\/p>\n<p>Adri\u00e1n Berm\u00fadez<\/p>\n<div>\n<p>1B ESO<\/p>\n<\/div>\n","protected":false},"excerpt":{"rendered":"<p>Los alumnos de primero de ESO han imaginado que ten\u00edan hijos e hijas de quince a\u00f1os y han inventado disculpas para ellos porque no han llevado los deberes hechos o porque no han acudido a clase. Leed, leed\u2026 \u00a0 Profesor &hellip; <a href=\"https:\/\/www.revista-insaiguaviva.org\/curs2012-2013\/activitats\/llengua-castellana\/excusas\/\">Continua llegint <span class=\"meta-nav\">&rarr;<\/span><\/a><\/p>\n","protected":false},"author":1,"featured_media":0,"parent":44,"menu_order":0,"comment_status":"open","ping_status":"open","template":"","meta":{"footnotes":""},"class_list":["post-493","page","type-page","status-publish","hentry"],"_links":{"self":[{"href":"https:\/\/www.revista-insaiguaviva.org\/curs2012-2013\/wp-json\/wp\/v2\/pages\/493","targetHints":{"allow":["GET"]}}],"collection":[{"href":"https:\/\/www.revista-insaiguaviva.org\/curs2012-2013\/wp-json\/wp\/v2\/pages"}],"about":[{"href":"https:\/\/www.revista-insaiguaviva.org\/curs2012-2013\/wp-json\/wp\/v2\/types\/page"}],"author":[{"embeddable":true,"href":"https:\/\/www.revista-insaiguaviva.org\/curs2012-2013\/wp-json\/wp\/v2\/users\/1"}],"replies":[{"embeddable":true,"href":"https:\/\/www.revista-insaiguaviva.org\/curs2012-2013\/wp-json\/wp\/v2\/comments?post=493"}],"version-history":[{"count":6,"href":"https:\/\/www.revista-insaiguaviva.org\/curs2012-2013\/wp-json\/wp\/v2\/pages\/493\/revisions"}],"predecessor-version":[{"id":504,"href":"https:\/\/www.revista-insaiguaviva.org\/curs2012-2013\/wp-json\/wp\/v2\/pages\/493\/revisions\/504"}],"up":[{"embeddable":true,"href":"https:\/\/www.revista-insaiguaviva.org\/curs2012-2013\/wp-json\/wp\/v2\/pages\/44"}],"wp:attachment":[{"href":"https:\/\/www.revista-insaiguaviva.org\/curs2012-2013\/wp-json\/wp\/v2\/media?parent=493"}],"curies":[{"name":"wp","href":"https:\/\/api.w.org\/{rel}","templated":true}]}}