{"id":611,"date":"2013-02-13T16:00:36","date_gmt":"2013-02-13T15:00:36","guid":{"rendered":"https:\/\/revista-insaiguaviva.org\/curs2012-2013\/?page_id=611"},"modified":"2013-02-15T18:34:16","modified_gmt":"2013-02-15T17:34:16","slug":"frances","status":"publish","type":"page","link":"https:\/\/www.revista-insaiguaviva.org\/curs2012-2013\/activitats\/llengues-estrangeres\/frances\/","title":{"rendered":"Franc\u00e8s"},"content":{"rendered":"<p style=\"text-align: justify;\">El dia 1 de febrer va ser l&#8217;ultim dia de franc\u00e8s. Vam estar fent creps amb una crepera que va portar en Ricard (el nostre professor de franc\u00e8s). Ens vam repartir el que hi hav\u00edem de portar (plats, gots, suc de poma, tovallons&#8230;). Cadasc\u00fa va sortir davant de tots a fer la seva crep i vam posar nocilla o melmelada. La majoria de nosaltres la vam fer de nocilla. Quan tothom ja havia fet la seva crep, ens vam asseure a la taula i el Ricard ens va sorprendre amb la pel\u00b7l\u00edcula de &#8220;Paris, je t&#8217;aime&#8221;. Quan se&#8217;ns va acabar el temps, vam netejar l&#8217;aula i vam recollir-ho tot. Tots nosaltres vam marxar a les nostres classes havent menjat un bon esmorzar franc\u00e8s!<\/p>\n<div>Va ser una classe\u00a0<em>parfaite<\/em>!!<em>\u00a0<\/em><\/div>\n<div><\/div>\n<div><strong>Martina Azlor, Marina Alc\u00e1ntara i Sonia Lacasa 2n. C<\/strong><\/div>\n<p style=\"text-align: justify;\">\u00a0<em>Si mireu les fotos, us podreu fer una idea de com va la cosa:<\/em><\/p>\n<p><a href=\"https:\/\/revista-insaiguaviva.org\/curs2012-2013\/wp-content\/uploads\/2013\/02\/IMG-20130204-WA0004.jpg\"><img loading=\"lazy\" decoding=\"async\" class=\"alignnone size-thumbnail wp-image-613\" title=\"IMG-20130204-WA0004\" src=\"https:\/\/revista-insaiguaviva.org\/curs2012-2013\/wp-content\/uploads\/2013\/02\/IMG-20130204-WA0004-150x150.jpg\" alt=\"\" width=\"150\" height=\"150\" \/><\/a><a href=\"https:\/\/revista-insaiguaviva.org\/curs2012-2013\/wp-content\/uploads\/2013\/02\/IMG-20130201-WA0010.jpg\"><img loading=\"lazy\" decoding=\"async\" class=\"alignnone size-thumbnail wp-image-614\" title=\"IMG-20130201-WA0010\" src=\"https:\/\/revista-insaiguaviva.org\/curs2012-2013\/wp-content\/uploads\/2013\/02\/IMG-20130201-WA0010-150x150.jpg\" alt=\"\" width=\"150\" height=\"150\" \/><\/a><a href=\"https:\/\/revista-insaiguaviva.org\/curs2012-2013\/wp-content\/uploads\/2013\/02\/IMG-20130204-WA0003.jpg\"><img loading=\"lazy\" decoding=\"async\" class=\"alignnone size-thumbnail wp-image-615\" title=\"IMG-20130204-WA0003\" src=\"https:\/\/revista-insaiguaviva.org\/curs2012-2013\/wp-content\/uploads\/2013\/02\/IMG-20130204-WA0003-150x150.jpg\" alt=\"\" width=\"150\" height=\"150\" \/><\/a><a href=\"https:\/\/revista-insaiguaviva.org\/curs2012-2013\/wp-content\/uploads\/2013\/02\/IMG-20130204-WA0005.jpg\"><img loading=\"lazy\" decoding=\"async\" class=\"alignnone size-thumbnail wp-image-616\" title=\"IMG-20130204-WA0005\" src=\"https:\/\/revista-insaiguaviva.org\/curs2012-2013\/wp-content\/uploads\/2013\/02\/IMG-20130204-WA0005-150x150.jpg\" alt=\"\" width=\"150\" height=\"150\" \/><\/a><a href=\"https:\/\/revista-insaiguaviva.org\/curs2012-2013\/wp-content\/uploads\/2013\/02\/IMG-20130204-WA0007.jpg\"><img loading=\"lazy\" decoding=\"async\" class=\"alignnone size-thumbnail wp-image-617\" title=\"IMG-20130204-WA0007\" src=\"https:\/\/revista-insaiguaviva.org\/curs2012-2013\/wp-content\/uploads\/2013\/02\/IMG-20130204-WA0007-150x150.jpg\" alt=\"\" width=\"150\" height=\"150\" \/><\/a><a href=\"https:\/\/revista-insaiguaviva.org\/curs2012-2013\/wp-content\/uploads\/2013\/02\/IMG-20130204-WA0010.jpg\"><img loading=\"lazy\" decoding=\"async\" class=\"alignnone size-thumbnail wp-image-618\" title=\"IMG-20130204-WA0010\" src=\"https:\/\/revista-insaiguaviva.org\/curs2012-2013\/wp-content\/uploads\/2013\/02\/IMG-20130204-WA0010-150x150.jpg\" alt=\"\" width=\"150\" height=\"150\" \/><\/a><\/p>\n<p><strong>Recepta:<\/strong><\/p>\n<p>Per fer unes bones creps, prepareu la pasta amb els ingredients seg\u00fcents: 3 ous, 1\/2 litre de llet, 250 g de farina, 30 g de mantega fosa i una mica de sal (si les prepareu per a 16 alumnes de 2n. d&#8217;ESO, multipliqueu-ho tot per dos).<\/p>\n<p>Deixeu reposar la massa almenys una hora. Feu-les molt fines en una paella amb una miqueta de mantega i farciu-les del que vulgueu (la Nocilla o la Nutella, \u00e9s el que m\u00e9s triomfa).<\/p>\n<p>&nbsp;<\/p>\n<p>&nbsp;<\/p>\n<p>&nbsp;<\/p>\n","protected":false},"excerpt":{"rendered":"<p>El dia 1 de febrer va ser l&#8217;ultim dia de franc\u00e8s. Vam estar fent creps amb una crepera que va portar en Ricard (el nostre professor de franc\u00e8s). Ens vam repartir el que hi hav\u00edem de portar (plats, gots, suc &hellip; <a href=\"https:\/\/www.revista-insaiguaviva.org\/curs2012-2013\/activitats\/llengues-estrangeres\/frances\/\">Continua llegint <span class=\"meta-nav\">&rarr;<\/span><\/a><\/p>\n","protected":false},"author":3,"featured_media":0,"parent":608,"menu_order":0,"comment_status":"open","ping_status":"open","template":"","meta":{"footnotes":""},"class_list":["post-611","page","type-page","status-publish","hentry"],"_links":{"self":[{"href":"https:\/\/www.revista-insaiguaviva.org\/curs2012-2013\/wp-json\/wp\/v2\/pages\/611","targetHints":{"allow":["GET"]}}],"collection":[{"href":"https:\/\/www.revista-insaiguaviva.org\/curs2012-2013\/wp-json\/wp\/v2\/pages"}],"about":[{"href":"https:\/\/www.revista-insaiguaviva.org\/curs2012-2013\/wp-json\/wp\/v2\/types\/page"}],"author":[{"embeddable":true,"href":"https:\/\/www.revista-insaiguaviva.org\/curs2012-2013\/wp-json\/wp\/v2\/users\/3"}],"replies":[{"embeddable":true,"href":"https:\/\/www.revista-insaiguaviva.org\/curs2012-2013\/wp-json\/wp\/v2\/comments?post=611"}],"version-history":[{"count":5,"href":"https:\/\/www.revista-insaiguaviva.org\/curs2012-2013\/wp-json\/wp\/v2\/pages\/611\/revisions"}],"predecessor-version":[{"id":640,"href":"https:\/\/www.revista-insaiguaviva.org\/curs2012-2013\/wp-json\/wp\/v2\/pages\/611\/revisions\/640"}],"up":[{"embeddable":true,"href":"https:\/\/www.revista-insaiguaviva.org\/curs2012-2013\/wp-json\/wp\/v2\/pages\/608"}],"wp:attachment":[{"href":"https:\/\/www.revista-insaiguaviva.org\/curs2012-2013\/wp-json\/wp\/v2\/media?parent=611"}],"curies":[{"name":"wp","href":"https:\/\/api.w.org\/{rel}","templated":true}]}}