{"id":632,"date":"2013-02-14T19:36:08","date_gmt":"2013-02-14T18:36:08","guid":{"rendered":"https:\/\/revista-insaiguaviva.org\/curs2012-2013\/?page_id=632"},"modified":"2013-02-15T13:04:46","modified_gmt":"2013-02-15T12:04:46","slug":"futbol","status":"publish","type":"page","link":"https:\/\/www.revista-insaiguaviva.org\/curs2012-2013\/extraescolars\/futbol\/","title":{"rendered":"Futbol"},"content":{"rendered":"<p style=\"text-align: justify;\">Al principi de tot, els entrenaments per mi eren molt dif\u00edcils, per\u00f2 ara s\u00f3n f\u00e0cils. Cada dia l&#8217;entrenador fa exercicis diferents, o exercicis espec\u00edfics com ara fer controls amb la pilota, xuts o aturades per al porter. L&#8217;entrenador no vol que siguem perfectes, sin\u00f3 que anem millorant com a jugadors i persones.<\/p>\n<p style=\"text-align: justify;\">El primer partit que vam fer va ser contra el Gallecs, un equip d&#8217;institut molt fort i amb <a href=\"https:\/\/revista-insaiguaviva.org\/curs2012-2013\/wp-content\/uploads\/2013\/02\/DSCF6707.jpg\"><img loading=\"lazy\" decoding=\"async\" class=\"alignright size-thumbnail wp-image-659\" title=\"DSCF6707\" src=\"https:\/\/revista-insaiguaviva.org\/curs2012-2013\/wp-content\/uploads\/2013\/02\/DSCF6707-150x150.jpg\" alt=\"\" width=\"150\" height=\"150\" \/><\/a>jugadors molt forts. Nosaltres no ten\u00edem experi\u00e8ncia i encara no ens coneix\u00edem b\u00e9 i per aix\u00f2 vam perdre. Ens van apallissar 6 a 2. L&#8217;entrenador ens va haver de fer una xerrada a cadasc\u00fa, perqu\u00e8 ens va veure molt per sota del nostre nivell. Per\u00f2 hem anat millorant partit darrere partit i hem millorat resultats.<\/p>\n<p style=\"text-align: justify;\">Ara ens coneixem m\u00e9s i som m\u00e9s bons com a jugadors i com a persones. A l&#8217;\u00faltim entrenament que vam fer l&#8217;entrenador ens va posar deures per fer. Eren tres preguntes: <em>Qu\u00e8 em motivaria abans d&#8217;un partit? Qu\u00e8 milloraria de mi\u00a0 i i de l&#8217;equip? Qu\u00e8 ens faria por?<\/em><\/p>\n<p style=\"text-align: justify;\"><strong>Xavi David Ortiz 2n. ESO B<\/strong><\/p>\n<p>&nbsp;<\/p>\n","protected":false},"excerpt":{"rendered":"<p>Al principi de tot, els entrenaments per mi eren molt dif\u00edcils, per\u00f2 ara s\u00f3n f\u00e0cils. Cada dia l&#8217;entrenador fa exercicis diferents, o exercicis espec\u00edfics com ara fer controls amb la pilota, xuts o aturades per al porter. L&#8217;entrenador no vol &hellip; <a href=\"https:\/\/www.revista-insaiguaviva.org\/curs2012-2013\/extraescolars\/futbol\/\">Continua llegint <span class=\"meta-nav\">&rarr;<\/span><\/a><\/p>\n","protected":false},"author":3,"featured_media":0,"parent":18,"menu_order":0,"comment_status":"open","ping_status":"open","template":"","meta":{"footnotes":""},"class_list":["post-632","page","type-page","status-publish","hentry"],"_links":{"self":[{"href":"https:\/\/www.revista-insaiguaviva.org\/curs2012-2013\/wp-json\/wp\/v2\/pages\/632","targetHints":{"allow":["GET"]}}],"collection":[{"href":"https:\/\/www.revista-insaiguaviva.org\/curs2012-2013\/wp-json\/wp\/v2\/pages"}],"about":[{"href":"https:\/\/www.revista-insaiguaviva.org\/curs2012-2013\/wp-json\/wp\/v2\/types\/page"}],"author":[{"embeddable":true,"href":"https:\/\/www.revista-insaiguaviva.org\/curs2012-2013\/wp-json\/wp\/v2\/users\/3"}],"replies":[{"embeddable":true,"href":"https:\/\/www.revista-insaiguaviva.org\/curs2012-2013\/wp-json\/wp\/v2\/comments?post=632"}],"version-history":[{"count":4,"href":"https:\/\/www.revista-insaiguaviva.org\/curs2012-2013\/wp-json\/wp\/v2\/pages\/632\/revisions"}],"predecessor-version":[{"id":638,"href":"https:\/\/www.revista-insaiguaviva.org\/curs2012-2013\/wp-json\/wp\/v2\/pages\/632\/revisions\/638"}],"up":[{"embeddable":true,"href":"https:\/\/www.revista-insaiguaviva.org\/curs2012-2013\/wp-json\/wp\/v2\/pages\/18"}],"wp:attachment":[{"href":"https:\/\/www.revista-insaiguaviva.org\/curs2012-2013\/wp-json\/wp\/v2\/media?parent=632"}],"curies":[{"name":"wp","href":"https:\/\/api.w.org\/{rel}","templated":true}]}}