{"id":693,"date":"2013-02-16T14:13:59","date_gmt":"2013-02-16T13:13:59","guid":{"rendered":"https:\/\/revista-insaiguaviva.org\/curs2012-2013\/?page_id=693"},"modified":"2013-02-19T16:16:20","modified_gmt":"2013-02-19T15:16:20","slug":"lectures-1-b-eso","status":"publish","type":"page","link":"https:\/\/www.revista-insaiguaviva.org\/curs2012-2013\/activitats\/taller-de-llengues\/les-vostres-recomanacions-de-lectures-2\/lectures-1-b-eso\/","title":{"rendered":"Lectures 1 B ESO"},"content":{"rendered":"<p><strong><em>LES VOSTRES RECOMANACIONS DE LECTURES\u00a0 \u00a0&#8211;\u00a0\u00a0 1 B ESO<\/em><\/strong><\/p>\n<ul>\n<li>\u00a0<strong><em>Ger\u00f3nimo Stilton<\/em><\/strong><\/li>\n<\/ul>\n<p>El llibre m\u2019ha semblat avorrit al principi, per\u00f2 a cada p\u00e0gina que avan\u00e7o, m\u00e9s interessant es fa la hist\u00f2ria&#8230;Tracta d\u2019un grup \u201cd\u2019amigues ratolines\u201d, que tenien una excursi\u00f3 a Paris, Fran\u00e7a.<\/p>\n<p>La Coco, la ratolina m\u00e9s presumida, tenia una amiga a Paris que anava a classes de disseny de moda, tenia un professor simp\u00e0tic, tan simp\u00e0tic que no semblava sospit\u00f3s. I dic aix\u00f2 de sospit\u00f3s perqu\u00e8 a l\u2019amigueta de la Coco li han robat els seus vestits que tenia pensat posar-se per a la desfilada al costat de la Torre Eiffel. Les amigues volien ajudar a la amiga de la Coco a buscar els seus vestits per a la desfilada, troben pistes, i senyals sospitoses. L\u2019amiga de la Coco, regala a la Coco una tela preciosa, de color rosa, i gr\u00e0cies a aquella tela, el misteri devaneix&#8230;<\/p>\n<p>No vull avan\u00e7ar m\u00e9s la hist\u00f2ria del llibre, perqu\u00e8 vull que tamb\u00e9 vosaltres tingueu la mateixa experi\u00e8ncia que jo!<\/p>\n<p>Hajar Guetbach<\/p>\n<p>1 B ESO<\/p>\n<ul>\n<li>\u00a0<strong>Mary RODGERS, <em>Quin dia tan b\u00e8stia!<\/em><\/strong><\/li>\n<\/ul>\n<p>El llibre <em>Quin dia tan b\u00e8stia!, <\/em>de l\u2019escriptora Mary Rodgers, tracta d\u2019una nena que \u00faltimament es baralla massa amb la seva mare. Un dia s\u2019aixeca i nota que alguna cosa no \u00e9s com sempre\u2026es mira al mirall i veu que\u2026s\u2019ha convertit en la seva mare! Al principi pensa que ser\u00e0 molt \u201cguai\u201d per\u00f2 va passant el temps i s\u2019adona de que tot es complica i comencen a passar coses que li faran canviar d\u2019opini\u00f3 respecte a la vida de la seva mare.<\/p>\n<p>Aquest llibre est\u00e0 prou b\u00e9 perqu\u00e8 \u00e9s divertit i graci\u00f3s, no t\u2019avorreixes llegint-lo!<\/p>\n<p>Cl\u00e0udia Ulldemolins<\/p>\n<p>1 B ESO<\/p>\n<ul>\n<li>\u00a0<strong>Stephanie MEYER, <em>La segona vida de Bree Tanner<\/em><\/strong><\/li>\n<\/ul>\n<p>El llibre que m\u2019he llegit es diu <em>La segona vida de BreeTanner<\/em> i tracta sobre una noia que va sortir a una pel\u00b7l\u00edcula de la saga <em>Crepuscle<\/em> (no se si la recordareu&#8230;) que es converteix en un vampir y es menja gent. Ella pensa que aix\u00f2 de ser vampira li avorreix, fins que coneix un noi que es diu Diego, que es converteix en una persona molt especial per ella\u2026 I des d\u2019aquell dia tot va canviar\u2026<\/p>\n<p>Es un llibre que m\u2019ha agradat molt\u00a0 (tot i que sigui una mica s\u00e0dic&#8230;). M\u2019ha encantat! El recomano per a les persones que s\u2019hagin llegit els llibres de la Saga<em> Crepuscle <\/em>i a qui li agradin els llibres de vampirs i coses sobrenaturals&#8230;<\/p>\n<p>M\u00edriam Herranz<\/p>\n<p>1 B ESO<\/p>\n<ul>\n<li>\u00a0<strong>Dav PILKEY, <em>Els Mocoroborts Rid\u00edculs<\/em><\/strong><\/li>\n<\/ul>\n<p>A mi el llibre del <em>Els Mocoroborts Rid\u00edculs<\/em>, del Dav PILKEY, m\u2019ha agradat molt perqu\u00e8 es f\u00e0cil de llegir i molt divertit. Us el recomano sobretot si busqueu un llibre d\u2019aventures i de com\u00e8dia.<\/p>\n<p>Oriol Merchan<\/p>\n<p>1 B ESO<\/p>\n<ul>\n<li>\u00a0<strong>Thomas BREZINA, <em>Els meus montres<\/em><\/strong><\/li>\n<\/ul>\n<p>Tracta sobre un nen de 10 anys a qui li agrada el monopat\u00ed. Un dia va anar a una casa abandonada amb la seva germana. Van tenir molta por i ens van \u00a0anar corrents. I ara estan cagats de por.<\/p>\n<p>Ramon Al\u00ednquer<\/p>\n<p>1 B ESO<\/p>\n<ul>\n<li>\u00a0<strong><em>Tea Stilton<\/em><\/strong><\/li>\n<\/ul>\n<p>El llibre m\u2019ha agradat molt perqu\u00e8 tracta d\u2019unes amigues, les \u201cTea sisters\u201d que havien \u00a0de fer una expedici\u00f3 a Alaska per salvar-la del desgla\u00e7.<\/p>\n<p>Us recomano aquest llibre perqu\u00e8 l\u2019aventura \u00e9s molt impressionant i fa molta graci\u00e0.<\/p>\n<p>Pep Pau Palacios<\/p>\n<p>1 B ESO<\/p>\n<ul>\n<li>\u00a0<strong>J. K. Rowling, <em>Harry Potter y la c\u00e1mara secreta.<\/em><\/strong><\/li>\n<\/ul>\n<p>El libro me ha gustado mucho porque es de acci\u00f3n, suspense, etc. Lo que me ha gustado m\u00e1s es que el temible Voldemort resucita y quiere volver a luchar contra sus adversarios, Harry, Ron y Hermione. Tengo ganas de leerme el pr\u00f3ximo \u00a0libro.<\/p>\n<p>Os recomiendo leer el libro ya que es muy interesante.<\/p>\n<p>Luis S\u00e1nchez<\/p>\n<p>1 B ESO<\/p>\n<ul>\n<li><strong><em>\u00a0Bat Pat, brujas a medianoche<\/em><\/strong><\/li>\n<\/ul>\n<p>El llibre \u00a0<em>Bat Pat, brujas a medianoche<\/em> \u00a0\u00e9s un llibre infantil amb una hist\u00f2ria de por i aventura. \u00c9s un llibre molt divertit, recomanat sobretot per a nens petits, d\u2019entre 8-10 anys. Es interessant perqu\u00e8 t\u00e9 emoci\u00f3 i intriga. En general, m\u2019ha agradat bastant.<\/p>\n<p>Ivan Carrasco<\/p>\n<p>1 B ESO<\/p>\n<ul>\n<li>\u00a0<strong>Eul\u00e0lia CANAL, <em>Un pet\u00f3 de mandarina<\/em><\/strong><\/li>\n<\/ul>\n<p>Aquest llibre m\u2019ha agradat bastant perqu\u00e8 tracta sobre una hist\u00f2ria d\u2019amor entre un noi, que es diu Tavi, \u00a0i una noia, anomenada Vanina, que es coneixen el primer dia de classe. El Tavi intenta impressionar-la i parlar amb ella per\u00f2 dos abusons li fan el cam\u00ed dif\u00edcil i no deixen que s\u2019apropi a la Vanina perqu\u00e8 els hi agrada a ells. Per\u00f2 el Tavi fa tot el que pot per poder parlar amb ella.<\/p>\n<p>Anna Gallardo<\/p>\n<p>1 B ESO<\/p>\n<ul>\n<li>\u00a0<strong><em>Ger\u00f3nimo Stilton, Una extrarr\u00e0tica jornada&#8230;. de campi\u00f3!!!<\/em><\/strong><\/li>\n<\/ul>\n<p>Tracta de que a l\u2019equip de futbol Rat\u00f2nia Futbol Club li queda poc per al campionat contra l\u2019equip Rodit\u00f2rix Futbol Club. Llavors\u00a0 just quan quedaven 2 dies per al campionat van segrestar a l\u2019entrenador del Rat\u00f2nia Futbol Club. A en Geronimo li encomanen fer d\u2019entrenador de l\u2019equip i all\u00e0 li passaran coses inesperades&#8230;..Es un llibre d\u2019aventura, jo encara no l\u2019he acabat de llegir per\u00f2 m\u2019agrada molt de moment. Jo el recomanaria per a nens de 12-14 anys<\/p>\n<p>C\u00e8lia Fern\u00e0ndez<\/p>\n<p>1 B ESO<\/p>\n<ul>\n<li>\u00a0<strong>N\u00faria PRADAS, <em>La tieta Adela a Nova York<\/em><\/strong><\/li>\n<\/ul>\n<p>Aquest llibre es interessant perqu\u00e8 tracta d\u2019una fam\u00edlia en la que els pares sempre estaven de viatge, perqu\u00e8 treballaven investigant coses d\u2019Egipte. Els nens quasi mai veien els seus pares. \u00a0Sempre estaven amb la seva tieta que es diu Adela. Ella sempre anava amb una vestimenta molt estrafol\u00e0ria. Un dia els pares van arribar a casa i es volien anar de viatge amb els seus fills, i la tieta Adela es volia anar amb la seva amiga\u00a0 de viatge per\u00f2 al final se\u2019n va anar amb la fam\u00edlia a Nova York. En el aeroport es va trobar amb la seva amiga de fa molts anys que es deia Engr\u00e0cia, i es van anar amb ells a Nova York. Quan van arribar van comen\u00e7ar a buscar una valuosa pe\u00e7a del museu. All\u00e0 van viure aventures.<\/p>\n<p>El llibre ho recomano perqu\u00e8 a mi m\u2019ha agradat molt!!!<\/p>\n<p>Jazmina Franco<\/p>\n<p>1 B ESO<\/p>\n<ul>\n<li><strong>J.K.ROWLING, <em>Harry Potter y la c\u00e1mara secreta<\/em><\/strong><\/li>\n<\/ul>\n<p>El llibre de <em>Harry Potter y la c\u00e1mara secreta <\/em>tracta d&#8217;un noi que \u00e9s mag i estudia m\u00e0gia a Hogwarts, l\u2019escola de m\u00e0gia m\u00e9s famosa i bona del m\u00f3n dels mags, el llibre \u00e9s d&#8217;aventura, amor i misteri.<\/p>\n<p>\u00c9s molt interessant, a mi particularment m\u2019haa agradat molt. Sobretot la part en que en Harry i el director de l&#8217;escola de m\u00e0gia van a buscar un ant\u00eddot a la cova de la serp, quan el professor sembla que es mor per\u00f2 no es mor al final.<\/p>\n<p>Jo aquest llibre el recomanaria a nens de 10 a 15 anys perqu\u00e8 si s\u00f3n mes petits de 10 anys no l&#8217;entendran del tot i si son majors de 15 no els hi agradar\u00e0 perqu\u00e8 el trobaran infantil, com jo estic a una edat entre els dos he ent\u00e8s el llibre i m&#8217;agrada, no m\u2019ha semblat infantil.<\/p>\n<p>La peli, en la meva opini\u00f3, est\u00e0 millor. Per\u00f2 el llibre tamb\u00e9 ha estat b\u00e9. Al llibre surten coses que a la peli no surten o no ho expliquen del tot b\u00e9, en canvi al llibre s&#8217;explica tot molt b\u00e9.<\/p>\n<p>Mieia Fortu\u00f1o<\/p>\n<p>1 B ESO<\/p>\n<p>&nbsp;<\/p>\n","protected":false},"excerpt":{"rendered":"<p>LES VOSTRES RECOMANACIONS DE LECTURES\u00a0 \u00a0&#8211;\u00a0\u00a0 1 B ESO \u00a0Ger\u00f3nimo Stilton El llibre m\u2019ha semblat avorrit al principi, per\u00f2 a cada p\u00e0gina que avan\u00e7o, m\u00e9s interessant es fa la hist\u00f2ria&#8230;Tracta d\u2019un grup \u201cd\u2019amigues ratolines\u201d, que tenien una excursi\u00f3 a Paris, &hellip; <a href=\"https:\/\/www.revista-insaiguaviva.org\/curs2012-2013\/activitats\/taller-de-llengues\/les-vostres-recomanacions-de-lectures-2\/lectures-1-b-eso\/\">Continua llegint <span class=\"meta-nav\">&rarr;<\/span><\/a><\/p>\n","protected":false},"author":1,"featured_media":0,"parent":688,"menu_order":0,"comment_status":"open","ping_status":"open","template":"","meta":{"footnotes":""},"class_list":["post-693","page","type-page","status-publish","hentry"],"_links":{"self":[{"href":"https:\/\/www.revista-insaiguaviva.org\/curs2012-2013\/wp-json\/wp\/v2\/pages\/693","targetHints":{"allow":["GET"]}}],"collection":[{"href":"https:\/\/www.revista-insaiguaviva.org\/curs2012-2013\/wp-json\/wp\/v2\/pages"}],"about":[{"href":"https:\/\/www.revista-insaiguaviva.org\/curs2012-2013\/wp-json\/wp\/v2\/types\/page"}],"author":[{"embeddable":true,"href":"https:\/\/www.revista-insaiguaviva.org\/curs2012-2013\/wp-json\/wp\/v2\/users\/1"}],"replies":[{"embeddable":true,"href":"https:\/\/www.revista-insaiguaviva.org\/curs2012-2013\/wp-json\/wp\/v2\/comments?post=693"}],"version-history":[{"count":3,"href":"https:\/\/www.revista-insaiguaviva.org\/curs2012-2013\/wp-json\/wp\/v2\/pages\/693\/revisions"}],"predecessor-version":[{"id":747,"href":"https:\/\/www.revista-insaiguaviva.org\/curs2012-2013\/wp-json\/wp\/v2\/pages\/693\/revisions\/747"}],"up":[{"embeddable":true,"href":"https:\/\/www.revista-insaiguaviva.org\/curs2012-2013\/wp-json\/wp\/v2\/pages\/688"}],"wp:attachment":[{"href":"https:\/\/www.revista-insaiguaviva.org\/curs2012-2013\/wp-json\/wp\/v2\/media?parent=693"}],"curies":[{"name":"wp","href":"https:\/\/api.w.org\/{rel}","templated":true}]}}