{"id":696,"date":"2013-02-16T14:16:57","date_gmt":"2013-02-16T13:16:57","guid":{"rendered":"https:\/\/revista-insaiguaviva.org\/curs2012-2013\/?page_id=696"},"modified":"2013-02-16T15:47:31","modified_gmt":"2013-02-16T14:47:31","slug":"lectures-1-a-eso","status":"publish","type":"page","link":"https:\/\/www.revista-insaiguaviva.org\/curs2012-2013\/lectures-1-a-eso\/","title":{"rendered":"Lectures 1 A ESO"},"content":{"rendered":"<p><strong><em>LES VOSTRES RECOMANACIONS DE LECTURES\u00a0 \u00a0&#8211;\u00a0\u00a0 1 A ESO<\/em><\/strong><\/p>\n<ul>\n<li>\u00a0<strong>Luigi GARLANDO, <em>Gol!<\/em><\/strong><\/li>\n<\/ul>\n<p>Hola em dic Ilias i tinc 12 anys.<\/p>\n<p>M\u2019he llegit un llibre i us el recomano. Si vosaltres sou amants del futbol llegiu el llibre de les CEBETES. \u00c9s un llibre amb historia del futbol i aprendreu coses noves d\u2019aquest esport tan divertit que agrada a molta gent, tamb\u00e9 veureu com \u00e9s un equip de futbol que ho passa b\u00e9 perqu\u00e8 saben jugar b\u00e9 i es diverteixen. Es un llibre que esta fet per amants del futbol per aix\u00f2 jo me l\u2019he llegit. El seu t\u00edtol es diu <em>!GOL\u00a1<\/em><\/p>\n<p>Amb aquest llibre m\u2019ho he passat pipa ara s\u00e9 m\u00e9s coses del futbol, m\u00e9s t\u00e0ctiques i m\u00e9s humilitat i solidaritat. La gent que juguem amb altres persones i us baralleu no cal barallar-se . Les CEBETES s\u00f3n un gran equip i si voleu seguir el meu consell jo de vosaltres agafaria aquest llibre.<\/p>\n<p>!VIVA LES CEBETES\u00a1 aix\u00ed que si sou uns grans amants del futbol i un bons esportistes aix\u00f2 \u00e9s gloria per vosaltres i si no sou esportistes ni us agrada el futbol no passa res perqu\u00e8 aquest llibre es tamb\u00e9 per la gent que li agraden els llibres i llegir (no us oblideu aquest llibre \u00e9s adequat per tothom).<\/p>\n<p>Ilias Salmouni<\/p>\n<div>\n<p>1A ESO<\/p>\n<\/div>\n<ul>\n<li><em>\u00a0<\/em><strong>BLUE JEANS,<em> Can\u00e7ons per a la Paula.<\/em><\/strong><\/li>\n<\/ul>\n<p>A mi este libro me ha parecido muy interesante\u00a0y realista, me ha gustado mucho. Este libro trata de una chica que se llama Paula que un d\u00eda empez\u00f3 a chatear por internet para conocer a chicos y quedar. Un d\u00eda un chico le hablo y ella le contesto, al final acabaron quedando. Quedaron en un bar para tomar algo, pero \u00e9l la dej\u00f3 plantada, bueno no plantada del todo porque ten\u00eda que cuidar a su hermana. Pero Paula conoci\u00f3 a un chico en el bar donde hab\u00eda quedado. Aquel chico era muy alegre, simp\u00e1tico, dulce, inteligente&#8230;. I Paula se enamor\u00f3 de \u00e9l. Cuando Paula ya sali\u00f3 del bar se cruz\u00f3 con el chico con el que hab\u00eda quedado. \u00c9l le vio con el otro chico y se puso muy celoso y discutieron. Paula se qued\u00f3 mirando como peleaban y se dio cuenta de que no val\u00eda la pena salir con nadie. Pens\u00f3 que lo primero era la familia y los estudios y que ya tendr\u00eda edad para salir con chicos.<\/p>\n<p>Carla Fernandez Morilla<\/p>\n<div>\n<p>1 A\u00a0ESO<\/p>\n<\/div>\n<ul>\n<li>\u00a0<strong>Ger\u00f3nimo STILTON<em>, Tercer viaje al reino de la Fantas\u00eda<\/em><\/strong><strong><em><\/em><\/strong><\/li>\n<\/ul>\n<p>El llibre que he llegit es diu <em>Tercer viaje en el mundo de la Fantasia<\/em>. \u00c9s molt emocionant perqu\u00e8 va per diferents llocs. Per exemple, passen per uns rius despr\u00e8s per un bosc molt llarg y finalment va per una muntanya molt gran. Finalment aquest llibre el recomano als nens i nenes de 7 fins als 12 anys, es divertit, emocionant&#8230;<\/p>\n<p>Andrea Bl\u00e0zquez<\/p>\n<div>\n<p>1 A ESO<\/p>\n<\/div>\n<ul>\n<li><strong>Bono BIDARI, <em>Jo, Elvis Riboldi<\/em><\/strong><\/li>\n<\/ul>\n<p>El libro de <em>Elvis Riboldi<\/em> me ha encantado, es divertido, gracioso y f\u00e1cil de leer. Es un libro genial y se lo recomiendo a todo el mundo, me ha gustado mucho.Es el primero que me leo de este autor y creo que me comprar\u00e9 otro libro suyo si puedo.<\/p>\n<p>Sara Ruiz<\/p>\n<div>\n<p>1 A\u00a0 ESO<\/p>\n<\/div>\n<p>&nbsp;<\/p>\n<p>&nbsp;<\/p>\n<p>&nbsp;<\/p>\n<p>&nbsp;<\/p>\n","protected":false},"excerpt":{"rendered":"<p>LES VOSTRES RECOMANACIONS DE LECTURES\u00a0 \u00a0&#8211;\u00a0\u00a0 1 A ESO \u00a0Luigi GARLANDO, Gol! Hola em dic Ilias i tinc 12 anys. M\u2019he llegit un llibre i us el recomano. Si vosaltres sou amants del futbol llegiu el llibre de les CEBETES. &hellip; <a href=\"https:\/\/www.revista-insaiguaviva.org\/curs2012-2013\/lectures-1-a-eso\/\">Continua llegint <span class=\"meta-nav\">&rarr;<\/span><\/a><\/p>\n","protected":false},"author":1,"featured_media":0,"parent":0,"menu_order":0,"comment_status":"open","ping_status":"open","template":"","meta":{"footnotes":""},"class_list":["post-696","page","type-page","status-publish","hentry"],"_links":{"self":[{"href":"https:\/\/www.revista-insaiguaviva.org\/curs2012-2013\/wp-json\/wp\/v2\/pages\/696","targetHints":{"allow":["GET"]}}],"collection":[{"href":"https:\/\/www.revista-insaiguaviva.org\/curs2012-2013\/wp-json\/wp\/v2\/pages"}],"about":[{"href":"https:\/\/www.revista-insaiguaviva.org\/curs2012-2013\/wp-json\/wp\/v2\/types\/page"}],"author":[{"embeddable":true,"href":"https:\/\/www.revista-insaiguaviva.org\/curs2012-2013\/wp-json\/wp\/v2\/users\/1"}],"replies":[{"embeddable":true,"href":"https:\/\/www.revista-insaiguaviva.org\/curs2012-2013\/wp-json\/wp\/v2\/comments?post=696"}],"version-history":[{"count":4,"href":"https:\/\/www.revista-insaiguaviva.org\/curs2012-2013\/wp-json\/wp\/v2\/pages\/696\/revisions"}],"predecessor-version":[{"id":704,"href":"https:\/\/www.revista-insaiguaviva.org\/curs2012-2013\/wp-json\/wp\/v2\/pages\/696\/revisions\/704"}],"wp:attachment":[{"href":"https:\/\/www.revista-insaiguaviva.org\/curs2012-2013\/wp-json\/wp\/v2\/media?parent=696"}],"curies":[{"name":"wp","href":"https:\/\/api.w.org\/{rel}","templated":true}]}}