{"id":850,"date":"2013-03-17T18:48:40","date_gmt":"2013-03-17T17:48:40","guid":{"rendered":"https:\/\/revista-insaiguaviva.org\/curs2012-2013\/?page_id=850"},"modified":"2013-03-17T18:51:38","modified_gmt":"2013-03-17T17:51:38","slug":"visita-de-1r-eso-al-caixa-forum","status":"publish","type":"page","link":"https:\/\/www.revista-insaiguaviva.org\/curs2012-2013\/sortides\/visita-de-1r-eso-al-caixa-forum\/","title":{"rendered":"Caixa Forum 1r. ESO"},"content":{"rendered":"<p style=\"text-align: justify;\">La sortida al Caixa Forum sobre Mesopot\u00e0mia va ser excepcional.<\/p>\n<p style=\"text-align: justify;\">Primer vam anar a una sala gran i plena d&#8217;expositors i de parets que separaven els objectes d&#8217;una part de l&#8217;exposici\u00f3 de l&#8217;altra. Una noia ens va acompanyar fent un recorregut per tota la sala i explicant-nos qu\u00e8 era cada objecte i per a qu\u00e8 servia en aquell temps. Despr\u00e9s ens van ensenyar un video de com creien que els d\u00e9us havien creat els humans i la natura.<\/p>\n<p style=\"text-align: justify;\">A la segona part de l&#8217;exposici\u00f3 ens van ensenyar la hist\u00f2ria de l&#8217;edifici on es troba ara el museu, les vistes des dels terrats i per a qu\u00e8 servia cada sala abans.<\/p>\n<p style=\"text-align: justify;\">Va ser una sortida genial!<\/p>\n<p style=\"text-align: justify;\"><strong>Sara Ruiz Boluda 1r. ESO A\u00a0<\/strong><\/p>\n<p style=\"text-align: justify;\"><a href=\"https:\/\/revista-insaiguaviva.org\/curs2012-2013\/wp-content\/uploads\/2013\/03\/DSCF2034.jpg\"><img loading=\"lazy\" decoding=\"async\" class=\"alignnone size-thumbnail wp-image-851\" title=\"DSCF2034\" src=\"https:\/\/revista-insaiguaviva.org\/curs2012-2013\/wp-content\/uploads\/2013\/03\/DSCF2034-150x150.jpg\" alt=\"\" width=\"150\" height=\"150\" \/><\/a><a href=\"https:\/\/revista-insaiguaviva.org\/curs2012-2013\/wp-content\/uploads\/2013\/03\/DSCF2040.jpg\"><img loading=\"lazy\" decoding=\"async\" class=\"alignnone size-thumbnail wp-image-853\" title=\"DSCF2040\" src=\"https:\/\/revista-insaiguaviva.org\/curs2012-2013\/wp-content\/uploads\/2013\/03\/DSCF2040-150x150.jpg\" alt=\"\" width=\"150\" height=\"150\" \/><\/a><a href=\"https:\/\/revista-insaiguaviva.org\/curs2012-2013\/wp-content\/uploads\/2013\/03\/DSCF2041.jpg\"><img loading=\"lazy\" decoding=\"async\" class=\"alignnone size-thumbnail wp-image-854\" title=\"DSCF2041\" src=\"https:\/\/revista-insaiguaviva.org\/curs2012-2013\/wp-content\/uploads\/2013\/03\/DSCF2041-150x150.jpg\" alt=\"\" width=\"150\" height=\"150\" \/><\/a><a href=\"https:\/\/revista-insaiguaviva.org\/curs2012-2013\/wp-content\/uploads\/2013\/03\/DSCF2045.jpg\"><img loading=\"lazy\" decoding=\"async\" class=\"alignnone size-thumbnail wp-image-855\" title=\"DSCF2045\" src=\"https:\/\/revista-insaiguaviva.org\/curs2012-2013\/wp-content\/uploads\/2013\/03\/DSCF2045-150x150.jpg\" alt=\"\" width=\"150\" height=\"150\" \/><\/a><a href=\"https:\/\/revista-insaiguaviva.org\/curs2012-2013\/wp-content\/uploads\/2013\/03\/DSCF2047.jpg\"><img loading=\"lazy\" decoding=\"async\" class=\"alignnone size-thumbnail wp-image-856\" title=\"DSCF2047\" src=\"https:\/\/revista-insaiguaviva.org\/curs2012-2013\/wp-content\/uploads\/2013\/03\/DSCF2047-150x150.jpg\" alt=\"\" width=\"150\" height=\"150\" \/><\/a><a href=\"https:\/\/revista-insaiguaviva.org\/curs2012-2013\/wp-content\/uploads\/2013\/03\/DSCF2048.jpg\"><img loading=\"lazy\" decoding=\"async\" class=\"alignnone size-thumbnail wp-image-857\" title=\"DSCF2048\" src=\"https:\/\/revista-insaiguaviva.org\/curs2012-2013\/wp-content\/uploads\/2013\/03\/DSCF2048-150x150.jpg\" alt=\"\" width=\"150\" height=\"150\" \/><\/a><a href=\"https:\/\/revista-insaiguaviva.org\/curs2012-2013\/wp-content\/uploads\/2013\/03\/DSCF2049.jpg\"><img loading=\"lazy\" decoding=\"async\" class=\"alignnone size-thumbnail wp-image-858\" title=\"DSCF2049\" src=\"https:\/\/revista-insaiguaviva.org\/curs2012-2013\/wp-content\/uploads\/2013\/03\/DSCF2049-150x150.jpg\" alt=\"\" width=\"150\" height=\"150\" \/><\/a><a href=\"https:\/\/revista-insaiguaviva.org\/curs2012-2013\/wp-content\/uploads\/2013\/03\/DSCF2051.jpg\"><img loading=\"lazy\" decoding=\"async\" class=\"alignnone size-thumbnail wp-image-859\" title=\"DSCF2051\" src=\"https:\/\/revista-insaiguaviva.org\/curs2012-2013\/wp-content\/uploads\/2013\/03\/DSCF2051-150x150.jpg\" alt=\"\" width=\"150\" height=\"150\" \/><\/a><a href=\"https:\/\/revista-insaiguaviva.org\/curs2012-2013\/wp-content\/uploads\/2013\/03\/DSCF2054.jpg\"><img loading=\"lazy\" decoding=\"async\" class=\"alignnone size-thumbnail wp-image-860\" title=\"DSCF2054\" src=\"https:\/\/revista-insaiguaviva.org\/curs2012-2013\/wp-content\/uploads\/2013\/03\/DSCF2054-150x150.jpg\" alt=\"\" width=\"150\" height=\"150\" \/><\/a><\/p>\n","protected":false},"excerpt":{"rendered":"<p>La sortida al Caixa Forum sobre Mesopot\u00e0mia va ser excepcional. Primer vam anar a una sala gran i plena d&#8217;expositors i de parets que separaven els objectes d&#8217;una part de l&#8217;exposici\u00f3 de l&#8217;altra. Una noia ens va acompanyar fent un &hellip; <a href=\"https:\/\/www.revista-insaiguaviva.org\/curs2012-2013\/sortides\/visita-de-1r-eso-al-caixa-forum\/\">Continua llegint <span class=\"meta-nav\">&rarr;<\/span><\/a><\/p>\n","protected":false},"author":3,"featured_media":0,"parent":27,"menu_order":0,"comment_status":"open","ping_status":"open","template":"","meta":{"footnotes":""},"class_list":["post-850","page","type-page","status-publish","hentry"],"_links":{"self":[{"href":"https:\/\/www.revista-insaiguaviva.org\/curs2012-2013\/wp-json\/wp\/v2\/pages\/850","targetHints":{"allow":["GET"]}}],"collection":[{"href":"https:\/\/www.revista-insaiguaviva.org\/curs2012-2013\/wp-json\/wp\/v2\/pages"}],"about":[{"href":"https:\/\/www.revista-insaiguaviva.org\/curs2012-2013\/wp-json\/wp\/v2\/types\/page"}],"author":[{"embeddable":true,"href":"https:\/\/www.revista-insaiguaviva.org\/curs2012-2013\/wp-json\/wp\/v2\/users\/3"}],"replies":[{"embeddable":true,"href":"https:\/\/www.revista-insaiguaviva.org\/curs2012-2013\/wp-json\/wp\/v2\/comments?post=850"}],"version-history":[{"count":2,"href":"https:\/\/www.revista-insaiguaviva.org\/curs2012-2013\/wp-json\/wp\/v2\/pages\/850\/revisions"}],"predecessor-version":[{"id":864,"href":"https:\/\/www.revista-insaiguaviva.org\/curs2012-2013\/wp-json\/wp\/v2\/pages\/850\/revisions\/864"}],"up":[{"embeddable":true,"href":"https:\/\/www.revista-insaiguaviva.org\/curs2012-2013\/wp-json\/wp\/v2\/pages\/27"}],"wp:attachment":[{"href":"https:\/\/www.revista-insaiguaviva.org\/curs2012-2013\/wp-json\/wp\/v2\/media?parent=850"}],"curies":[{"name":"wp","href":"https:\/\/api.w.org\/{rel}","templated":true}]}}