{"id":911,"date":"2013-04-18T20:41:37","date_gmt":"2013-04-18T18:41:37","guid":{"rendered":"https:\/\/revista-insaiguaviva.org\/curs2012-2013\/?page_id=911"},"modified":"2013-05-06T20:07:09","modified_gmt":"2013-05-06T18:07:09","slug":"continuem-fent-radio","status":"publish","type":"page","link":"https:\/\/www.revista-insaiguaviva.org\/curs2012-2013\/activitats\/llengua-catalana\/continuem-fent-radio\/","title":{"rendered":"Continuem fent r\u00e0dio"},"content":{"rendered":"<p style=\"text-align: justify;\">\u00a0El dia 08\/04\/2013 vam anar al programa de r\u00e0dio, per entrevistar l&#8217;Ernesto Nogueira, el director del nostre centre.<\/p>\n<p style=\"text-align: justify;\">Primer de tot, quan vam sortir de l&#8217;institut a les 14:00, vam esperar perqu\u00e8 sort\u00eds la Carme. Quan va arribar, vam posar-nos en cam\u00ed fins al Parc dels Colors, perqu\u00e8 all\u00ed dinar\u00edem. Despr\u00e9s d&#8217;haver dinat, vam practicar, primer un a un, i la Carme va anar escoltant com lleg\u00edem, i de tant en tant ens corregia. Seguidament, vam fer un assaig en grup, seguint \u00a0l&#8217;ordre amb qu\u00e8 intervindr\u00edem..<\/p>\n<p style=\"text-align: justify;\">\u00a0<a href=\"https:\/\/revista-insaiguaviva.org\/curs2012-2013\/wp-content\/uploads\/2013\/04\/trobada-079.jpg\"><img loading=\"lazy\" decoding=\"async\" class=\"alignnone size-thumbnail wp-image-918\" title=\"trobada 079\" src=\"https:\/\/revista-insaiguaviva.org\/curs2012-2013\/wp-content\/uploads\/2013\/04\/trobada-079-150x150.jpg\" alt=\"\" width=\"150\" height=\"150\" \/><img loading=\"lazy\" decoding=\"async\" class=\"alignnone size-thumbnail wp-image-917\" title=\"trobada 078\" src=\"https:\/\/revista-insaiguaviva.org\/curs2012-2013\/wp-content\/uploads\/2013\/04\/trobada-078-150x150.jpg\" alt=\"\" width=\"150\" height=\"150\" \/><\/a><a href=\"https:\/\/revista-insaiguaviva.org\/curs2012-2013\/wp-content\/uploads\/2013\/04\/trobada-077.jpg\"><img loading=\"lazy\" decoding=\"async\" class=\"alignnone size-thumbnail wp-image-915\" title=\"trobada 077\" src=\"https:\/\/revista-insaiguaviva.org\/curs2012-2013\/wp-content\/uploads\/2013\/04\/trobada-077-150x150.jpg\" alt=\"\" width=\"150\" height=\"150\" \/><\/a><\/p>\n<p style=\"text-align: justify;\">Despr\u00e9s d&#8217;haver assajat unes quantes vegades, ens vam disposar a anar a R\u00e0dio Mollet. Vam arribar i, com ja sab\u00edem on era, m\u00e9s o menys, ens en vam anar tots on es faria el programa, o sigui enregistrar-lo. Els que hav\u00edem de llegir, vam entrar i ens vam asseure. Ja un cop asseguts, vam decidir que en aquell moment far\u00edem un assaig general, l&#8217;\u00faltim assaig abans d&#8217;enregistrar el programa. Ho vam fer, per\u00f2 ens vam parar a la meitat, perqu\u00e8 el noi que estava all\u00e0, ens va fer unes quantes indicacions respecte a com posar-nos amb els micr\u00f2fons. Un cop col\u00b7locats, el programa va comen\u00e7ar i va sonar la can\u00e7oneta de fons del programa. Despr\u00e9s va sonar la que nosaltres hav\u00edem escollit, i en aquell moment el Dani va comen\u00e7ar a presentar l&#8217;Ernest i a nosaltres tamb\u00e9, \u00e9s clar. Com que la presentaci\u00f3 era una mica llarga, la Carme ho va repartir entre quatre i les preguntes entre tres. En total hi havia catorze preguntes, que l&#8217;Ernesto va respondre amb molt de gust.<\/p>\n<p><a href=\"https:\/\/revista-insaiguaviva.org\/curs2012-2013\/wp-content\/uploads\/2013\/04\/trobada-082.jpg\"><img loading=\"lazy\" decoding=\"async\" class=\"alignnone size-thumbnail wp-image-919\" title=\"trobada 082\" src=\"https:\/\/revista-insaiguaviva.org\/curs2012-2013\/wp-content\/uploads\/2013\/04\/trobada-082-150x150.jpg\" alt=\"\" width=\"150\" height=\"150\" \/><\/a><a href=\"https:\/\/revista-insaiguaviva.org\/curs2012-2013\/wp-content\/uploads\/2013\/04\/trobada-083.jpg\"><img loading=\"lazy\" decoding=\"async\" class=\"alignnone size-thumbnail wp-image-920\" title=\"trobada 083\" src=\"https:\/\/revista-insaiguaviva.org\/curs2012-2013\/wp-content\/uploads\/2013\/04\/trobada-083-150x150.jpg\" alt=\"\" width=\"150\" height=\"150\" \/><\/a><a href=\"https:\/\/revista-insaiguaviva.org\/curs2012-2013\/wp-content\/uploads\/2013\/04\/trobada-084.jpg\"><img loading=\"lazy\" decoding=\"async\" class=\"alignnone size-thumbnail wp-image-921\" title=\"trobada 084\" src=\"https:\/\/revista-insaiguaviva.org\/curs2012-2013\/wp-content\/uploads\/2013\/04\/trobada-084-150x150.jpg\" alt=\"\" width=\"150\" height=\"150\" \/><\/a><\/p>\n<p style=\"text-align: justify;\">La presentaci\u00f3 ja s&#8217;havia acabat, i ara tocava la ronda de les preguntes. Primer ho va fer la Laia, que en va preguntar quatre; despr\u00e9s jo, que en vaig fer cinc, i per acabar la Laura, que en va fer tamb\u00e9 quatre.<\/p>\n<p style=\"text-align: justify;\">Les preguntes tamb\u00e9 es van acabar i despr\u00e9s, quan l&#8217;Ernesto va respondre l&#8217;\u00faltima pregunta, va tocar llegir el comiat , cosa que va fer en Pau. All\u00e0 don\u00e0vem les gr\u00e0cies a l&#8217;Ernesto que hagu\u00e9s pogut venir al nostre programa, i tamb\u00e9 li desitj\u00e0vem sort tots nosaltres perqu\u00e8 el Batxillerat es pogu\u00e9s fer al nostre institut.<\/p>\n<p>Quan ja vam acabar, tots ens vam posar a comentar i a parlar sobre el que hav\u00edem fet.<\/p>\n<p>Va ser una experi\u00e8ncia molt bonica. Per mi va ser la primera vegada que vaig parlar a la radio.<br \/>\nTot seguit ens en vam anar tots a casa.<\/p>\n<p>Anast\u00e0sia Untila<br \/>\n2n B<\/p>\n<p><a href=\"https:\/\/revista-insaiguaviva.org\/curs2012-2013\/wp-content\/uploads\/2013\/04\/trobada-085.jpg\"><img loading=\"lazy\" decoding=\"async\" class=\"alignnone size-thumbnail wp-image-922\" title=\"trobada 085\" src=\"https:\/\/revista-insaiguaviva.org\/curs2012-2013\/wp-content\/uploads\/2013\/04\/trobada-085-150x150.jpg\" alt=\"\" width=\"150\" height=\"150\" \/><\/a><a href=\"https:\/\/revista-insaiguaviva.org\/curs2012-2013\/wp-content\/uploads\/2013\/04\/trobada-087.jpg\"><img loading=\"lazy\" decoding=\"async\" class=\"alignnone size-thumbnail wp-image-923\" title=\"trobada 087\" src=\"https:\/\/revista-insaiguaviva.org\/curs2012-2013\/wp-content\/uploads\/2013\/04\/trobada-087-150x150.jpg\" alt=\"\" width=\"150\" height=\"150\" \/><\/a><a href=\"https:\/\/revista-insaiguaviva.org\/curs2012-2013\/wp-content\/uploads\/2013\/04\/trobada-088.jpg\"><img loading=\"lazy\" decoding=\"async\" class=\"alignnone size-thumbnail wp-image-924\" title=\"trobada 088\" src=\"https:\/\/revista-insaiguaviva.org\/curs2012-2013\/wp-content\/uploads\/2013\/04\/trobada-088-150x150.jpg\" alt=\"\" width=\"150\" height=\"150\" \/><\/a><\/p>\n<p>&nbsp;<\/p>\n<p>&nbsp;<\/p>\n<p>&nbsp;<\/p>\n<p>&nbsp;<\/p>\n<p><a href=\"https:\/\/revista-insaiguaviva.org\/curs2012-2013\/wp-content\/uploads\/2013\/04\/trobada-090.jpg\"><img loading=\"lazy\" decoding=\"async\" class=\"alignnone size-thumbnail wp-image-925\" title=\"trobada 090\" src=\"https:\/\/revista-insaiguaviva.org\/curs2012-2013\/wp-content\/uploads\/2013\/04\/trobada-090-150x150.jpg\" alt=\"\" width=\"150\" height=\"150\" \/><\/a><a href=\"https:\/\/revista-insaiguaviva.org\/curs2012-2013\/wp-content\/uploads\/2013\/04\/trobada-091.jpg\"><img loading=\"lazy\" decoding=\"async\" class=\"alignnone size-thumbnail wp-image-926\" title=\"trobada 091\" src=\"https:\/\/revista-insaiguaviva.org\/curs2012-2013\/wp-content\/uploads\/2013\/04\/trobada-091-150x150.jpg\" alt=\"\" width=\"150\" height=\"150\" \/><\/a><a href=\"https:\/\/revista-insaiguaviva.org\/curs2012-2013\/wp-content\/uploads\/2013\/04\/trobada-094.jpg\"><img loading=\"lazy\" decoding=\"async\" class=\"alignnone size-thumbnail wp-image-927\" title=\"trobada 094\" src=\"https:\/\/revista-insaiguaviva.org\/curs2012-2013\/wp-content\/uploads\/2013\/04\/trobada-094-150x150.jpg\" alt=\"\" width=\"150\" height=\"150\" \/><\/a><\/p>\n","protected":false},"excerpt":{"rendered":"<p>\u00a0El dia 08\/04\/2013 vam anar al programa de r\u00e0dio, per entrevistar l&#8217;Ernesto Nogueira, el director del nostre centre. Primer de tot, quan vam sortir de l&#8217;institut a les 14:00, vam esperar perqu\u00e8 sort\u00eds la Carme. Quan va arribar, vam posar-nos &hellip; <a href=\"https:\/\/www.revista-insaiguaviva.org\/curs2012-2013\/activitats\/llengua-catalana\/continuem-fent-radio\/\">Continua llegint <span class=\"meta-nav\">&rarr;<\/span><\/a><\/p>\n","protected":false},"author":3,"featured_media":0,"parent":41,"menu_order":0,"comment_status":"open","ping_status":"open","template":"","meta":{"footnotes":""},"class_list":["post-911","page","type-page","status-publish","hentry"],"_links":{"self":[{"href":"https:\/\/www.revista-insaiguaviva.org\/curs2012-2013\/wp-json\/wp\/v2\/pages\/911","targetHints":{"allow":["GET"]}}],"collection":[{"href":"https:\/\/www.revista-insaiguaviva.org\/curs2012-2013\/wp-json\/wp\/v2\/pages"}],"about":[{"href":"https:\/\/www.revista-insaiguaviva.org\/curs2012-2013\/wp-json\/wp\/v2\/types\/page"}],"author":[{"embeddable":true,"href":"https:\/\/www.revista-insaiguaviva.org\/curs2012-2013\/wp-json\/wp\/v2\/users\/3"}],"replies":[{"embeddable":true,"href":"https:\/\/www.revista-insaiguaviva.org\/curs2012-2013\/wp-json\/wp\/v2\/comments?post=911"}],"version-history":[{"count":7,"href":"https:\/\/www.revista-insaiguaviva.org\/curs2012-2013\/wp-json\/wp\/v2\/pages\/911\/revisions"}],"predecessor-version":[{"id":916,"href":"https:\/\/www.revista-insaiguaviva.org\/curs2012-2013\/wp-json\/wp\/v2\/pages\/911\/revisions\/916"}],"up":[{"embeddable":true,"href":"https:\/\/www.revista-insaiguaviva.org\/curs2012-2013\/wp-json\/wp\/v2\/pages\/41"}],"wp:attachment":[{"href":"https:\/\/www.revista-insaiguaviva.org\/curs2012-2013\/wp-json\/wp\/v2\/media?parent=911"}],"curies":[{"name":"wp","href":"https:\/\/api.w.org\/{rel}","templated":true}]}}