{"id":158,"date":"2013-11-10T17:01:00","date_gmt":"2013-11-10T17:01:00","guid":{"rendered":"https:\/\/revista-insaiguaviva.org\/curs2013-2014\/?page_id=158"},"modified":"2013-11-10T17:01:00","modified_gmt":"2013-11-10T17:01:00","slug":"tecniques-de-laboratori","status":"publish","type":"page","link":"https:\/\/www.revista-insaiguaviva.org\/curs2013-2014\/ciencies-naturals\/tecniques-de-laboratori\/","title":{"rendered":"T\u00e8cniques de laboratori"},"content":{"rendered":"<p style=\"text-align: justify;\">En el laboratori estudiem les masses i els volums, i tamb\u00e9 experimentem amb l&#8217;aigua. La Mari Paz ens ha ensenyat com hem d&#8217;utilitzar el material i qu\u00e8 no hem de fer. Al laboratori ens ho passem molt b\u00e9!<\/p>\n<p style=\"text-align: justify;\">A la classe som la Loredana, l&#8217;Aroa, el Marc, el Guillem, el Daniel, el Ren\u00e9, l&#8217;Adri\u00e0, la Bianca, l&#8217;Adri\u00e0 Panadero i la Marta.<\/p>\n<p><strong>Noor 1r. ESO<\/strong><\/p>\n<p><a href=\"https:\/\/revista-insaiguaviva.org\/curs2013-2014\/wp-content\/uploads\/2013\/11\/lab1.jpg\"><img loading=\"lazy\" decoding=\"async\" class=\"alignnone size-full wp-image-159\" alt=\"lab1\" src=\"https:\/\/revista-insaiguaviva.org\/curs2013-2014\/wp-content\/uploads\/2013\/11\/lab1.jpg\" width=\"128\" height=\"96\" \/><\/a> <a href=\"https:\/\/revista-insaiguaviva.org\/curs2013-2014\/wp-content\/uploads\/2013\/11\/lab6.jpg\"><img loading=\"lazy\" decoding=\"async\" class=\"size-full wp-image-164 alignnone\" alt=\"lab6\" src=\"https:\/\/revista-insaiguaviva.org\/curs2013-2014\/wp-content\/uploads\/2013\/11\/lab6.jpg\" width=\"128\" height=\"96\" \/><\/a> <a href=\"https:\/\/revista-insaiguaviva.org\/curs2013-2014\/wp-content\/uploads\/2013\/11\/lab5.jpg\"><img loading=\"lazy\" decoding=\"async\" class=\"size-full wp-image-163 alignnone\" alt=\"lab5\" src=\"https:\/\/revista-insaiguaviva.org\/curs2013-2014\/wp-content\/uploads\/2013\/11\/lab5.jpg\" width=\"128\" height=\"96\" \/><\/a> <a href=\"https:\/\/revista-insaiguaviva.org\/curs2013-2014\/wp-content\/uploads\/2013\/11\/lab4.jpg\"><img loading=\"lazy\" decoding=\"async\" class=\"size-full wp-image-162 alignnone\" alt=\"lab4\" src=\"https:\/\/revista-insaiguaviva.org\/curs2013-2014\/wp-content\/uploads\/2013\/11\/lab4.jpg\" width=\"128\" height=\"96\" \/><\/a> <a href=\"https:\/\/revista-insaiguaviva.org\/curs2013-2014\/wp-content\/uploads\/2013\/11\/lab3.jpg\"><img loading=\"lazy\" decoding=\"async\" class=\"size-full wp-image-161 alignnone\" alt=\"lab3\" src=\"https:\/\/revista-insaiguaviva.org\/curs2013-2014\/wp-content\/uploads\/2013\/11\/lab3.jpg\" width=\"128\" height=\"96\" \/><\/a> <a href=\"https:\/\/revista-insaiguaviva.org\/curs2013-2014\/wp-content\/uploads\/2013\/11\/lab2.jpg\"><img loading=\"lazy\" decoding=\"async\" class=\"size-full wp-image-160 alignnone\" alt=\"lab2\" src=\"https:\/\/revista-insaiguaviva.org\/curs2013-2014\/wp-content\/uploads\/2013\/11\/lab2.jpg\" width=\"128\" height=\"96\" \/><\/a><\/p>\n","protected":false},"excerpt":{"rendered":"<p>En el laboratori estudiem les masses i els volums, i tamb\u00e9 experimentem amb l&#8217;aigua. La Mari Paz ens ha ensenyat com hem d&#8217;utilitzar el material i qu\u00e8 no hem de fer. Al laboratori ens ho passem molt b\u00e9! A la classe som la Loredana, l&#8217;Aroa, el Marc, el Guillem, el Daniel, el Ren\u00e9, l&#8217;Adri\u00e0, la &hellip; <a href=\"https:\/\/www.revista-insaiguaviva.org\/curs2013-2014\/ciencies-naturals\/tecniques-de-laboratori\/\" class=\"more-link\">Continua la lectura de <span class=\"screen-reader-text\">T\u00e8cniques de laboratori<\/span> <span class=\"meta-nav\">&rarr;<\/span><\/a><\/p>\n","protected":false},"author":3,"featured_media":0,"parent":61,"menu_order":0,"comment_status":"open","ping_status":"open","template":"","meta":{"footnotes":""},"class_list":["post-158","page","type-page","status-publish","hentry"],"_links":{"self":[{"href":"https:\/\/www.revista-insaiguaviva.org\/curs2013-2014\/wp-json\/wp\/v2\/pages\/158","targetHints":{"allow":["GET"]}}],"collection":[{"href":"https:\/\/www.revista-insaiguaviva.org\/curs2013-2014\/wp-json\/wp\/v2\/pages"}],"about":[{"href":"https:\/\/www.revista-insaiguaviva.org\/curs2013-2014\/wp-json\/wp\/v2\/types\/page"}],"author":[{"embeddable":true,"href":"https:\/\/www.revista-insaiguaviva.org\/curs2013-2014\/wp-json\/wp\/v2\/users\/3"}],"replies":[{"embeddable":true,"href":"https:\/\/www.revista-insaiguaviva.org\/curs2013-2014\/wp-json\/wp\/v2\/comments?post=158"}],"version-history":[{"count":1,"href":"https:\/\/www.revista-insaiguaviva.org\/curs2013-2014\/wp-json\/wp\/v2\/pages\/158\/revisions"}],"predecessor-version":[{"id":165,"href":"https:\/\/www.revista-insaiguaviva.org\/curs2013-2014\/wp-json\/wp\/v2\/pages\/158\/revisions\/165"}],"up":[{"embeddable":true,"href":"https:\/\/www.revista-insaiguaviva.org\/curs2013-2014\/wp-json\/wp\/v2\/pages\/61"}],"wp:attachment":[{"href":"https:\/\/www.revista-insaiguaviva.org\/curs2013-2014\/wp-json\/wp\/v2\/media?parent=158"}],"curies":[{"name":"wp","href":"https:\/\/api.w.org\/{rel}","templated":true}]}}