{"id":344,"date":"2014-02-10T17:42:54","date_gmt":"2014-02-10T17:42:54","guid":{"rendered":"https:\/\/revista-insaiguaviva.org\/curs2013-2014\/?page_id=344"},"modified":"2014-04-07T17:04:18","modified_gmt":"2014-04-07T17:04:18","slug":"descripciones-y-dialogos","status":"publish","type":"page","link":"https:\/\/www.revista-insaiguaviva.org\/curs2013-2014\/lengua-castellana-y-literatura\/descripciones-y-dialogos\/","title":{"rendered":"Descripciones y di\u00e1logos"},"content":{"rendered":"<p><strong>Di\u00e1logo 1<\/strong><\/p>\n<p><em>(Suena el timbre en casa de Marcos.)<\/em><\/p>\n<div>Marcos: Buenas noches, Bego\u00f1a. \u00a1Guau! Est\u00e1s preciosa.<\/div>\n<div>Bego\u00f1a: Buenas noches, Marcos. Gracias. Tu tambi\u00e9n est\u00e1s estupendo.<\/div>\n<div>Marcos: Gracias. Bueno&#8230;entra&#8230;, como si estuvieras en tu casa. Oh, dame tu abrigo, yo lo guardo.<\/div>\n<div>Bego\u00f1a: Toma. \u00a1Qu\u00e9 bonita es tu casa!<\/div>\n<div>Marcos: S\u00ed, bueno&#8230;podr\u00eda mejorarse pero el presupuesto no da para m\u00e1s.<\/div>\n<div>Bego\u00f1a: D\u00edmelo a m\u00ed&#8230; yo tengo un piso, la mitad de grande que el tuyo.<\/div>\n<div>Marcos: Si quieres, ya que nos conocemos mucho, podr\u00edas quedarte a dormir&#8230;<\/div>\n<div>Bego\u00f1a: Gracias, pero no quisiera molestar&#8230; Es tu casa y s\u00f3lo hemos quedado para cenar.<\/div>\n<div>Marcos: <em>(va corriendo a la cocina y desde all\u00ed grita)<\/em> Oh, no te preocupes, no es molestia. \u00a1Ya est\u00e1 la cena! Vamos, si\u00e9ntate en la mesa que ahora voy.<\/div>\n<div>Bego\u00f1a: Vale. \u00a1Ala! \u00a1Qu\u00e9 bandeja tan grande!<\/div>\n<div>Marcos: S\u00ed, es mi plato estrella: canelones caseros gratinados.<\/div>\n<div>Bego\u00f1a: Ah, y t\u00fa tambi\u00e9n has tra\u00eddo cena, vaya noche nos espera&#8230;<\/div>\n<div><\/div>\n<div><strong>Alfonso Galisteo 3r. A<\/strong><\/div>\n<div><\/div>\n<div>___________________________________________________________________________<\/div>\n<div><strong>Descripci\u00f3n 1<\/strong><\/div>\n<div><\/div>\n<div>\n<p style=\"text-align: justify;\">Mi lugar favorito para ir de vacaciones es Menorca. Menorca es una isla de Espa\u00f1a con unos paisajes de playa y de jardines muy bonitos. Sus aguas son azules turquesa, son muy cristalinas y hay muchos peces. La isla de Menorca est\u00e1 repleta de calas peque\u00f1as, de acantilados con muchos miradores donde se puede ver a veces la isla de Mallorca. Los jardines son muy verdes y repletos de un mont\u00f3n de p\u00e1jaros diferentes. Todos los muros de Menorca son blancos y est\u00e1n hechos de piedras. All\u00ed casi siempre hace sol en verano. Pero lo m\u00e1s bonito de Menorca son las puestas de sol en los acantilados donde rompen las olas o desde lo alto del faro de la isla.<\/p>\n<p><strong> Ramon Agraz 3r. A<\/strong><\/p>\n<p>___________________________________________________________________________<\/p>\n<p><strong>Descripci\u00f3n 2<\/strong><\/p>\n<p style=\"text-align: justify;\">Una calle cualquiera a eso de las nueve de la ma\u00f1ana. Una calle, o mejor dicho un callej\u00f3n, estrecho como el rayo de luz que se filtra por las ventanas de aquellas casas; unas casas antiguas, de rocas desiguales y puertas de madera, que conforman as\u00ed los muros en cada lado de aquel desierto lugar. El suelo lleno de baches por aquellas enormes piedras incrustadas en el asfalto. Justo ahora, una manada de gatos negros madrugadores cruzan la calle maullando, ese sonido es el despertador de cada ma\u00f1ana de aquellos peculiares vecinos. Las persianas de madera de un verde intenso ya se abr\u00edan, provocando as\u00ed el ruido que inundar\u00eda la calle haciendo callar a sus despertadores. Abr\u00edan sus ventanas sin ton ni son y, al ritmo de la m\u00fasica de fiesta mayor de invierno, que d\u00e9bilmente llegaba de la plaza, se saludaban entre s\u00ed cantando y gritando &#8220;\u00a1ha nevado!&#8221;. Hasta la noche no volvi\u00f3 la paz a aquellos estrechos rincones de un pueblo que nadie conoce el nombre.<\/p>\n<p style=\"text-align: justify;\"><strong>Cristina Aguilera 3\u00ba B<\/strong><\/p>\n<p style=\"text-align: justify;\">___________________________________________________________________________<\/p>\n<p style=\"text-align: justify;\"><strong>Descripci\u00f3n 3<\/strong><\/p>\n<p><strong><em>Insomnio<\/em><\/strong><\/p>\n<p style=\"text-align: justify;\">Oscuridad, as\u00ed se llama. La veo, no muy claramente, pero la veo, con la mirada perdida pero a la vez clavando sus negros ojos en m\u00ed. Camina pero est\u00e1 quieta. Se acerca pero se aleja. De piel oscura pero a la ven tan clara. La miro, me mira, con una mirada t\u00edmida y una leve sonrisa en la boca, perfecta y oscura como toda ella, capaz de hablarte de aventuras e historias fant\u00e1sticas y a la vez de cosas horribles y monstruosas. La veo de nuevo al pie de mi cama, la miro y me devuelve la mirada. La observo, es fr\u00eda y a la vez c\u00e1lida. T\u00edmida pero atrevida, insegura y a su vez tenaz. Se acerca lentamente, repitiendo el camino que tantas noches ha recorrido, hasta llegar a m\u00ed. Se acomoda encima m\u00edo, cruzando nuestras miradas una vez m\u00e1s. La miro con miedo e intimidada, noto mis p\u00e1rpados pesados cerr\u00e1ndose poco a poco. Me mira, su mano izquierda encuentra el camino hacia mi mu\u00f1eca mientras sale de mi boca un tembloroso suspiro causado por su estremecedor roce. Su mano derecha agarra mis s\u00e1banas destap\u00e1ndome y empieza a recorrer mi cuerpo con sus frias manos hasta llegar a mi barbilla, donde se para. La veo, est\u00e1 clavando sus ojos en los m\u00edos por \u00faltima vez esa noche. La miro yo tambi\u00e9n, con ojos cansados y adormecidos, aunque ya casi no la veo, pues es oscura pero m\u00e1s p\u00e1lida que antes. Para mi sorpresa, inclina su cabeza hasta tocar con su g\u00e9lida frente la m\u00eda. Con cansancio, cierro los ojos ya por completo, mientras ella acerca sus labios a los m\u00edos, cerrando as\u00ed el \u00fanico espacio que qued\u00e1ba entre nustros cuerpos. Unos instantes pasan y, a\u00fan con los ojos cerrados, noto como apoya su cabeza en mi pecho desnudo mientras escapa de sus labios un breve susurro casi imperceptible, un &#8220;Hasta luego&#8221; triste e inseguro. Pasa un tiempo, abro los ojos&#8230; ya no est\u00e1, y en su lugar un rayo de luz invade la habitaci\u00f3n desde mi ventana. &#8220;Hasta luego&#8221; digo a la nada, y recuerdo su nombre: Oscuridad, as\u00ed se llama.<\/p>\n<p style=\"text-align: justify;\"><strong>Khaira Mart\u00ednez 3\u00ba B<\/strong><\/p>\n<p style=\"text-align: justify;\">__________________________________________________________________________<\/p>\n<\/div>\n<div style=\"text-align: justify;\"><strong>Descripci\u00f3n 4<\/strong><\/div>\n<div style=\"text-align: justify;\"><\/div>\n<div style=\"text-align: justify;\">\n<p>Despert\u00e9. Me encontraba fatal: la cabeza a reventar y el cuerpo casi no me respond\u00eda. Sal\u00ed de mi habitaci\u00f3n, a\u00fan con los ojos cerrados y entr\u00e9 en la cocina. Pens\u00e9 que un caf\u00e9 a lo mejor podr\u00eda despertarme y aliviar la sensaci\u00f3n de pastosidad en la boca. Mientras la cafetera hac\u00eda el caf\u00e9, abr\u00ed del todo los ojos: lo primero que vi fue una enorme mancha amarilla en la esquina de la cocina. Pronto, mis ojos se posaron sobre la inmensa pila de platos que se encontraban en un estado de remojo casi perpetuo. No ten\u00eda tiempo para tonter\u00edas como aquella, pero deb\u00eda reconocer que se estaba tornando en una amenaza: ahora los platos estaban completamente negros y parec\u00eda que estuviesen desafi\u00e1ndome a lavarlos.\u00a0El olor era insoportable.<\/p>\n<p>\u2018Al fin he dejado atr\u00e1s ese desorden\u2019 pens\u00e9, aliviado. Pero me llev\u00e9 una amplia decepci\u00f3n al entrar al sal\u00f3n: hab\u00eda estado en la India y vi granjas de elefantes m\u00e1s limpias que ese sal\u00f3n.\u00a0Hab\u00eda una extra\u00f1a mancha negra que parec\u00eda reptar por la pared. La pinch\u00e9. Agua marr\u00f3n a borbotones. \u2018El vecino\u2019 me vino a la cabeza en aquel momento. El suelo estaba lleno de varios tipos de recipientes, todos vac\u00edos, o de\u2026 Y entonces pude despertarme y desanimado lo record\u00e9: mis padres ven\u00edan aquella misma tarde.\u00a0 Y eso no era todo: sobre esa capa se encontraban otras muchas m\u00e1s: Una de pa\u00f1uelos de hac\u00eda medio a\u00f1o, todo por un est\u00fapido desencuentro con el amor, botellas de diferentes bebidas energ\u00e9ticas, resultado de los ex\u00e1menes, cajas de pizzas y de comida china, junto a una botella de cristal en cuyo interior se pod\u00eda observar una especie de bola en descomposici\u00f3n que me hizo tener ganas de vomitar.<\/p>\n<p>Y la cosa no mejor\u00f3 al entrar en el ba\u00f1o\u2026<\/p>\n<p><strong>Jos\u00e9 Capit\u00e1n 3\u00baB<\/strong><\/p>\n<p>__________________________________________________________________________<\/p>\n<\/div>\n<div><\/div>\n<div><\/div>\n<div class=\"yj6qo ajU\">\n<div class=\"ajR\" id=\":kr\" tabindex=\"0\" role=\"button\" data-tooltip=\"Muestra el contenido reducido\"><img decoding=\"async\" class=\"ajT\" alt=\"\" src=\"https:\/\/mail.google.com\/mail\/u\/0\/images\/cleardot.gif\" \/><\/div>\n<\/div>\n","protected":false},"excerpt":{"rendered":"<p>Di\u00e1logo 1 (Suena el timbre en casa de Marcos.) Marcos: Buenas noches, Bego\u00f1a. \u00a1Guau! Est\u00e1s preciosa. Bego\u00f1a: Buenas noches, Marcos. Gracias. Tu tambi\u00e9n est\u00e1s estupendo. Marcos: Gracias. Bueno&#8230;entra&#8230;, como si estuvieras en tu casa. Oh, dame tu abrigo, yo lo guardo. Bego\u00f1a: Toma. \u00a1Qu\u00e9 bonita es tu casa! Marcos: S\u00ed, bueno&#8230;podr\u00eda mejorarse pero el presupuesto &hellip; <a href=\"https:\/\/www.revista-insaiguaviva.org\/curs2013-2014\/lengua-castellana-y-literatura\/descripciones-y-dialogos\/\" class=\"more-link\">Continua la lectura de <span class=\"screen-reader-text\">Descripciones y di\u00e1logos<\/span> <span class=\"meta-nav\">&rarr;<\/span><\/a><\/p>\n","protected":false},"author":1,"featured_media":0,"parent":52,"menu_order":0,"comment_status":"open","ping_status":"open","template":"","meta":{"footnotes":""},"class_list":["post-344","page","type-page","status-publish","hentry"],"_links":{"self":[{"href":"https:\/\/www.revista-insaiguaviva.org\/curs2013-2014\/wp-json\/wp\/v2\/pages\/344","targetHints":{"allow":["GET"]}}],"collection":[{"href":"https:\/\/www.revista-insaiguaviva.org\/curs2013-2014\/wp-json\/wp\/v2\/pages"}],"about":[{"href":"https:\/\/www.revista-insaiguaviva.org\/curs2013-2014\/wp-json\/wp\/v2\/types\/page"}],"author":[{"embeddable":true,"href":"https:\/\/www.revista-insaiguaviva.org\/curs2013-2014\/wp-json\/wp\/v2\/users\/1"}],"replies":[{"embeddable":true,"href":"https:\/\/www.revista-insaiguaviva.org\/curs2013-2014\/wp-json\/wp\/v2\/comments?post=344"}],"version-history":[{"count":4,"href":"https:\/\/www.revista-insaiguaviva.org\/curs2013-2014\/wp-json\/wp\/v2\/pages\/344\/revisions"}],"predecessor-version":[{"id":434,"href":"https:\/\/www.revista-insaiguaviva.org\/curs2013-2014\/wp-json\/wp\/v2\/pages\/344\/revisions\/434"}],"up":[{"embeddable":true,"href":"https:\/\/www.revista-insaiguaviva.org\/curs2013-2014\/wp-json\/wp\/v2\/pages\/52"}],"wp:attachment":[{"href":"https:\/\/www.revista-insaiguaviva.org\/curs2013-2014\/wp-json\/wp\/v2\/media?parent=344"}],"curies":[{"name":"wp","href":"https:\/\/api.w.org\/{rel}","templated":true}]}}