{"id":560,"date":"2014-06-08T16:33:47","date_gmt":"2014-06-08T16:33:47","guid":{"rendered":"https:\/\/revista-insaiguaviva.org\/curs2013-2014\/?page_id=560"},"modified":"2014-06-08T17:49:03","modified_gmt":"2014-06-08T17:49:03","slug":"robolot-2014","status":"publish","type":"page","link":"https:\/\/www.revista-insaiguaviva.org\/curs2013-2014\/tecnologia\/robolot-2014\/","title":{"rendered":"Robolot 2014"},"content":{"rendered":"<p style=\"text-align: justify;\"><strong>Robolot<\/strong> \u00e9s un esdeveniment organitzat per l&#8217;INS La Garrotxa, la Fundaci\u00f3 Pr\u00edncep de<a href=\"https:\/\/revista-insaiguaviva.org\/curs2013-2014\/wp-content\/uploads\/2014\/06\/P1220825.jpg\"><img loading=\"lazy\" decoding=\"async\" class=\"alignright size-thumbnail wp-image-572\" alt=\"P1220825\" src=\"https:\/\/revista-insaiguaviva.org\/curs2013-2014\/wp-content\/uploads\/2014\/06\/P1220825-150x150.jpg\" width=\"150\" height=\"150\" \/><\/a> Girona i l&#8217;Ajuntament d&#8217;Olot. El seu objectiu principal \u00e9s despertar l&#8217;esperit de recerca tecnol\u00f2gica entre els m\u00e9s joves. Robolot consta de dos apartats: un concurs de robots en les categories <em>Minisumo, Rastrejadors, Ninisumo Lego i Lego Mindstorms<\/em>, i una jornada d&#8217;intercanvi d&#8217;experi\u00e8ncies relacionades amb els robots did\u00e0ctics.<\/p>\n<p style=\"text-align: justify;\">\n<p style=\"text-align: justify;\"><a href=\"https:\/\/revista-insaiguaviva.org\/curs2013-2014\/wp-content\/uploads\/2014\/06\/P1220820.jpg\"><img loading=\"lazy\" decoding=\"async\" class=\"alignleft size-thumbnail wp-image-574\" alt=\"P1220820\" src=\"https:\/\/revista-insaiguaviva.org\/curs2013-2014\/wp-content\/uploads\/2014\/06\/P1220820-150x150.jpg\" width=\"150\" height=\"150\" \/><\/a>En aquesta jornada el nostre institut va participar en una taula rodona amb representants dels projectes &#8220;Imagina Android&#8221;, &#8220;Imagina Scratch&#8221;, &#8220;Imagina Robolot&#8221; i &#8220;Dissenyem entre tots les eines d&#8217;aprenentatge tecnol\u00f2gic per a prim\u00e0ria, secund\u00e0ria, batxillerat i FP&#8221;, on es va presentar una nova placa de control. Aquesta placa ha estat desenvolupada per <strong>Innova didactic-picaxe.es, <\/strong>amb l&#8217;objectiu de ser una placa vers\u00e0til, econ\u00f2mica, de f\u00e0cil connectivitat i adre\u00e7ada a estudiants i docents, i en col\u00b7laboraci\u00f3 amb altres institucions, entre les quals es troba l&#8217;<strong>Institut Aiguaviva<\/strong> i el ser director, l&#8217;<strong>Ernest Nogueira<\/strong>.<strong>\u00a0<\/strong><\/p>\n<p style=\"text-align: justify;\">El nostre institut ha adquirit en prim\u00edcis 20 d&#8217;aquestes plaques per poder comen\u00e7ar a treballar amb els alumnes. aquests plaques es poden programar en Scratch, Logicator i aviat en C. Aquestes plaques han de servir per introduir els alumnes en la programaci\u00f3 i la rob\u00f2tica des de 1r. ESO, fent-les servir de forma interdisciplinar i com a eina per adquirir les compet\u00e8ncies b\u00e0siques.<\/p>\n<p dir=\"ltr\" style=\"line-height: 1.15; margin-top: 0pt; margin-bottom: 0pt; text-align: right;\">(<a href=\"https:\/\/picasaweb.google.com\/108645244170341832553\/ROBOLOT2014\">M\u00e9s fotos<\/a>)<\/p>\n","protected":false},"excerpt":{"rendered":"<p>Robolot \u00e9s un esdeveniment organitzat per l&#8217;INS La Garrotxa, la Fundaci\u00f3 Pr\u00edncep de Girona i l&#8217;Ajuntament d&#8217;Olot. El seu objectiu principal \u00e9s despertar l&#8217;esperit de recerca tecnol\u00f2gica entre els m\u00e9s joves. Robolot consta de dos apartats: un concurs de robots en les categories Minisumo, Rastrejadors, Ninisumo Lego i Lego Mindstorms, i una jornada d&#8217;intercanvi d&#8217;experi\u00e8ncies &hellip; <a href=\"https:\/\/www.revista-insaiguaviva.org\/curs2013-2014\/tecnologia\/robolot-2014\/\" class=\"more-link\">Continua la lectura de <span class=\"screen-reader-text\">Robolot 2014<\/span> <span class=\"meta-nav\">&rarr;<\/span><\/a><\/p>\n","protected":false},"author":1,"featured_media":0,"parent":67,"menu_order":0,"comment_status":"open","ping_status":"open","template":"","meta":{"footnotes":""},"class_list":["post-560","page","type-page","status-publish","hentry"],"_links":{"self":[{"href":"https:\/\/www.revista-insaiguaviva.org\/curs2013-2014\/wp-json\/wp\/v2\/pages\/560","targetHints":{"allow":["GET"]}}],"collection":[{"href":"https:\/\/www.revista-insaiguaviva.org\/curs2013-2014\/wp-json\/wp\/v2\/pages"}],"about":[{"href":"https:\/\/www.revista-insaiguaviva.org\/curs2013-2014\/wp-json\/wp\/v2\/types\/page"}],"author":[{"embeddable":true,"href":"https:\/\/www.revista-insaiguaviva.org\/curs2013-2014\/wp-json\/wp\/v2\/users\/1"}],"replies":[{"embeddable":true,"href":"https:\/\/www.revista-insaiguaviva.org\/curs2013-2014\/wp-json\/wp\/v2\/comments?post=560"}],"version-history":[{"count":14,"href":"https:\/\/www.revista-insaiguaviva.org\/curs2013-2014\/wp-json\/wp\/v2\/pages\/560\/revisions"}],"predecessor-version":[{"id":589,"href":"https:\/\/www.revista-insaiguaviva.org\/curs2013-2014\/wp-json\/wp\/v2\/pages\/560\/revisions\/589"}],"up":[{"embeddable":true,"href":"https:\/\/www.revista-insaiguaviva.org\/curs2013-2014\/wp-json\/wp\/v2\/pages\/67"}],"wp:attachment":[{"href":"https:\/\/www.revista-insaiguaviva.org\/curs2013-2014\/wp-json\/wp\/v2\/media?parent=560"}],"curies":[{"name":"wp","href":"https:\/\/api.w.org\/{rel}","templated":true}]}}