{"id":596,"date":"2014-06-10T18:31:22","date_gmt":"2014-06-10T18:31:22","guid":{"rendered":"https:\/\/revista-insaiguaviva.org\/curs2013-2014\/?page_id=596"},"modified":"2014-06-10T18:31:22","modified_gmt":"2014-06-10T18:31:22","slug":"els-arguments-de-2n-deso","status":"publish","type":"page","link":"https:\/\/www.revista-insaiguaviva.org\/curs2013-2014\/opinio\/els-arguments-de-2n-deso\/","title":{"rendered":"Els arguments de 2n. d&#8217;ESO"},"content":{"rendered":"<p style=\"text-align: justify;\">Cada vegada hi ha m\u00e9s pefils a twitter on animen a l&#8217;anor\u00e8xia, l&#8217;autolesi\u00f3, l&#8217;homof\u00f2bia, etc. L&#8217;actual societat est\u00e0 transtornant a molts adolescents, sobretot a les adolescents, i el problema principal \u00e9s el pes. Fa anys va existir una model que es deia Marilyn Monroe; va ser una de les m\u00e0ximes figures er\u00f2tiques. Sabeu quan pesava? 62 kg. Ara si peses m\u00e9s de 60 kg, i tamb\u00e9 dep\u00e8n de la teva al\u00e7ada, ets considerada grassa.<\/p>\n<p style=\"text-align: justify;\">S\u00ed, potser penseu que ser grassa tampoc \u00e9s un gran problema. No \u00e9s un problema si les persones que tens alcostatt&#8217;accepten. Per\u00f2 si, com sol passar, et deixen\u00a0 de costat i t&#8217;exclouen, aleshores es crea el problema. Comen\u00e7a la baixa d&#8217;autoestima, comencen a comprar roba ampla, a no voler sortir de casa . Llavors pot apar\u00e8ixer l&#8217;anor\u00e8xia, la bul\u00edmia o, en altres casos, l&#8217;autolesi\u00f3.<\/p>\n<p style=\"text-align: justify;\">Hi ha noies d&#8217;entre 14 i 16 anys, que \u00e9s la franja d&#8217;edat m\u00e9s freq\u00fcent, que pugen fotografies de talls als canells i als bra\u00e7os . Tamb\u00e9 pugen fotografies de clav\u00edcules marcades, d&#8217;espais entre les dues cames, dels ossos dels malucs. I hi ha comentaris del tipus &#8220;Em faig f\u00e0stic&#8221; o &#8220;Quina perfecci\u00f3!&#8221;.<\/p>\n<p style=\"text-align: justify;\">La societat ens est\u00e0 fent ser maniqu\u00eds. Tots hem de ser iguals. L&#8217;igual \u00e9s avorrit. Desitjo viure en un m\u00f3n on la gent et respecti per com ets. Que tothom sigui bona persona amb tothom. Per\u00f2 no aix\u00f2 no passar\u00e0 mai. No em digueu que no tinc ra\u00f3.<\/p>\n<p style=\"text-align: justify;\"><strong>Rocio Osuna 2n. A<\/strong><\/p>\n<p style=\"text-align: justify;\">________________________________________________________________________<\/p>\n<p>&nbsp;<\/p>\n","protected":false},"excerpt":{"rendered":"<p>Cada vegada hi ha m\u00e9s pefils a twitter on animen a l&#8217;anor\u00e8xia, l&#8217;autolesi\u00f3, l&#8217;homof\u00f2bia, etc. L&#8217;actual societat est\u00e0 transtornant a molts adolescents, sobretot a les adolescents, i el problema principal \u00e9s el pes. Fa anys va existir una model que es deia Marilyn Monroe; va ser una de les m\u00e0ximes figures er\u00f2tiques. Sabeu quan pesava? &hellip; <a href=\"https:\/\/www.revista-insaiguaviva.org\/curs2013-2014\/opinio\/els-arguments-de-2n-deso\/\" class=\"more-link\">Continua la lectura de <span class=\"screen-reader-text\">Els arguments de 2n. d&#8217;ESO<\/span> <span class=\"meta-nav\">&rarr;<\/span><\/a><\/p>\n","protected":false},"author":1,"featured_media":0,"parent":25,"menu_order":0,"comment_status":"open","ping_status":"open","template":"","meta":{"footnotes":""},"class_list":["post-596","page","type-page","status-publish","hentry"],"_links":{"self":[{"href":"https:\/\/www.revista-insaiguaviva.org\/curs2013-2014\/wp-json\/wp\/v2\/pages\/596","targetHints":{"allow":["GET"]}}],"collection":[{"href":"https:\/\/www.revista-insaiguaviva.org\/curs2013-2014\/wp-json\/wp\/v2\/pages"}],"about":[{"href":"https:\/\/www.revista-insaiguaviva.org\/curs2013-2014\/wp-json\/wp\/v2\/types\/page"}],"author":[{"embeddable":true,"href":"https:\/\/www.revista-insaiguaviva.org\/curs2013-2014\/wp-json\/wp\/v2\/users\/1"}],"replies":[{"embeddable":true,"href":"https:\/\/www.revista-insaiguaviva.org\/curs2013-2014\/wp-json\/wp\/v2\/comments?post=596"}],"version-history":[{"count":1,"href":"https:\/\/www.revista-insaiguaviva.org\/curs2013-2014\/wp-json\/wp\/v2\/pages\/596\/revisions"}],"predecessor-version":[{"id":597,"href":"https:\/\/www.revista-insaiguaviva.org\/curs2013-2014\/wp-json\/wp\/v2\/pages\/596\/revisions\/597"}],"up":[{"embeddable":true,"href":"https:\/\/www.revista-insaiguaviva.org\/curs2013-2014\/wp-json\/wp\/v2\/pages\/25"}],"wp:attachment":[{"href":"https:\/\/www.revista-insaiguaviva.org\/curs2013-2014\/wp-json\/wp\/v2\/media?parent=596"}],"curies":[{"name":"wp","href":"https:\/\/api.w.org\/{rel}","templated":true}]}}