{"id":609,"date":"2014-06-24T15:24:35","date_gmt":"2014-06-24T15:24:35","guid":{"rendered":"https:\/\/revista-insaiguaviva.org\/curs2013-2014\/?page_id=609"},"modified":"2014-06-24T15:32:14","modified_gmt":"2014-06-24T15:32:14","slug":"intercanvi-amb-narbona","status":"publish","type":"page","link":"https:\/\/www.revista-insaiguaviva.org\/curs2013-2014\/activitats\/intercanvi-amb-narbona\/","title":{"rendered":"Intercanvi amb Narbona"},"content":{"rendered":"<p style=\"text-align: justify;\"><strong>El nostre intercanvi amb el <em>coll\u00e8ge<\/em> Victor Hugo de Narbonne (juny 2014)<\/strong><\/p>\n<p style=\"text-align: justify;\">Tot va comen\u00e7ar el dijous 12 de juny. Tots els alumnes de franc\u00e8s de tercer de l&#8217;ESO i alguns d&#8217;angl\u00e8s an\u00e0vem cam\u00ed cap a Narbona, una ciutat de Fran\u00e7a. Est\u00e0vem tan nerviosos que vam comen\u00e7ar a aixecar el to de veu. L&#8217;escola Victor Hugo era el nostre dest\u00ed. Un intercanvi que semblava que mai no arribaria i que ara el ten\u00edem davant dels nostres nassos.<\/p>\n<p style=\"text-align: justify;\">Quan vam arribar a l&#8217;escola, tothom ens mirava com si vingu\u00e9ssim de la lluna. A l&#8217;hora de <a href=\"https:\/\/revista-insaiguaviva.org\/curs2013-2014\/wp-content\/uploads\/2014\/06\/image-3.jpeg\"><img loading=\"lazy\" decoding=\"async\" class=\"alignright size-medium wp-image-614\" alt=\"image-3\" src=\"https:\/\/revista-insaiguaviva.org\/curs2013-2014\/wp-content\/uploads\/2014\/06\/image-3-224x300.jpeg\" width=\"224\" height=\"300\" srcset=\"https:\/\/www.revista-insaiguaviva.org\/curs2013-2014\/wp-content\/uploads\/2014\/06\/image-3-224x300.jpeg 224w, https:\/\/www.revista-insaiguaviva.org\/curs2013-2014\/wp-content\/uploads\/2014\/06\/image-3-765x1024.jpeg 765w, https:\/\/www.revista-insaiguaviva.org\/curs2013-2014\/wp-content\/uploads\/2014\/06\/image-3.jpeg 1536w\" sizes=\"auto, (max-width: 224px) 100vw, 224px\" \/><\/a> menjar ens van fer seure amb els nostres corresponents i m\u00e9s tard ens van ensenyar Narbone, acompanyat d&#8217;una petita <em>merendola<\/em> a l&#8217;ajuntament. Despr\u00e9s cadasc\u00fa va marxar a la casa corresponent. En el meu cas, no nom\u00e9s hi anava jo, sin\u00f3 tamb\u00e9 la meva companya Alba. La nostra <em>correspondant<\/em> era la Zoe, una noia molt simp\u00e0tica i alegre.<\/p>\n<p style=\"text-align: justify;\">Al dia seg\u00fcent, divendres, tots vam anar al mercat de Narbona a fer preguntes en franc\u00e8s als venedors, en el meu cas amb l&#8217;ajut de la Zoe. Per menjar vam anar a un bosc i a la tarda vam anar a banyar-nos a la platja. De cam\u00ed cap a la platja vam cantar una can\u00e7\u00f3 molt divertida que consistia a repetir el que deia un dels nois francesos, el Jason. Vaig acabar el dia anant a sopar amb l&#8217;Alba i la fam\u00edlia de la meva corresponent a un restaurant.<\/p>\n<p style=\"text-align: justify;\">Dissabte l&#8217;Alba, la Zoe, el Pau, l&#8217;Albert, el Jason i jo, vam anar a fer una volta per Ouveillan, el poble dels dos francesos. Despr\u00e9s de menjar la Zoe, l&#8217;Alba i jo vam anar a la bolera i ens ho vam passar genial. Des de la tarda fins la nit vam estar en una festa del tennis amb la fam\u00edlia. Vam fer tonteries i vam ballar, des d&#8217;aquell dia vam agafar una confian\u00e7a molt gran.<\/p>\n<p style=\"text-align: justify;\">Diumenge al mat\u00ed, ens vam quedar a casa, per\u00f2 no ens vam avorrir, ja que vam fer un joc<a href=\"https:\/\/revista-insaiguaviva.org\/curs2013-2014\/wp-content\/uploads\/2014\/06\/image-4.jpeg\"><img loading=\"lazy\" decoding=\"async\" class=\"alignright size-medium wp-image-615\" alt=\"image-4\" src=\"https:\/\/revista-insaiguaviva.org\/curs2013-2014\/wp-content\/uploads\/2014\/06\/image-4-300x224.jpeg\" width=\"300\" height=\"224\" srcset=\"https:\/\/www.revista-insaiguaviva.org\/curs2013-2014\/wp-content\/uploads\/2014\/06\/image-4-300x224.jpeg 300w, https:\/\/www.revista-insaiguaviva.org\/curs2013-2014\/wp-content\/uploads\/2014\/06\/image-4-1024x765.jpeg 1024w\" sizes=\"auto, (max-width: 300px) 100vw, 300px\" \/><\/a> consistent a esbrinar quin dibuix estava fent una de les tres amb els ulls tancats, vam riure molt. Despr\u00e9s de menjar teniem pensat anar a la platja, per\u00f2 la pluja va trencar tots els plans, aix\u00f2 s\u00ed, no va impedir que un nou pla aparegu\u00e9s. Vam anar a un spa amb una amiga de la Zoe i ens vam relaxar. A la nit, despr\u00e9s de sopar, vam gravar v\u00eddeos i vam passar l&#8217;ultima nit juntes, ja que al dia seg\u00fcent era l&#8217;hora de tornar a casa.<\/p>\n<p style=\"text-align: justify;\">Dilluns al mat\u00ed ens dirig\u00edem amb el cotxe cap a l&#8217;escola. Vam fer classe les tres primeres hores i despr\u00e9s vam anar a una sala on els francesos ens van cantar una can\u00e7\u00f3. Nosaltres els en vam cantar una altra i despr\u00e9s tots vam cantar la famosa can\u00e7\u00f3 de l&#8217;autob\u00fas. Tot seguit vam menjar. Una vegada acabat, nom\u00e9s ens quedaven 2 hores per marxar. Vam passar aquest temps gastant bromes entre nosaltres, per\u00f2 quan va arribar el moment de marxar la majoria vam comen\u00e7ar a plorar (jo inclosa). Ens feia pena marxar i no veure&#8217;ls fins despr\u00e9s d&#8217;un temps. Vam passar unes minivacances molt bones i vam aprendre moltes coses. Ens enduem una bona experi\u00e8ncia i uns bons amics. Sempre els recordar\u00e9.<\/p>\n<p><strong>Laura L\u00f3pez 3r. B<\/strong><\/p>\n","protected":false},"excerpt":{"rendered":"<p>El nostre intercanvi amb el coll\u00e8ge Victor Hugo de Narbonne (juny 2014) Tot va comen\u00e7ar el dijous 12 de juny. Tots els alumnes de franc\u00e8s de tercer de l&#8217;ESO i alguns d&#8217;angl\u00e8s an\u00e0vem cam\u00ed cap a Narbona, una ciutat de Fran\u00e7a. Est\u00e0vem tan nerviosos que vam comen\u00e7ar a aixecar el to de veu. L&#8217;escola Victor &hellip; <a href=\"https:\/\/www.revista-insaiguaviva.org\/curs2013-2014\/activitats\/intercanvi-amb-narbona\/\" class=\"more-link\">Continua la lectura de <span class=\"screen-reader-text\">Intercanvi amb Narbona<\/span> <span class=\"meta-nav\">&rarr;<\/span><\/a><\/p>\n","protected":false},"author":1,"featured_media":0,"parent":27,"menu_order":0,"comment_status":"open","ping_status":"open","template":"","meta":{"footnotes":""},"class_list":["post-609","page","type-page","status-publish","hentry"],"_links":{"self":[{"href":"https:\/\/www.revista-insaiguaviva.org\/curs2013-2014\/wp-json\/wp\/v2\/pages\/609","targetHints":{"allow":["GET"]}}],"collection":[{"href":"https:\/\/www.revista-insaiguaviva.org\/curs2013-2014\/wp-json\/wp\/v2\/pages"}],"about":[{"href":"https:\/\/www.revista-insaiguaviva.org\/curs2013-2014\/wp-json\/wp\/v2\/types\/page"}],"author":[{"embeddable":true,"href":"https:\/\/www.revista-insaiguaviva.org\/curs2013-2014\/wp-json\/wp\/v2\/users\/1"}],"replies":[{"embeddable":true,"href":"https:\/\/www.revista-insaiguaviva.org\/curs2013-2014\/wp-json\/wp\/v2\/comments?post=609"}],"version-history":[{"count":3,"href":"https:\/\/www.revista-insaiguaviva.org\/curs2013-2014\/wp-json\/wp\/v2\/pages\/609\/revisions"}],"predecessor-version":[{"id":617,"href":"https:\/\/www.revista-insaiguaviva.org\/curs2013-2014\/wp-json\/wp\/v2\/pages\/609\/revisions\/617"}],"up":[{"embeddable":true,"href":"https:\/\/www.revista-insaiguaviva.org\/curs2013-2014\/wp-json\/wp\/v2\/pages\/27"}],"wp:attachment":[{"href":"https:\/\/www.revista-insaiguaviva.org\/curs2013-2014\/wp-json\/wp\/v2\/media?parent=609"}],"curies":[{"name":"wp","href":"https:\/\/api.w.org\/{rel}","templated":true}]}}