{"id":114,"date":"2015-12-02T22:04:04","date_gmt":"2015-12-02T20:04:04","guid":{"rendered":"https:\/\/revista-insaiguaviva.org\/curs2015-2016\/?page_id=114"},"modified":"2015-12-03T15:59:27","modified_gmt":"2015-12-03T13:59:27","slug":"col%c2%b7laboracions","status":"publish","type":"page","link":"https:\/\/www.revista-insaiguaviva.org\/curs2015-2016\/col%c2%b7laboracions\/","title":{"rendered":"Col\u00b7laboracions"},"content":{"rendered":"<p>&nbsp;<\/p>\n<p><strong>Voleu col\u00b7laborar amb la revista?<\/strong><\/p>\n<p style=\"text-align: left;\">Si voleu col\u00b7laborar amb la revista del centre per explicar alguna de les moltes coses que fem al centre i aix\u00ed donar-ho a con\u00e8ixer als vostres companys, als amics, a la fam\u00edlia\u2026\u00a0 podeu enviar els vostres escrits a\u2026<\/p>\n<p style=\"text-align: center;\"><strong>pcruzans@insaiguaviva.org<\/strong><\/p>\n<p>Ep! I no us oblideu de les fotos\u2026!<\/p>\n<p>&nbsp;<\/p>\n","protected":false},"excerpt":{"rendered":"<p>&nbsp; Voleu col\u00b7laborar amb la revista? Si voleu col\u00b7laborar amb la revista del centre per explicar alguna de les moltes coses que fem al centre i aix\u00ed donar-ho a con\u00e8ixer als vostres companys, als amics, a la fam\u00edlia\u2026\u00a0 podeu enviar els vostres escrits a\u2026 pcruzans@insaiguaviva.org Ep! I no us oblideu de les fotos\u2026! &nbsp;<\/p>\n","protected":false},"author":1,"featured_media":0,"parent":0,"menu_order":0,"comment_status":"closed","ping_status":"closed","template":"","meta":{"footnotes":""},"class_list":["post-114","page","type-page","status-publish","hentry"],"_links":{"self":[{"href":"https:\/\/www.revista-insaiguaviva.org\/curs2015-2016\/wp-json\/wp\/v2\/pages\/114","targetHints":{"allow":["GET"]}}],"collection":[{"href":"https:\/\/www.revista-insaiguaviva.org\/curs2015-2016\/wp-json\/wp\/v2\/pages"}],"about":[{"href":"https:\/\/www.revista-insaiguaviva.org\/curs2015-2016\/wp-json\/wp\/v2\/types\/page"}],"author":[{"embeddable":true,"href":"https:\/\/www.revista-insaiguaviva.org\/curs2015-2016\/wp-json\/wp\/v2\/users\/1"}],"replies":[{"embeddable":true,"href":"https:\/\/www.revista-insaiguaviva.org\/curs2015-2016\/wp-json\/wp\/v2\/comments?post=114"}],"version-history":[{"count":2,"href":"https:\/\/www.revista-insaiguaviva.org\/curs2015-2016\/wp-json\/wp\/v2\/pages\/114\/revisions"}],"predecessor-version":[{"id":116,"href":"https:\/\/www.revista-insaiguaviva.org\/curs2015-2016\/wp-json\/wp\/v2\/pages\/114\/revisions\/116"}],"wp:attachment":[{"href":"https:\/\/www.revista-insaiguaviva.org\/curs2015-2016\/wp-json\/wp\/v2\/media?parent=114"}],"curies":[{"name":"wp","href":"https:\/\/api.w.org\/{rel}","templated":true}]}}