{"id":129,"date":"2015-12-10T19:26:24","date_gmt":"2015-12-10T17:26:24","guid":{"rendered":"https:\/\/revista-insaiguaviva.org\/curs2015-2016\/?page_id=129"},"modified":"2016-01-23T09:36:05","modified_gmt":"2016-01-23T07:36:05","slug":"fem-radio","status":"publish","type":"page","link":"https:\/\/www.revista-insaiguaviva.org\/curs2015-2016\/fem-radio\/","title":{"rendered":"FEM R\u00c0DIO"},"content":{"rendered":"<p>Aquest \u00e9s l&#8217;espai dels alumnes de 2n d&#8217;ESO\u00a0que cursen\u00a0l&#8217;optativa de r\u00e0dio.<\/p>\n<p>S&#8217;aniran penjant tots els programes que es gravaran al llarg del curs al programa <em>Posa&#8217;t les piles<\/em> de R\u00e0dio Mollet.<\/p>\n<p>Aquests s\u00f3n els alumnes que van participar al 2n programa:<\/p>\n<p><a href=\"https:\/\/revista-insaiguaviva.org\/curs2015-2016\/wp-content\/uploads\/2015\/12\/20151204_114219_2.jpg\"><img loading=\"lazy\" decoding=\"async\" class=\"alignnone wp-image-188 size-full\" src=\"https:\/\/revista-insaiguaviva.org\/curs2015-2016\/wp-content\/uploads\/2015\/12\/20151204_114219_2.jpg\" alt=\"20151204_114219_2\" width=\"4128\" height=\"2322\" srcset=\"https:\/\/www.revista-insaiguaviva.org\/curs2015-2016\/wp-content\/uploads\/2015\/12\/20151204_114219_2.jpg 4128w, https:\/\/www.revista-insaiguaviva.org\/curs2015-2016\/wp-content\/uploads\/2015\/12\/20151204_114219_2-300x169.jpg 300w, https:\/\/www.revista-insaiguaviva.org\/curs2015-2016\/wp-content\/uploads\/2015\/12\/20151204_114219_2-1024x576.jpg 1024w\" sizes=\"auto, (max-width: 4128px) 100vw, 4128px\" \/><\/a><\/p>\n<p>&nbsp;<\/p>\n<p>&nbsp;<\/p>\n","protected":false},"excerpt":{"rendered":"<p>Aquest \u00e9s l&#8217;espai dels alumnes de 2n d&#8217;ESO\u00a0que cursen\u00a0l&#8217;optativa de r\u00e0dio. S&#8217;aniran penjant tots els programes que es gravaran al llarg del curs al programa Posa&#8217;t les piles de R\u00e0dio Mollet. Aquests s\u00f3n els alumnes que van participar al 2n programa: &nbsp; &nbsp;<\/p>\n","protected":false},"author":2,"featured_media":0,"parent":0,"menu_order":0,"comment_status":"closed","ping_status":"closed","template":"","meta":{"footnotes":""},"class_list":["post-129","page","type-page","status-publish","hentry"],"_links":{"self":[{"href":"https:\/\/www.revista-insaiguaviva.org\/curs2015-2016\/wp-json\/wp\/v2\/pages\/129","targetHints":{"allow":["GET"]}}],"collection":[{"href":"https:\/\/www.revista-insaiguaviva.org\/curs2015-2016\/wp-json\/wp\/v2\/pages"}],"about":[{"href":"https:\/\/www.revista-insaiguaviva.org\/curs2015-2016\/wp-json\/wp\/v2\/types\/page"}],"author":[{"embeddable":true,"href":"https:\/\/www.revista-insaiguaviva.org\/curs2015-2016\/wp-json\/wp\/v2\/users\/2"}],"replies":[{"embeddable":true,"href":"https:\/\/www.revista-insaiguaviva.org\/curs2015-2016\/wp-json\/wp\/v2\/comments?post=129"}],"version-history":[{"count":5,"href":"https:\/\/www.revista-insaiguaviva.org\/curs2015-2016\/wp-json\/wp\/v2\/pages\/129\/revisions"}],"predecessor-version":[{"id":189,"href":"https:\/\/www.revista-insaiguaviva.org\/curs2015-2016\/wp-json\/wp\/v2\/pages\/129\/revisions\/189"}],"wp:attachment":[{"href":"https:\/\/www.revista-insaiguaviva.org\/curs2015-2016\/wp-json\/wp\/v2\/media?parent=129"}],"curies":[{"name":"wp","href":"https:\/\/api.w.org\/{rel}","templated":true}]}}