{"id":924,"date":"2019-05-14T09:11:20","date_gmt":"2019-05-14T07:11:20","guid":{"rendered":"https:\/\/www.revista-insaiguaviva.org\/curs2018-2019\/?page_id=924"},"modified":"2019-05-14T09:11:20","modified_gmt":"2019-05-14T07:11:20","slug":"esa-chica-atrevida-berta-monserda","status":"publish","type":"page","link":"https:\/\/www.revista-insaiguaviva.org\/curs2018-2019\/esa-chica-atrevida-berta-monserda\/","title":{"rendered":"Esa chica atrevida &#8211; Berta Monserd\u00e0"},"content":{"rendered":"<p>El gran deseo del mundo entero,<\/p>\n<p>todos se esfuerzan con mucho esmero,<\/p>\n<p>una persona muy peculiar,<\/p>\n<p>y ya nadie se quiere aliar.<\/p>\n<p>&nbsp;<\/p>\n<p>Un d\u00eda el coraz\u00f3n se me par\u00f3,<\/p>\n<p>pero no se me aclar\u00f3,<\/p>\n<p>me complic\u00f3 la vida,<\/p>\n<p>esa chica atrevida.<\/p>\n<p>&nbsp;<\/p>\n<p>No pod\u00eda pensar,<\/p>\n<p>tampoco respirar<\/p>\n<p>no me pod\u00eda aclarar,<\/p>\n<p>con la gran palabra amar.<\/p>\n<p>&nbsp;<\/p>\n<p>Ese d\u00eda,<\/p>\n<p>yo ard\u00eda,<\/p>\n<p>de amor,<\/p>\n<p>de temor.<\/p>\n<p>&nbsp;<\/p>\n<p>Ella me cambi\u00f3,<\/p>\n<p>y despu\u00e9s desapareci\u00f3.<\/p>\n<p>Yo estaba muy abatida,<\/p>\n<p>por culpa de esa chica atrevida.<\/p>\n<p>&nbsp;<\/p>\n","protected":false},"excerpt":{"rendered":"<p>El gran deseo del mundo entero, todos se esfuerzan con mucho esmero, una persona muy peculiar, y ya nadie se quiere aliar. &nbsp; Un d\u00eda el coraz\u00f3n se me par\u00f3, pero no se me aclar\u00f3, me complic\u00f3 la vida, esa chica atrevida. &nbsp; No pod\u00eda pensar, tampoco respirar no me pod\u00eda aclarar, con la gran &hellip; <\/p>\n<p class=\"link-more\"><a href=\"https:\/\/www.revista-insaiguaviva.org\/curs2018-2019\/esa-chica-atrevida-berta-monserda\/\" class=\"more-link\">Continua llegint <span class=\"screen-reader-text\">\u00abEsa chica atrevida &#8211; Berta Monserd\u00e0\u00bb<\/span><\/a><\/p>\n","protected":false},"author":2,"featured_media":0,"parent":0,"menu_order":0,"comment_status":"closed","ping_status":"closed","template":"","meta":{"footnotes":""},"class_list":["post-924","page","type-page","status-publish","hentry"],"_links":{"self":[{"href":"https:\/\/www.revista-insaiguaviva.org\/curs2018-2019\/wp-json\/wp\/v2\/pages\/924","targetHints":{"allow":["GET"]}}],"collection":[{"href":"https:\/\/www.revista-insaiguaviva.org\/curs2018-2019\/wp-json\/wp\/v2\/pages"}],"about":[{"href":"https:\/\/www.revista-insaiguaviva.org\/curs2018-2019\/wp-json\/wp\/v2\/types\/page"}],"author":[{"embeddable":true,"href":"https:\/\/www.revista-insaiguaviva.org\/curs2018-2019\/wp-json\/wp\/v2\/users\/2"}],"replies":[{"embeddable":true,"href":"https:\/\/www.revista-insaiguaviva.org\/curs2018-2019\/wp-json\/wp\/v2\/comments?post=924"}],"version-history":[{"count":1,"href":"https:\/\/www.revista-insaiguaviva.org\/curs2018-2019\/wp-json\/wp\/v2\/pages\/924\/revisions"}],"predecessor-version":[{"id":925,"href":"https:\/\/www.revista-insaiguaviva.org\/curs2018-2019\/wp-json\/wp\/v2\/pages\/924\/revisions\/925"}],"wp:attachment":[{"href":"https:\/\/www.revista-insaiguaviva.org\/curs2018-2019\/wp-json\/wp\/v2\/media?parent=924"}],"curies":[{"name":"wp","href":"https:\/\/api.w.org\/{rel}","templated":true}]}}