{"id":143,"date":"2019-11-04T19:26:18","date_gmt":"2019-11-04T17:26:18","guid":{"rendered":"https:\/\/www.revista-insaiguaviva.org\/curs2019-2020\/?page_id=143"},"modified":"2019-12-05T20:25:46","modified_gmt":"2019-12-05T18:25:46","slug":"booktrailer-3r-b-eso","status":"publish","type":"page","link":"https:\/\/www.revista-insaiguaviva.org\/curs2019-2020\/booktrailer-3r-b-eso\/","title":{"rendered":"&#8220;Booktrailer&#8221; &#8211; 3r B ESO"},"content":{"rendered":"\n<p><\/p>\n\n\n\n<p>V\u00eddeo de Berta Monserd\u00e0 sobre el libro <em>Un vampiro en pijama<\/em>, de Mathias Malzieu.<\/p>\n\n\n\n<figure><iframe loading=\"lazy\" width=\"420\" height=\"300\" src=\"https:\/\/www.youtube.com\/embed\/S_XNrAN8UaQ\" allowfullscreen=\"\"><\/iframe><\/figure>\n\n\n\n<p>V\u00eddeo de Virginia Navarro sobre el libro <em>Doce a\u00f1os, siete meses y once d\u00edas<\/em>, de Lorris Murail.<\/p>\n\n\n<p><iframe loading=\"lazy\" width=\"420\" height=\"300\" src=\"https:\/\/www.youtube.com\/embed\/2P3T3H393m8\" frameborder=\"0\" allow=\"accelerometer; autoplay; encrypted-media; gyroscope; picture-in-picture\" allowfullscreen=\"\"><\/iframe><\/p>\n\n\n\n<p>V\u00eddeo de Al\u00e8xia Mart\u00ednez sobre el libro <em>Electro<\/em>, de Javier Ruescas y Manu Carbajo.<\/p>\n\n\n<p><iframe loading=\"lazy\" width=\"420\" height=\"300\" src=\"https:\/\/www.youtube.com\/embed\/3NRsst9fiAQ\" frameborder=\"0\" allow=\"accelerometer; autoplay; encrypted-media; gyroscope; picture-in-picture\" allowfullscreen=\"\"><\/iframe><\/p>\n\n\n\n<p>V\u00eddeo de Teo Pinedo sobre el libro<em> Estudio en Escarlata<\/em>, de Arthur Conan Doyle.<\/p>\n\n\n<p><iframe loading=\"lazy\" width=\"420\" height=\"300\" src=\"https:\/\/www.youtube.com\/embed\/th2ovWlRgAM\" frameborder=\"0\" allow=\"accelerometer; autoplay; encrypted-media; gyroscope; picture-in-picture\" allowfullscreen=\"\"><\/iframe><\/p>\n\n\n\n<p>V\u00eddeo de Al\u00e8xia Ortega sobre el libro <em>Ciudades de Papel,<\/em> de John Green.<\/p>\n\n\n<p><iframe loading=\"lazy\" width=\"420\" height=\"300\" src=\"https:\/\/www.youtube.com\/embed\/6QoNXllvyR4\" frameborder=\"0\" allow=\"accelerometer; autoplay; encrypted-media; gyroscope; picture-in-picture\" allowfullscreen=\"\"><\/iframe><\/p>\n\n\n\n<p>V\u00eddeo de J\u00falia Morales sobre el libro <em>C\u00e1llame con un beso<\/em>, de Blue Jeans. <\/p>\n\n\n<p><iframe loading=\"lazy\" width=\"420\" height=\"300\" src=\"https:\/\/www.youtube.com\/embed\/RwW5-Z--OWs\" frameborder=\"0\" allow=\"accelerometer; autoplay; encrypted-media; gyroscope; picture-in-picture\" allowfullscreen=\"\"><\/iframe><\/p>\n\n\n\n<p>V\u00eddeo de Gisela Herranz sobre el libro <em>El diablo en el t\u00fanel,<\/em> de Assumpta Garcia Mas. <\/p>\n\n\n<p><iframe loading=\"lazy\" width=\"420\" height=\"300\" src=\"https:\/\/www.youtube.com\/embed\/HB6uVddGIhA\" frameborder=\"0\" allow=\"accelerometer; autoplay; encrypted-media; gyroscope; picture-in-picture\" allowfullscreen=\"\"><\/iframe><\/p>\n\n\n\n<p>V\u00eddeo de Mijaela Borislavova sobre el libro <em>La caja de m\u00fasica,<\/em> de Alfonso Zurro. <\/p>\n\n\n<p><iframe loading=\"lazy\" width=\"420\" height=\"300\" src=\"https:\/\/www.youtube.com\/embed\/duN6Ye79bU0\" frameborder=\"0\" allow=\"accelerometer; autoplay; encrypted-media; gyroscope; picture-in-picture\" allowfullscreen=\"\"><\/iframe><\/p>\n\n\n\n<p>V\u00eddeo de Irene D\u00edaz sobre el libro <em>El lado explosivo de Jude<\/em>, de Nicole Williams.<\/p>\n\n\n<p><iframe loading=\"lazy\" width=\"420\" height=\"300\" src=\"https:\/\/www.youtube.com\/embed\/TDmhajf21-4\" frameborder=\"0\" allow=\"accelerometer; autoplay; encrypted-media; gyroscope; picture-in-picture\" allowfullscreen><\/iframe><\/p>\n","protected":false},"excerpt":{"rendered":"<p>V\u00eddeo de Berta Monserd\u00e0 sobre el libro Un vampiro en pijama, de Mathias Malzieu. V\u00eddeo de Virginia Navarro sobre el libro Doce a\u00f1os, siete meses y once d\u00edas, de Lorris Murail. V\u00eddeo de Al\u00e8xia Mart\u00ednez sobre el libro Electro, de Javier Ruescas y Manu Carbajo. V\u00eddeo de Teo Pinedo sobre el libro Estudio en Escarlata, &hellip; <\/p>\n<p class=\"link-more\"><a href=\"https:\/\/www.revista-insaiguaviva.org\/curs2019-2020\/booktrailer-3r-b-eso\/\" class=\"more-link\">Continua llegint <span class=\"screen-reader-text\">\u00ab&#8220;Booktrailer&#8221; &#8211; 3r B ESO\u00bb<\/span><\/a><\/p>\n","protected":false},"author":2,"featured_media":0,"parent":0,"menu_order":0,"comment_status":"closed","ping_status":"closed","template":"","meta":{"footnotes":""},"class_list":["post-143","page","type-page","status-publish","hentry"],"_links":{"self":[{"href":"https:\/\/www.revista-insaiguaviva.org\/curs2019-2020\/wp-json\/wp\/v2\/pages\/143","targetHints":{"allow":["GET"]}}],"collection":[{"href":"https:\/\/www.revista-insaiguaviva.org\/curs2019-2020\/wp-json\/wp\/v2\/pages"}],"about":[{"href":"https:\/\/www.revista-insaiguaviva.org\/curs2019-2020\/wp-json\/wp\/v2\/types\/page"}],"author":[{"embeddable":true,"href":"https:\/\/www.revista-insaiguaviva.org\/curs2019-2020\/wp-json\/wp\/v2\/users\/2"}],"replies":[{"embeddable":true,"href":"https:\/\/www.revista-insaiguaviva.org\/curs2019-2020\/wp-json\/wp\/v2\/comments?post=143"}],"version-history":[{"count":11,"href":"https:\/\/www.revista-insaiguaviva.org\/curs2019-2020\/wp-json\/wp\/v2\/pages\/143\/revisions"}],"predecessor-version":[{"id":295,"href":"https:\/\/www.revista-insaiguaviva.org\/curs2019-2020\/wp-json\/wp\/v2\/pages\/143\/revisions\/295"}],"wp:attachment":[{"href":"https:\/\/www.revista-insaiguaviva.org\/curs2019-2020\/wp-json\/wp\/v2\/media?parent=143"}],"curies":[{"name":"wp","href":"https:\/\/api.w.org\/{rel}","templated":true}]}}