{"id":251,"date":"2019-11-21T22:49:30","date_gmt":"2019-11-21T20:49:30","guid":{"rendered":"https:\/\/www.revista-insaiguaviva.org\/curs2019-2020\/?page_id=251"},"modified":"2019-11-21T22:49:30","modified_gmt":"2019-11-21T20:49:30","slug":"el-agua-se-acaba-de-irene-diaz","status":"publish","type":"page","link":"https:\/\/www.revista-insaiguaviva.org\/curs2019-2020\/el-agua-se-acaba-de-irene-diaz\/","title":{"rendered":"El agua se acaba, de Irene D\u00edaz"},"content":{"rendered":"\n<p>Esta es una ciudad que siempre ha tenido problemas de escasez de agua. En el a\u00f1o 1930 el presidente de la ciudad empez\u00f3 a informar a la poblaci\u00f3n de la poca agua que hab\u00eda. Dijo que en unos 15 a\u00f1os se acabar\u00eda el agua. Desde entonces la poblaci\u00f3n sigui\u00f3 viviendo pero siempre pensando que en unos a\u00f1os ya no habr\u00eda agua.<\/p>\n\n\n\n<p>En el a\u00f1o 1944 ya hab\u00edan pasado 14 a\u00f1os desde aquella vez en que el presidente dijo que en unos 15 a\u00f1os ya no quedar\u00eda agua en la ciudad. \u00a1S\u00f3lo quedaba un a\u00f1o! El presidente volvi\u00f3 a anunciar la noticia. La gente estaba desesperada.&nbsp;<\/p>\n\n\n\n<p>Dos meses m\u00e1s tarde, entre febrero y marzo, la gente ten\u00eda que hacer algo, no se pod\u00edan quedar all\u00ed sin agua. Decidieron viajar a otro continente. Entonces propusieron ir a Europa, ya que era el que estaba m\u00e1s cerca. La gente de all\u00ed no ten\u00eda mucho dinero para hacer un viaje de ese nivel econ\u00f3mico. Pidieron ayuda a una organizaci\u00f3n de emigrantes. Cuando solo quedaban dos meses para la terrible noticia, la poblaci\u00f3n empez\u00f3 a movilizarse. Hab\u00eda much\u00edsima gente, pero hab\u00eda una familia que no ten\u00eda mucho dinero, pero que eran muy inteligentes, sobre todo los hijos. Aquella familia tuvo la suerte de que fueron los \u00fanicos que pudieron viajar hasta Espa\u00f1a, exactamente a Barcelona. Ellos estaban encantados de poder viajar a otro pa\u00eds porque en su ciudad ya no quedaba agua.\u00a0<\/p>\n\n\n\n<p>A\u00f1os m\u00e1s tarde los hijos iban a una escuela donde pod\u00edan estudiar perfectamente, ya que ten\u00edan unas becas. Todo se calm\u00f3, todo volvi\u00f3 a la normalidad y sin escasez de agua. Tambi\u00e9n tuvieron la suerte de que sus vidas les fueron muy bien, ya que les toc\u00f3 la loter\u00eda. Ayudaron a sus familias y desde entonces viven como personas normales.<\/p>\n\n\n\n<p>Al cabo de los a\u00f1os, los hijos hicieron una carrera y pudieron trabajar de lo que ellos quer\u00edan. Trabajaron en \u201cAig\u00fces de Barcelona\u201d, ya que en su ciudad no ten\u00edan agua y quer\u00edan asegurarse de que en Barcelona no pasara lo mismo. Nunca sabremos el porqu\u00e9 de aquella escasez de agua en la ciudad del Sud\u00e1n pero s\u00ed sabemos que toda la poblaci\u00f3n que emigr\u00f3 a otros pa\u00edses se encuentran bien de salud y con seguridad. Ninguna familia volvi\u00f3 a tener problemas de escasez de agua.<\/p>\n\n\n\n<p>Despu\u00e9s de muchos a\u00f1os, mucha gente de la poblaci\u00f3n del Sud\u00e1n que en el 1945 se qued\u00f3 sin agua, a d\u00eda de hoy, que estamos en el 2019, la gente a\u00fan sigue hablando de lo que pas\u00f3 en el Sud\u00e1n, as\u00ed que gente joven que ha estudiado para solucionar estos problemas pudieron hacer que esa ciudad volviera a tener agua.<\/p>\n\n\n\n<p>Finalmente volvi\u00f3 a tener poblaci\u00f3n.<br><\/p>\n","protected":false},"excerpt":{"rendered":"<p>Esta es una ciudad que siempre ha tenido problemas de escasez de agua. En el a\u00f1o 1930 el presidente de la ciudad empez\u00f3 a informar a la poblaci\u00f3n de la poca agua que hab\u00eda. Dijo que en unos 15 a\u00f1os se acabar\u00eda el agua. Desde entonces la poblaci\u00f3n sigui\u00f3 viviendo pero siempre pensando que en &hellip; <\/p>\n<p class=\"link-more\"><a href=\"https:\/\/www.revista-insaiguaviva.org\/curs2019-2020\/el-agua-se-acaba-de-irene-diaz\/\" class=\"more-link\">Continua llegint <span class=\"screen-reader-text\">\u00abEl agua se acaba, de Irene D\u00edaz\u00bb<\/span><\/a><\/p>\n","protected":false},"author":2,"featured_media":0,"parent":0,"menu_order":0,"comment_status":"closed","ping_status":"closed","template":"","meta":{"footnotes":""},"class_list":["post-251","page","type-page","status-publish","hentry"],"_links":{"self":[{"href":"https:\/\/www.revista-insaiguaviva.org\/curs2019-2020\/wp-json\/wp\/v2\/pages\/251","targetHints":{"allow":["GET"]}}],"collection":[{"href":"https:\/\/www.revista-insaiguaviva.org\/curs2019-2020\/wp-json\/wp\/v2\/pages"}],"about":[{"href":"https:\/\/www.revista-insaiguaviva.org\/curs2019-2020\/wp-json\/wp\/v2\/types\/page"}],"author":[{"embeddable":true,"href":"https:\/\/www.revista-insaiguaviva.org\/curs2019-2020\/wp-json\/wp\/v2\/users\/2"}],"replies":[{"embeddable":true,"href":"https:\/\/www.revista-insaiguaviva.org\/curs2019-2020\/wp-json\/wp\/v2\/comments?post=251"}],"version-history":[{"count":1,"href":"https:\/\/www.revista-insaiguaviva.org\/curs2019-2020\/wp-json\/wp\/v2\/pages\/251\/revisions"}],"predecessor-version":[{"id":252,"href":"https:\/\/www.revista-insaiguaviva.org\/curs2019-2020\/wp-json\/wp\/v2\/pages\/251\/revisions\/252"}],"wp:attachment":[{"href":"https:\/\/www.revista-insaiguaviva.org\/curs2019-2020\/wp-json\/wp\/v2\/media?parent=251"}],"curies":[{"name":"wp","href":"https:\/\/api.w.org\/{rel}","templated":true}]}}