{"id":255,"date":"2019-11-21T23:04:27","date_gmt":"2019-11-21T21:04:27","guid":{"rendered":"https:\/\/www.revista-insaiguaviva.org\/curs2019-2020\/?page_id=255"},"modified":"2019-11-21T23:04:27","modified_gmt":"2019-11-21T21:04:27","slug":"el-dia-en-que-se-pararon-los-relojes-de-nuria-de-manuel","status":"publish","type":"page","link":"https:\/\/www.revista-insaiguaviva.org\/curs2019-2020\/el-dia-en-que-se-pararon-los-relojes-de-nuria-de-manuel\/","title":{"rendered":"El d\u00eda en que se pararon los relojes, de N\u00faria de Manuel"},"content":{"rendered":"\n<p>El d\u00eda en que los relojes se pararon&#8230; A\u00fan lo recuerdo, despu\u00e9s de todo este tiempo ese d\u00eda sigue grabado en mi mente como si no hubiera pasado el tiempo.&nbsp;<\/p>\n\n\n\n<p>El tic-tac de los relojes era lo \u00fanico que se escuchaba en la habitaci\u00f3n vac\u00eda. Desde el mostrador de madera donde estaba sentada, decid\u00ed que observar la estancia donde me encontraba por d\u00e9cima vez era m\u00e1s interesante que acabar mis deberes. Todas las paredes de la tienda de mi abuela eran de un color verde oscuro que, mezclado con los cientos de relojes que colgaban de las paredes y expuestos en vidrieras y el polvo que flotaba en el&nbsp; ambiente, le daba un aspecto antiguo y casi triste. Un grito proveniente del piso de arriba me sac\u00f3 de mi trance, mi abuela Selene me avisaba de que la cena ya estaba lista. Sub\u00ed las escaleras del piso de dos plantas hacia la cocina para una cena r\u00e1pida y ser mandada de inmediato a asearme e irme a dormir. Mi abuela sol\u00eda ser muy estricta con eso, una de las cosas que menos me gustaba de quedarme a dormir en su casa cuando mis padres a veces se iban de fin de semana.<\/p>\n\n\n\n<p>No pod\u00eda dejar de o\u00edr el sonido de los relojes ni en mis sue\u00f1os. El sonido se iba intensificando cada vez m\u00e1s en mi cabeza mientras un tic-tac que se repet\u00eda m\u00e1s lento y fuerte que los dem\u00e1s me empez\u00f3 a inquietar y a causarme una extra\u00f1a ansiedad hasta que me despert\u00e9 sobresaltada. Los sonidos cesaron entonces menos, qu\u00e9 suerte la m\u00eda, aquel tic-tac que me hab\u00eda despertado, resonaba por toda la habitaci\u00f3n, pero, a la vez, tan solo en mi cabeza. Sal\u00ed a la oscuridad del pasillo para darme cuenta de que mi abuela dorm\u00eda y malhumorada decid\u00ed bajar al piso de abajo para terminar aquella bromita y destrozar aquel reloj con un martillo si hac\u00eda falta. La luz de la luna que entraba por las cristaleras situadas en la entrada de la tienda le daba una aspecto t\u00e9trico a la estancia, creando largas y finas sombras entre los relojes. Intent\u00e9 seguir el sonido para ver si me llevaba a alg\u00fan sitio concreto mientras mi nerviosismo crec\u00eda. El tic-tac no hac\u00eda m\u00e1s que aumentar y las sombras parec\u00eda que me segu\u00edan y cambiaban. Al final acab\u00e9 en una esquina de la tienda, delante de un gran reloj de madera oscura con un gran p\u00e9ndulo que se balanceaba a un lado y al otro. El sonido parec\u00eda provenir de ah\u00ed pero hab\u00eda un problema, el p\u00e9ndulo no se mov\u00eda a la misma velocidad ni hac\u00eda el mismo sonido de el que yo a\u00fan escuchaba. Mir\u00e9 a mi alrededor para ver si me hab\u00eda perdido algo pero en esa semioscuridad no vi ninguna otra posibilidad. Decid\u00ed echar un vistazo y palpar sus costados para ver si encontraba alg\u00fan caj\u00f3n escondido, no s\u00e9, en las pel\u00edculas a veces pasaba. Al no encontrar nada me agach\u00e9 para ver debajo de las patas del reloj , cuando la suerte me sonr\u00edo por primera vez aquella noche. All\u00ed debajo, vi una peque\u00f1a silueta de la que, sin ninguna duda, proven\u00eda el sonido. Tuve que pasarme unos cinco pat\u00e9ticos&nbsp; minutos agachada con la cara contra el suelo pasando mi mano por el suelo lleno de polvo a ciegas hasta poder encontrar y sacar el objeto. Era una cajita de metal dorado de la medida de la palma de mi mano y de forma ovalada. En la tapa de arriba, ocupando todo el espacio, ten\u00eda incrustada una gema blanca. Cuidadosamente la abr\u00ed y qued\u00e9 maravillada. La caja estaba dividida en dos, en la parte de abajo ten\u00eda una trampillita con un grabado de un c\u00edrculo, dentro del cual hab\u00eda tres dunas de arena con la silueta de un p\u00e1jaro en la central y un cielo estrellado con la luna. Abr\u00ed la trampilla para descubrir que abajo estaba llena de lo que parec\u00eda arena. La parte de arriba estaba llena de engranajes y ruedas peque\u00f1as, pero la mitad estaban cubiertas por una l\u00e1mina donde se sosten\u00edan las agujas de un reloj. Y hasta all\u00ed lleg\u00f3 mi alegr\u00eda, porque las aspas estaban paradas. De repente, todos los relojes se detuvieron. Mir\u00e9 a mi alrededor asustada antes de devolver la mirada al reloj que sosten\u00eda cuando me di cuenta de que los engranajes hab\u00edan empezado a girar a toda velocidad, aunque las agujas a\u00fan no se mov\u00edan. Una sensaci\u00f3n de mareo y asfixia me invadi\u00f3 mientras ca\u00eda al suelo de rodillas. No pod\u00eda soltar el reloj, que ahora parec\u00eda que me quemaba la piel. Las sombras entonces se abalanzaron sobre m\u00ed. Cerr\u00e9 los ojos mientras sent\u00eda que me desgarraban la piel y ca\u00eda en el vac\u00edo. Sus chillidos resonando en mi cabeza. Tal y como hab\u00eda empezado termin\u00f3 y abr\u00ed los ojos para encontrarme en&#8230; \u00bfD\u00f3nde demonios estaba? La oscuridad lo llenaba todo, pero parec\u00eda una cosa palpable, como niebla. Peque\u00f1os puntitos de luz aparec\u00edan y desaparec\u00edan aqu\u00ed y all\u00e1. Con mi vista desenfocada y un mareo a\u00fan muy presente vi que, aparte de tener los brazos ensangrentados con lo que parec\u00edan cortes, a\u00fan segu\u00eda sosteniendo el reloj.&nbsp;<\/p>\n","protected":false},"excerpt":{"rendered":"<p>El d\u00eda en que los relojes se pararon&#8230; A\u00fan lo recuerdo, despu\u00e9s de todo este tiempo ese d\u00eda sigue grabado en mi mente como si no hubiera pasado el tiempo.&nbsp; El tic-tac de los relojes era lo \u00fanico que se escuchaba en la habitaci\u00f3n vac\u00eda. Desde el mostrador de madera donde estaba sentada, decid\u00ed que &hellip; <\/p>\n<p class=\"link-more\"><a href=\"https:\/\/www.revista-insaiguaviva.org\/curs2019-2020\/el-dia-en-que-se-pararon-los-relojes-de-nuria-de-manuel\/\" class=\"more-link\">Continua llegint <span class=\"screen-reader-text\">\u00abEl d\u00eda en que se pararon los relojes, de N\u00faria de Manuel\u00bb<\/span><\/a><\/p>\n","protected":false},"author":2,"featured_media":0,"parent":0,"menu_order":0,"comment_status":"closed","ping_status":"closed","template":"","meta":{"footnotes":""},"class_list":["post-255","page","type-page","status-publish","hentry"],"_links":{"self":[{"href":"https:\/\/www.revista-insaiguaviva.org\/curs2019-2020\/wp-json\/wp\/v2\/pages\/255","targetHints":{"allow":["GET"]}}],"collection":[{"href":"https:\/\/www.revista-insaiguaviva.org\/curs2019-2020\/wp-json\/wp\/v2\/pages"}],"about":[{"href":"https:\/\/www.revista-insaiguaviva.org\/curs2019-2020\/wp-json\/wp\/v2\/types\/page"}],"author":[{"embeddable":true,"href":"https:\/\/www.revista-insaiguaviva.org\/curs2019-2020\/wp-json\/wp\/v2\/users\/2"}],"replies":[{"embeddable":true,"href":"https:\/\/www.revista-insaiguaviva.org\/curs2019-2020\/wp-json\/wp\/v2\/comments?post=255"}],"version-history":[{"count":1,"href":"https:\/\/www.revista-insaiguaviva.org\/curs2019-2020\/wp-json\/wp\/v2\/pages\/255\/revisions"}],"predecessor-version":[{"id":256,"href":"https:\/\/www.revista-insaiguaviva.org\/curs2019-2020\/wp-json\/wp\/v2\/pages\/255\/revisions\/256"}],"wp:attachment":[{"href":"https:\/\/www.revista-insaiguaviva.org\/curs2019-2020\/wp-json\/wp\/v2\/media?parent=255"}],"curies":[{"name":"wp","href":"https:\/\/api.w.org\/{rel}","templated":true}]}}