{"id":558,"date":"2020-03-16T19:50:09","date_gmt":"2020-03-16T17:50:09","guid":{"rendered":"https:\/\/www.revista-insaiguaviva.org\/curs2019-2020\/?page_id=558"},"modified":"2020-03-16T22:40:57","modified_gmt":"2020-03-16T20:40:57","slug":"booktrailer-4-eso","status":"publish","type":"page","link":"https:\/\/www.revista-insaiguaviva.org\/curs2019-2020\/booktrailer-4-eso\/","title":{"rendered":"&#8220;Booktrailer&#8221;- 4 ESO"},"content":{"rendered":"\n<p>V\u00eddeo de Carlos Rovira sobre el libro<em> Pedro y yo<\/em>, de Judd Winick.<\/p>\n\n\n<p><iframe loading=\"lazy\" width=\"420\" height=\"300\" src=\"https:\/\/www.youtube.com\/embed\/jcwfCShDEl0\" frameborder=\"0\" allow=\"accelerometer; autoplay; encrypted-media; gyroscope; picture-in-picture\" allowfullscreen=\"\"><\/iframe><\/p>\n\n\n\n<p>V\u00eddeo de Iratxe Mulero sobre el libro<em> La elegancia del erizo<\/em>, de Muriel Barbery.<\/p>\n\n\n<p><iframe loading=\"lazy\" width=\"420\" height=\"300\" src=\"https:\/\/www.youtube.com\/embed\/bb4zuu9HNnc\" frameborder=\"0\" allow=\"accelerometer; autoplay; encrypted-media; gyroscope; picture-in-picture\" allowfullscreen=\"\"><\/iframe><\/p>\n\n\n\n<p>V\u00eddeo de Laura Parareda sobre el libro <em>Caperucita en Manhattan<\/em>, de Carmen Mart\u00edn Gaite.<\/p>\n\n\n<p><iframe loading=\"lazy\" width=\"420\" height=\"300\" src=\"https:\/\/www.youtube.com\/embed\/owPdoG1gAWU\" frameborder=\"0\" allow=\"accelerometer; autoplay; encrypted-media; gyroscope; picture-in-picture\" allowfullscreen=\"\"><\/iframe><\/p>\n\n\n\n<p>V\u00eddeo de Tiffany Gal\u00e1n sobre el libro <em>Pers\u00e9polis<\/em>, de Marjane Satrapi. <\/p>\n\n\n<p><iframe loading=\"lazy\" width=\"420\" height=\"300\" src=\"https:\/\/www.youtube.com\/embed\/PJQJ-NbiPO0\" frameborder=\"0\" allow=\"accelerometer; autoplay; encrypted-media; gyroscope; picture-in-picture\" allowfullscreen=\"\"><\/iframe><\/p>\n\n\n\n<p>V\u00eddeo de Zakaria Izem sobre el libro <em>Maus<\/em>, de Art Spiegelman. <\/p>\n\n\n<p><iframe loading=\"lazy\" width=\"420\" height=\"300\" src=\"https:\/\/www.youtube.com\/embed\/Y27bmIUYODU\" frameborder=\"0\" allow=\"accelerometer; autoplay; encrypted-media; gyroscope; picture-in-picture\" allowfullscreen><\/iframe><\/p>\n\n\n\n<p>V\u00eddeo de Rub\u00e9n Gonz\u00e1lez sobre el libro <em>El capit\u00e1n Alatriste<\/em>, de Arturo y Carlota P\u00e9rez-Reverte.<\/p>\n\n\n<p><iframe loading=\"lazy\" width=\"420\" height=\"300\" src=\"https:\/\/www.youtube.com\/embed\/g-2mOB6yKaY\" frameborder=\"0\" allow=\"accelerometer; autoplay; encrypted-media; gyroscope; picture-in-picture\" allowfullscreen><\/iframe><\/p>\n\n\n\n<p>V\u00eddeo de \u00c1ngel Flores sobre el libro <em>Diario de un vampiro en pijama<\/em>, de Mathias Malzieu.<\/p>\n\n\n<p><iframe loading=\"lazy\" width=\"420\" height=\"300\" src=\"https:\/\/www.youtube.com\/embed\/H63xGoXtmFs\" frameborder=\"0\" allow=\"accelerometer; autoplay; encrypted-media; gyroscope; picture-in-picture\" allowfullscreen><\/iframe><\/p>\n\n\n\n<p>V\u00eddeo de Luc\u00eda Sangiao sobre el libro <em>Diario Rojo de Carlota<\/em>, de Gemma Lienas. <\/p>\n\n\n<p><iframe loading=\"lazy\" width=\"420\" height=\"300\" src=\"https:\/\/www.youtube.com\/embed\/QPraWdylpaQ\" frameborder=\"0\" allow=\"accelerometer; autoplay; encrypted-media; gyroscope; picture-in-picture\" allowfullscreen><\/iframe><\/p>\n","protected":false},"excerpt":{"rendered":"<p>V\u00eddeo de Carlos Rovira sobre el libro Pedro y yo, de Judd Winick. V\u00eddeo de Iratxe Mulero sobre el libro La elegancia del erizo, de Muriel Barbery. V\u00eddeo de Laura Parareda sobre el libro Caperucita en Manhattan, de Carmen Mart\u00edn Gaite. V\u00eddeo de Tiffany Gal\u00e1n sobre el libro Pers\u00e9polis, de Marjane Satrapi. V\u00eddeo de Zakaria &hellip; <\/p>\n<p class=\"link-more\"><a href=\"https:\/\/www.revista-insaiguaviva.org\/curs2019-2020\/booktrailer-4-eso\/\" class=\"more-link\">Continua llegint <span class=\"screen-reader-text\">\u00ab&#8220;Booktrailer&#8221;- 4 ESO\u00bb<\/span><\/a><\/p>\n","protected":false},"author":2,"featured_media":0,"parent":0,"menu_order":0,"comment_status":"closed","ping_status":"closed","template":"","meta":{"footnotes":""},"class_list":["post-558","page","type-page","status-publish","hentry"],"_links":{"self":[{"href":"https:\/\/www.revista-insaiguaviva.org\/curs2019-2020\/wp-json\/wp\/v2\/pages\/558","targetHints":{"allow":["GET"]}}],"collection":[{"href":"https:\/\/www.revista-insaiguaviva.org\/curs2019-2020\/wp-json\/wp\/v2\/pages"}],"about":[{"href":"https:\/\/www.revista-insaiguaviva.org\/curs2019-2020\/wp-json\/wp\/v2\/types\/page"}],"author":[{"embeddable":true,"href":"https:\/\/www.revista-insaiguaviva.org\/curs2019-2020\/wp-json\/wp\/v2\/users\/2"}],"replies":[{"embeddable":true,"href":"https:\/\/www.revista-insaiguaviva.org\/curs2019-2020\/wp-json\/wp\/v2\/comments?post=558"}],"version-history":[{"count":13,"href":"https:\/\/www.revista-insaiguaviva.org\/curs2019-2020\/wp-json\/wp\/v2\/pages\/558\/revisions"}],"predecessor-version":[{"id":571,"href":"https:\/\/www.revista-insaiguaviva.org\/curs2019-2020\/wp-json\/wp\/v2\/pages\/558\/revisions\/571"}],"wp:attachment":[{"href":"https:\/\/www.revista-insaiguaviva.org\/curs2019-2020\/wp-json\/wp\/v2\/media?parent=558"}],"curies":[{"name":"wp","href":"https:\/\/api.w.org\/{rel}","templated":true}]}}