{"id":809,"date":"2020-04-19T13:16:38","date_gmt":"2020-04-19T11:16:38","guid":{"rendered":"https:\/\/www.revista-insaiguaviva.org\/curs2019-2020\/?page_id=809"},"modified":"2020-04-19T13:18:22","modified_gmt":"2020-04-19T11:18:22","slug":"premis-sant-jordi-2020-10","status":"publish","type":"page","link":"https:\/\/www.revista-insaiguaviva.org\/curs2019-2020\/premis-sant-jordi-2020-10\/","title":{"rendered":"PREMIS SANT JORDI 2020 &#8211; LLENGUA CASTELLANA &#8211; POESIA"},"content":{"rendered":"\n<p>Ainhoa Soriano &#8211; <strong><em>Estrella<\/em><\/strong>   <\/p>\n\n\n\n<p>Estrella de la noche,<\/p>\n\n\n\n<p>la m\u00e1s brillante del espacio,<\/p>\n\n\n\n<p>eres la m\u00e1s fuerte<\/p>\n\n\n\n<p>y bonita de mi barrio.<\/p>\n\n\n\n<p>Paseando por el campo,<\/p>\n\n\n\n<p>algo vi a contraluz,<\/p>\n\n\n\n<p>detr\u00e1s de algo extra\u00f1o,<\/p>\n\n\n\n<p>vi tu hermosa luz.<\/p>\n\n\n\n<p>De todo el manto estrellado<\/p>\n\n\n\n<p>era un cuerpo celeste,<\/p>\n\n\n\n<p>all\u00ed te estaba extra\u00f1ando,<\/p>\n\n\n\n<p>deseando tenerte.<br><\/p>\n","protected":false},"excerpt":{"rendered":"<p>Ainhoa Soriano &#8211; Estrella Estrella de la noche, la m\u00e1s brillante del espacio, eres la m\u00e1s fuerte y bonita de mi barrio. Paseando por el campo, algo vi a contraluz, detr\u00e1s de algo extra\u00f1o, vi tu hermosa luz. De todo el manto estrellado era un cuerpo celeste, all\u00ed te estaba extra\u00f1ando, deseando tenerte.<\/p>\n","protected":false},"author":2,"featured_media":0,"parent":0,"menu_order":0,"comment_status":"closed","ping_status":"closed","template":"","meta":{"footnotes":""},"class_list":["post-809","page","type-page","status-publish","hentry"],"_links":{"self":[{"href":"https:\/\/www.revista-insaiguaviva.org\/curs2019-2020\/wp-json\/wp\/v2\/pages\/809","targetHints":{"allow":["GET"]}}],"collection":[{"href":"https:\/\/www.revista-insaiguaviva.org\/curs2019-2020\/wp-json\/wp\/v2\/pages"}],"about":[{"href":"https:\/\/www.revista-insaiguaviva.org\/curs2019-2020\/wp-json\/wp\/v2\/types\/page"}],"author":[{"embeddable":true,"href":"https:\/\/www.revista-insaiguaviva.org\/curs2019-2020\/wp-json\/wp\/v2\/users\/2"}],"replies":[{"embeddable":true,"href":"https:\/\/www.revista-insaiguaviva.org\/curs2019-2020\/wp-json\/wp\/v2\/comments?post=809"}],"version-history":[{"count":3,"href":"https:\/\/www.revista-insaiguaviva.org\/curs2019-2020\/wp-json\/wp\/v2\/pages\/809\/revisions"}],"predecessor-version":[{"id":813,"href":"https:\/\/www.revista-insaiguaviva.org\/curs2019-2020\/wp-json\/wp\/v2\/pages\/809\/revisions\/813"}],"wp:attachment":[{"href":"https:\/\/www.revista-insaiguaviva.org\/curs2019-2020\/wp-json\/wp\/v2\/media?parent=809"}],"curies":[{"name":"wp","href":"https:\/\/api.w.org\/{rel}","templated":true}]}}