{"id":818,"date":"2020-04-19T13:24:54","date_gmt":"2020-04-19T11:24:54","guid":{"rendered":"https:\/\/www.revista-insaiguaviva.org\/curs2019-2020\/?page_id=818"},"modified":"2020-04-19T13:24:54","modified_gmt":"2020-04-19T11:24:54","slug":"premis-sant-jordi-2020-llengua-castellana-prosa","status":"publish","type":"page","link":"https:\/\/www.revista-insaiguaviva.org\/curs2019-2020\/premis-sant-jordi-2020-llengua-castellana-prosa\/","title":{"rendered":"PREMIS SANT JORDI 2020 &#8211; LLENGUA CASTELLANA &#8211; PROSA"},"content":{"rendered":"\n<p>H\u00e9ctor Carmona &#8211; <strong><em>El gran  descubrimiento<\/em><\/strong>  <\/p>\n\n\n\n<p>Nos encontramos en el a\u00f1o 1951 en la comarca del&nbsp; Montsi\u00e0. En una f\u00e9rtil y extensa&nbsp; granja, rodeada  enteramente de campos de cultivo y de verdes prados y&nbsp; alejada de toda civilizaci\u00f3n, viv\u00eda un campesino llamado Joan.&nbsp;<\/p>\n\n\n\n<p>Un d\u00eda, mientras Joan trabajaba en el campo, encontr\u00f3 un cofre; pero como no pod\u00eda abrirlo,&nbsp; pens\u00f3 en acudir a uno de los mejores&nbsp; cient\u00edficos del mundo. Al no conocer a ninguno, se conform\u00f3 con llamar a su hermano que tambi\u00e9n era cient\u00edfico. S\u00f3lo hab\u00eda un problema y era que su hermano&nbsp; no viv\u00eda con \u00e9l; sino que viv\u00eda en la ciudad. Y as\u00ed es como Joan emprendi\u00f3 su viaje.<\/p>\n\n\n\n<p>Por lo que sab\u00eda de la ciudad, era muy grande, ruidosa y de calles serpenteantes. Lo \u00fanico que Joan consideraba bueno era que hab\u00eda un peque\u00f1o puerto en frente de un mar cristalino.<\/p>\n\n\n\n<p>Despu\u00e9s de un largo camino, Joan consigue llegar a la ciudad. Nada m\u00e1s llegar, llam\u00f3 a su hermano para que le viniera a buscar, y, en pocos minutos, lleg\u00f3 un coche negro con su hermano Narc\u00eds dentro, \u00e9ste le dijo:<\/p>\n\n\n\n<p>-Venga, sube.\u00bf A qu\u00e9 debo el honor de tu visita?<\/p>\n\n\n\n<p>Entonces, Joan subi\u00f3 al coche y le ense\u00f1\u00f3 a su hermano el cofre. En ese momento, Narc\u00eds se sorprendi\u00f3 much\u00edsimo dado que nunca hab\u00eda visto ese tipo de cofre y, ansioso se lo llev\u00f3 al laboratorio para abrirlo.<\/p>\n\n\n\n<p>Narc\u00eds llev\u00f3 a Joan a su gran y lujosa casa. Joan sigui\u00f3 a Narc\u00eds hasta una habitaci\u00f3n subterr\u00e1nea con salida al mar y con cientos de estanter\u00edas repletas de muchos libros, esto era, el laboratorio de Narc\u00eds.<\/p>\n\n\n\n<p>Una vez en su laboratorio, Narc\u00eds logr\u00f3 abrir con facilidad el cofre gracias a un curso de forzar cerraduras (ya que el de cocina no le serv\u00eda), y,&nbsp; una vez abierto, comprobaron que en su interior hab\u00eda un extra\u00f1o manuscrito. Al desenrollarlo, se dieron cuenta de&nbsp; que parec\u00eda un manual de instrucciones. Ten\u00eda dibujos y unos s\u00edmbolos extra\u00f1os que estaban en un idioma el cual Narc\u00eds no entend\u00eda y por eso se puso a investigar en muchos&nbsp; libros para poder descifrarlo.<\/p>\n\n\n\n<p>Narc\u00eds prob\u00f3 con todo tipo de lengua conocida hasta que, por error, Joan activ\u00f3 el modo ultravioleta de las l\u00e1mparas y as\u00ed se pudo ver que entre l\u00edneas aparec\u00eda un texto.<\/p>\n\n\n\n<p>Est\u00e1 escrita en ingl\u00e9s antiguo ,dijo Narc\u00eds, un idioma que \u00e9ste entend\u00eda a la perfecci\u00f3n.<\/p>\n\n\n\n<p>Despu\u00e9s de un intenso rato de lectura, Narc\u00eds afirm\u00f3 que, en efecto, eran unas instrucciones; pero de algo que jam\u00e1s se hab\u00eda construido: una m\u00e1quina que al parecer&nbsp; pod\u00eda sumergirse en el agua y navegar por ella, como un barco pero subacu\u00e1tico.<\/p>\n\n\n\n<p>Narc\u00eds empez\u00f3 a construir el artefacto siguiendo las instrucciones del manuscrito.&nbsp;<\/p>\n\n\n\n<p>Pas\u00f3 un a\u00f1o y los hermanos hab\u00edan construido la mitad de la embarcaci\u00f3n. Era alargada y de mecanismo muy complejo, pero \u00e9stos&nbsp; no se rindieron porque sab\u00edan que al final, dar\u00eda resultados.<\/p>\n\n\n\n<p>Despu\u00e9s de dos a\u00f1os de&nbsp; duro trabajo, ya ten\u00edan el artefacto acabado al cual Narc\u00eds bautiz\u00f3 como \u201cEl Sumergidor\u201d. Narc\u00eds estaba ansioso por probar&nbsp; \u201cEl Sumergidor\u201d, pero nunca encontraba el momento adecuado, hasta que de repente, avisaron por radio que un barco se hund\u00eda. \u00a1Esa era la oportunidad que estaban esperado!!&nbsp;<\/p>\n\n\n\n<p>Narc\u00eds y Joan, sin pensarselo dos veces, cogieron su nueva embarcaci\u00f3n y fueron raudos y veloces a rescatar a la tripulaci\u00f3n del barco.<\/p>\n\n\n\n<p>Los marineros, sab\u00edan que ning\u00fan barco era lo bastante r\u00e1pido como para venir a ayudarlos y empezaron a resignarse a su suerte. Cuando cre\u00edan que todo estaba perdido, emergi\u00f3 de entre las profundidades lo que ellos cre\u00edan una gran ballena; pero que en realidad era el sumergible de Narc\u00eds.<\/p>\n\n\n\n<p>-No os preocup\u00e9is hemos venido a salvaros. R\u00e1pido, cogeos de las cuerdas que os hemos lanzado y subid a bordo.<\/p>\n\n\n\n<p>De vuelta al laboratorio, los marineros se ofrecieron a conducir el sumergidor ya que Narc\u00eds y Joan no eran muy buenos navegantes.&nbsp;<\/p>\n\n\n\n<p>Una vez en tierra, los marineros les dieron las gracias por salvarles la vida y Narc\u00eds&nbsp; les pregunt\u00f3 si quer\u00edan convertirse en sus ayudantes para conducir el sumergidor y as\u00ed explorar las profundidades del mar. Esta propuesta tambi\u00e9n se la ofreci\u00f3 a Joan, pero \u00e9ste la rechaz\u00f3. Una vida de aventuras era demasiado intensa para Joan y tambi\u00e9n quer\u00eda volver a su granja, con sus campos de cultivo y sus animales.<\/p>\n\n\n\n<p>-Gracias Narc\u00eds, pero prefiero volver a mi vida en el campo.<\/p>\n\n\n\n<p>Y se despidieron con un afectuoso abrazo.<\/p>\n\n\n\n<p>Despu\u00e9s de esto, Joan volvi\u00f3 a su granja y Narc\u00eds sigui\u00f3 investigando las profundidades del mar.<\/p>\n\n\n\n<p>Pas\u00f3 el tiempo, y una ma\u00f1ana, mientras Joan labraba el campo, haciendo una zanja con su azada de repente golpe\u00f3 algo.&nbsp;<\/p>\n\n\n\n<p>-\u00a1Vaya, seguro que es una piedra!<\/p>\n\n\n\n<p>&nbsp;Se agach\u00f3 y desenterr\u00f3 aquella cosa llena de tierra que result\u00f3 ser otro cofre.<\/p>\n\n\n\n<p>-\u00a1Oh no, otro cofre nooooooooooo!<br><\/p>\n","protected":false},"excerpt":{"rendered":"<p>H\u00e9ctor Carmona &#8211; El gran descubrimiento Nos encontramos en el a\u00f1o 1951 en la comarca del&nbsp; Montsi\u00e0. En una f\u00e9rtil y extensa&nbsp; granja, rodeada enteramente de campos de cultivo y de verdes prados y&nbsp; alejada de toda civilizaci\u00f3n, viv\u00eda un campesino llamado Joan.&nbsp; Un d\u00eda, mientras Joan trabajaba en el campo, encontr\u00f3 un cofre; pero &hellip; <\/p>\n<p class=\"link-more\"><a href=\"https:\/\/www.revista-insaiguaviva.org\/curs2019-2020\/premis-sant-jordi-2020-llengua-castellana-prosa\/\" class=\"more-link\">Continua llegint <span class=\"screen-reader-text\">\u00abPREMIS SANT JORDI 2020 &#8211; LLENGUA CASTELLANA &#8211; PROSA\u00bb<\/span><\/a><\/p>\n","protected":false},"author":2,"featured_media":0,"parent":0,"menu_order":0,"comment_status":"closed","ping_status":"closed","template":"","meta":{"footnotes":""},"class_list":["post-818","page","type-page","status-publish","hentry"],"_links":{"self":[{"href":"https:\/\/www.revista-insaiguaviva.org\/curs2019-2020\/wp-json\/wp\/v2\/pages\/818","targetHints":{"allow":["GET"]}}],"collection":[{"href":"https:\/\/www.revista-insaiguaviva.org\/curs2019-2020\/wp-json\/wp\/v2\/pages"}],"about":[{"href":"https:\/\/www.revista-insaiguaviva.org\/curs2019-2020\/wp-json\/wp\/v2\/types\/page"}],"author":[{"embeddable":true,"href":"https:\/\/www.revista-insaiguaviva.org\/curs2019-2020\/wp-json\/wp\/v2\/users\/2"}],"replies":[{"embeddable":true,"href":"https:\/\/www.revista-insaiguaviva.org\/curs2019-2020\/wp-json\/wp\/v2\/comments?post=818"}],"version-history":[{"count":1,"href":"https:\/\/www.revista-insaiguaviva.org\/curs2019-2020\/wp-json\/wp\/v2\/pages\/818\/revisions"}],"predecessor-version":[{"id":819,"href":"https:\/\/www.revista-insaiguaviva.org\/curs2019-2020\/wp-json\/wp\/v2\/pages\/818\/revisions\/819"}],"wp:attachment":[{"href":"https:\/\/www.revista-insaiguaviva.org\/curs2019-2020\/wp-json\/wp\/v2\/media?parent=818"}],"curies":[{"name":"wp","href":"https:\/\/api.w.org\/{rel}","templated":true}]}}