{"id":820,"date":"2020-04-19T13:26:09","date_gmt":"2020-04-19T11:26:09","guid":{"rendered":"https:\/\/www.revista-insaiguaviva.org\/curs2019-2020\/?page_id=820"},"modified":"2020-04-19T13:27:16","modified_gmt":"2020-04-19T11:27:16","slug":"premis-sant-jordi-2020-llengua-castellana-prosa-2","status":"publish","type":"page","link":"https:\/\/www.revista-insaiguaviva.org\/curs2019-2020\/premis-sant-jordi-2020-llengua-castellana-prosa-2\/","title":{"rendered":"PREMIS SANT JORDI 2020 &#8211; LLENGUA CASTELLANA &#8211; PROSA"},"content":{"rendered":"\n<p>Denisse Moncayo &#8211; <strong><em>Aquello que me   hac\u00eda feliz sin yo saberlo<\/em><\/strong>   <\/p>\n\n\n\n<p>Qu\u00e9 bonito cuando todo se solucionaba\u00a0 con un:\u00bfMe perdonas?<\/p>\n\n\n\n<p>Cuando el empate se decid\u00eda con un simple\u2026\u00a1Quien antes llegue a la farola gana!<\/p>\n\n\n\n<p>Cuando me sol\u00edan decir\u2026\u201cNunca pises las l\u00edneas blancas del paso de cebra\u201d.<\/p>\n\n\n\n<p>E Incluso cuando me dec\u00edan \u201cMi\u00a0 pap\u00e1 es un h\u00e9roe y tiene super poderes\u201d.\u00a0<\/p>\n\n\n\n<p>Cuando el insulto m\u00e1s grande que te pod\u00edan decir por aquel entonces era:\u201cEres un\u00a0tramposo\u201d.\u00a0 La mayor advertencia era \u201cNo te salgas de la l\u00ednea negra al pintar\u201d.<\/p>\n\n\n\n<p>\u00a0Y c\u00f3mo olvidar\u00a0 la mejor\u00a0 recompensa: \u00a1Si te portas bien iremos al parque!<\/p>\n\n\n\n<p>\u00a0Pero fui creciendo. Antes de los diez a\u00f1os todo era color de rosa. Y por fin lleg\u00f3 aquel d\u00eda que esperaba con tantas ansias cada a\u00f1o, mi cumplea\u00f1os.\u00a0Cumpl\u00ed mis diez a\u00f1os\u00a0 en un abrir y cerrar de ojos. Ya\u00a0 ten\u00eda once. Ya nada era lo\u00a0mismo,ya empezaba a cambiar todo.<\/p>\n\n\n\n<p>\u00bfQu\u00e9 bonito verdad?&nbsp; que bonito era todo antes, cuando no hab\u00eda preocupaciones ,&nbsp;no hab\u00eda problemas, cuando no pasaba todo aquello que nos pasa ahora .Y pensar&nbsp;que quer\u00eda ser mayor&#8230; \u00bfpero para qu\u00e9? Quien dir\u00eda que echar\u00eda de menos ser&nbsp;peque\u00f1a si mi mayor deseo era crecer. Perd\u00ed aquel tiempo tan valioso que ten\u00eda en&nbsp;pensar y desear con todas mis fuerzas ser mayor. A lo mejor lo hice para entender a mis&nbsp;padres o simplemente por poder hacer cosas que ellos hac\u00edan,sin darme cuenta&nbsp;que lo que tendr\u00eda que llegar llegar\u00eda y no aprovechaba aquellos minutos que ahora&nbsp;&nbsp;anhelo con todas mis fuerzas \u2026 era lo&nbsp; que me hac\u00eda realmente feliz y no lo&nbsp;sab\u00eda.<br><\/p>\n","protected":false},"excerpt":{"rendered":"<p>Denisse Moncayo &#8211; Aquello que me hac\u00eda feliz sin yo saberlo Qu\u00e9 bonito cuando todo se solucionaba\u00a0 con un:\u00bfMe perdonas? Cuando el empate se decid\u00eda con un simple\u2026\u00a1Quien antes llegue a la farola gana! Cuando me sol\u00edan decir\u2026\u201cNunca pises las l\u00edneas blancas del paso de cebra\u201d. E Incluso cuando me dec\u00edan \u201cMi\u00a0 pap\u00e1 es un &hellip; <\/p>\n<p class=\"link-more\"><a href=\"https:\/\/www.revista-insaiguaviva.org\/curs2019-2020\/premis-sant-jordi-2020-llengua-castellana-prosa-2\/\" class=\"more-link\">Continua llegint <span class=\"screen-reader-text\">\u00abPREMIS SANT JORDI 2020 &#8211; LLENGUA CASTELLANA &#8211; PROSA\u00bb<\/span><\/a><\/p>\n","protected":false},"author":2,"featured_media":0,"parent":0,"menu_order":0,"comment_status":"closed","ping_status":"closed","template":"","meta":{"footnotes":""},"class_list":["post-820","page","type-page","status-publish","hentry"],"_links":{"self":[{"href":"https:\/\/www.revista-insaiguaviva.org\/curs2019-2020\/wp-json\/wp\/v2\/pages\/820","targetHints":{"allow":["GET"]}}],"collection":[{"href":"https:\/\/www.revista-insaiguaviva.org\/curs2019-2020\/wp-json\/wp\/v2\/pages"}],"about":[{"href":"https:\/\/www.revista-insaiguaviva.org\/curs2019-2020\/wp-json\/wp\/v2\/types\/page"}],"author":[{"embeddable":true,"href":"https:\/\/www.revista-insaiguaviva.org\/curs2019-2020\/wp-json\/wp\/v2\/users\/2"}],"replies":[{"embeddable":true,"href":"https:\/\/www.revista-insaiguaviva.org\/curs2019-2020\/wp-json\/wp\/v2\/comments?post=820"}],"version-history":[{"count":2,"href":"https:\/\/www.revista-insaiguaviva.org\/curs2019-2020\/wp-json\/wp\/v2\/pages\/820\/revisions"}],"predecessor-version":[{"id":822,"href":"https:\/\/www.revista-insaiguaviva.org\/curs2019-2020\/wp-json\/wp\/v2\/pages\/820\/revisions\/822"}],"wp:attachment":[{"href":"https:\/\/www.revista-insaiguaviva.org\/curs2019-2020\/wp-json\/wp\/v2\/media?parent=820"}],"curies":[{"name":"wp","href":"https:\/\/api.w.org\/{rel}","templated":true}]}}