{"id":840,"date":"2020-04-19T13:44:52","date_gmt":"2020-04-19T11:44:52","guid":{"rendered":"https:\/\/www.revista-insaiguaviva.org\/curs2019-2020\/?page_id=840"},"modified":"2020-04-19T13:44:52","modified_gmt":"2020-04-19T11:44:52","slug":"premis-sant-jordi-2020-llengua-catalana-prosa-4","status":"publish","type":"page","link":"https:\/\/www.revista-insaiguaviva.org\/curs2019-2020\/premis-sant-jordi-2020-llengua-catalana-prosa-4\/","title":{"rendered":"PREMIS SANT JORDI 2020 &#8211; LLENGUA CATALANA &#8211; PROSA"},"content":{"rendered":"\n<p>V\u00edctor Ruiz &#8211; <strong><em>8 minuts<\/em><\/strong><\/p>\n\n\n\n<p>8 minuts van ser suficients per que la vida de la Sara canvi\u00e9s per sempre. Si, 8 minuts que separaven casa seva de l\u2019hotel on treballava. Era un trajecte en cotxe per carrers poc transitats, 8 minuts que havia recorregut milers. No, milions de cops.&nbsp;<\/p>\n\n\n\n<p>La jornada havia estat agitada, ja que era temporada alta. La Sara estava cansada, com sempre: els torns de dotze hores no eren per a tothom.&nbsp;<\/p>\n\n\n\n<p>Com sempre, va sortir del p\u00e0rquing i va girar cap a la dreta. El seu cotxe gaireb\u00e9 no produ\u00efa soroll ja que era el\u00e8ctric, No tenir el soroll del motor sonava a bona idea per\u00f2, a la profunda nit en que es trobava ella, l\u2019abs\u00e8ncia de sons que trenquessin el silenci que tot ho dominava es tornava inquietant, per aix\u00f2 posava la r\u00e0dio. Van ser pocs segons despr\u00e9s de posar en marxa el cotxe, l\u2019inici de 8 minuts de tranquil\u00b7la conducci\u00f3 cap a casa ja havia tingut lloc i la r\u00e0dio sonava en la mateixa emissora de sempre. La visi\u00f3 esgotada de la Sara es va fer borrosa; de sobte tot va canviar per a ella: un impacte. Negre.<\/p>\n\n\n\n<p>Sara va despertar al llit degut a la familiar veu de la seva filla. Va obrir els ulls preguntant-se que feia la Laia en la seva habitaci\u00f3 per a adonar-se\u2019n de que no era a la seva habitaci\u00f3, o almenys no a la de la seva casa.&nbsp;<\/p>\n\n\n\n<p>Les blanques parets de l\u2019hospital envoltaven la Laia en un quadre que ja era familiar per a la Sara ja que havia anat a visitar la seva filla en diverses ocasions mentre es trobava de gu\u00e0rdia a l\u2019hospital. Per desgr\u00e0cia semblava que ara no estava treballant.<\/p>\n\n\n\n<p>Rere uns instants de vacil\u00b7laci\u00f3, la Sara va adonar-se\u2019n que no podia moure les cames i tenia els bra\u00e7os entumits. Abans que el pols se li pogu\u00e9s accelerar m\u00e9s la Laia, abans ocupada parlant amb una infermera, probablement una companya de treball, va veure la reacci\u00f3 de sa mare i va saltar gaireb\u00e9 instant\u00e0niament a abra\u00e7ar-la repetint per a ella que tot aniria be. Que deia? Com carai anava a sortir be res d\u2019aix\u00f2? No&#8230; no sentia les cames i&#8230;<\/p>\n\n\n\n<p>Va tranquil\u00b7litzar-se per un moment i va preguntar els detalls de l\u2019accident.<\/p>\n\n\n\n<p>No es va trobar cap signe de manipulaci\u00f3 ni envestides de vehicles aliens, no al cotxe. L\u2019accident havia estat aix\u00f2: un accident. \u201cFalta d\u2019atenci\u00f3 al volant\u201d era la causa oficial de l\u2019accident. Una falta d\u2019atenci\u00f3 provocada per torns de treball de mig dia suportant les ximpleries de clients que \u201csempre tenen la ra\u00f3\u201d. Era frustrant, i tot per la necessitat d\u2019uns diners que amb penes li arribaven per mantenir la seva filla en pr\u00e0ctiques, apunt de graduar-se. Ara&#8230;<\/p>\n\n\n\n<p>Ara que li quedava? Unes cames inservibles segons la doctora, una filla que no podia mantenir i 8 minuts inesborrables de la seva consci\u00e8ncia.&nbsp;<\/p>\n\n\n\n<p>No. Sortiria endavant, sempre ho havia fet i ara no seria diferent. Aconseguiria un nou treball on no l\u2019explotessin, la Laia acabaria les pr\u00e0ctiques en q\u00fcesti\u00f3 de mesos i&#8230;<\/p>\n\n\n\n<p>-Tot anir\u00e0 b\u00e9- va xiuxiuejar-li a la seva filla, potser amb menys confian\u00e7a de la que posse\u00efa, per\u00f2 tamb\u00e9 amb esperan\u00e7a renovada: si 8 minuts eren suficients per que les coses canviessin aix\u00ed, que podria fer ella amb la resta de la vida?<\/p>\n\n\n\n<p>Mare i filla van desfer l\u2019abra\u00e7ada i es van mirar amb r\u00e0bia, per\u00f2 tamb\u00e9 amb complicitat, tamb\u00e9 amb esperances. Tot aniria b\u00e9.<\/p>\n\n\n\n<p>Aix\u00ed, 8 minuts m\u00e9s s\u00e0via, 8 minuts m\u00e9s conven\u00e7uda, la Sara va ren\u00e9ixer, aprofitant la seva segona oportunitat.<br><\/p>\n","protected":false},"excerpt":{"rendered":"<p>V\u00edctor Ruiz &#8211; 8 minuts 8 minuts van ser suficients per que la vida de la Sara canvi\u00e9s per sempre. Si, 8 minuts que separaven casa seva de l\u2019hotel on treballava. Era un trajecte en cotxe per carrers poc transitats, 8 minuts que havia recorregut milers. No, milions de cops.&nbsp; La jornada havia estat agitada, &hellip; <\/p>\n<p class=\"link-more\"><a href=\"https:\/\/www.revista-insaiguaviva.org\/curs2019-2020\/premis-sant-jordi-2020-llengua-catalana-prosa-4\/\" class=\"more-link\">Continua llegint <span class=\"screen-reader-text\">\u00abPREMIS SANT JORDI 2020 &#8211; LLENGUA CATALANA &#8211; PROSA\u00bb<\/span><\/a><\/p>\n","protected":false},"author":2,"featured_media":0,"parent":0,"menu_order":0,"comment_status":"closed","ping_status":"closed","template":"","meta":{"footnotes":""},"class_list":["post-840","page","type-page","status-publish","hentry"],"_links":{"self":[{"href":"https:\/\/www.revista-insaiguaviva.org\/curs2019-2020\/wp-json\/wp\/v2\/pages\/840","targetHints":{"allow":["GET"]}}],"collection":[{"href":"https:\/\/www.revista-insaiguaviva.org\/curs2019-2020\/wp-json\/wp\/v2\/pages"}],"about":[{"href":"https:\/\/www.revista-insaiguaviva.org\/curs2019-2020\/wp-json\/wp\/v2\/types\/page"}],"author":[{"embeddable":true,"href":"https:\/\/www.revista-insaiguaviva.org\/curs2019-2020\/wp-json\/wp\/v2\/users\/2"}],"replies":[{"embeddable":true,"href":"https:\/\/www.revista-insaiguaviva.org\/curs2019-2020\/wp-json\/wp\/v2\/comments?post=840"}],"version-history":[{"count":1,"href":"https:\/\/www.revista-insaiguaviva.org\/curs2019-2020\/wp-json\/wp\/v2\/pages\/840\/revisions"}],"predecessor-version":[{"id":841,"href":"https:\/\/www.revista-insaiguaviva.org\/curs2019-2020\/wp-json\/wp\/v2\/pages\/840\/revisions\/841"}],"wp:attachment":[{"href":"https:\/\/www.revista-insaiguaviva.org\/curs2019-2020\/wp-json\/wp\/v2\/media?parent=840"}],"curies":[{"name":"wp","href":"https:\/\/api.w.org\/{rel}","templated":true}]}}