{"id":891,"date":"2020-04-19T18:44:24","date_gmt":"2020-04-19T16:44:24","guid":{"rendered":"https:\/\/www.revista-insaiguaviva.org\/curs2019-2020\/?page_id=891"},"modified":"2020-04-19T18:44:24","modified_gmt":"2020-04-19T16:44:24","slug":"premis-sant-jordi-2020-video-divulgacio-cientifica-3","status":"publish","type":"page","link":"https:\/\/www.revista-insaiguaviva.org\/curs2019-2020\/premis-sant-jordi-2020-video-divulgacio-cientifica-3\/","title":{"rendered":"PREMIS SANT JORDI 2020 &#8211; V\u00cdDEO DIVULGACI\u00d3 CIENT\u00cdFICA"},"content":{"rendered":"\n<p>Carla Mart\u00edn\/Ingrid Abele &#8211; <strong><em>Tusa<\/em><\/strong><\/p>\n\n\n\n<figure class=\"wp-block-embed-youtube wp-block-embed is-type-video is-provider-youtube wp-embed-aspect-16-9 wp-has-aspect-ratio\"><div class=\"wp-block-embed__wrapper\">\nhttps:\/\/youtu.be\/G4QTpJ9OPQ0\n<\/div><\/figure>\n","protected":false},"excerpt":{"rendered":"<p>Carla Mart\u00edn\/Ingrid Abele &#8211; Tusa<\/p>\n","protected":false},"author":2,"featured_media":0,"parent":0,"menu_order":0,"comment_status":"closed","ping_status":"closed","template":"","meta":{"footnotes":""},"class_list":["post-891","page","type-page","status-publish","hentry"],"_links":{"self":[{"href":"https:\/\/www.revista-insaiguaviva.org\/curs2019-2020\/wp-json\/wp\/v2\/pages\/891","targetHints":{"allow":["GET"]}}],"collection":[{"href":"https:\/\/www.revista-insaiguaviva.org\/curs2019-2020\/wp-json\/wp\/v2\/pages"}],"about":[{"href":"https:\/\/www.revista-insaiguaviva.org\/curs2019-2020\/wp-json\/wp\/v2\/types\/page"}],"author":[{"embeddable":true,"href":"https:\/\/www.revista-insaiguaviva.org\/curs2019-2020\/wp-json\/wp\/v2\/users\/2"}],"replies":[{"embeddable":true,"href":"https:\/\/www.revista-insaiguaviva.org\/curs2019-2020\/wp-json\/wp\/v2\/comments?post=891"}],"version-history":[{"count":1,"href":"https:\/\/www.revista-insaiguaviva.org\/curs2019-2020\/wp-json\/wp\/v2\/pages\/891\/revisions"}],"predecessor-version":[{"id":892,"href":"https:\/\/www.revista-insaiguaviva.org\/curs2019-2020\/wp-json\/wp\/v2\/pages\/891\/revisions\/892"}],"wp:attachment":[{"href":"https:\/\/www.revista-insaiguaviva.org\/curs2019-2020\/wp-json\/wp\/v2\/media?parent=891"}],"curies":[{"name":"wp","href":"https:\/\/api.w.org\/{rel}","templated":true}]}}