{"id":547,"date":"2021-04-19T18:15:34","date_gmt":"2021-04-19T16:15:34","guid":{"rendered":"https:\/\/www.revista-insaiguaviva.org\/curs2020-2021\/?page_id=547"},"modified":"2021-04-19T18:19:02","modified_gmt":"2021-04-19T16:19:02","slug":"pagina","status":"publish","type":"page","link":"https:\/\/www.revista-insaiguaviva.org\/curs2020-2021\/pagina\/","title":{"rendered":"PREMIS SANT JORDI 2021 &#8211; LLENGUA CASTELLANA &#8211; POESIA"},"content":{"rendered":"\n<p>Roi P\u00eda &#8211;<strong><em> Pensamientos<\/em><\/strong><\/p>\n\n\n\n<p>Tengo la vida que siempre so\u00f1\u00e9<\/p>\n\n\n\n<p>pero noto que me falta algo.<\/p>\n\n\n\n<p>Pensar me da la vida<\/p>\n\n\n\n<p>y al mismo tiempo me la est\u00e1 quitando.<\/p>\n\n\n\n<p><\/p>\n\n\n\n<p>S\u00e9 que no es malo pensar esto,<\/p>\n\n\n\n<p>no debo dar tiempo a la gente que detesto.<\/p>\n\n\n\n<p>Pienso en lo dif\u00edcil que es conseguir un puesto<\/p>\n\n\n\n<p>en este mundo donde no triunfa el m\u00e1s honesto.<\/p>\n\n\n\n<p><\/p>\n\n\n\n<p>Ya pasan los a\u00f1os y la madurez aumenta,<\/p>\n\n\n\n<p>me dije es el momento de superar tus tormentas,<\/p>\n\n\n\n<p>lo \u00fanico que quiero es que me tengan en cuenta<\/p>\n\n\n\n<p>aprende de tus miedos y mira a lo que te enfrentas.<\/p>\n\n\n\n<p><\/p>\n\n\n\n<p>Porque solo son temores que viven en mi cabeza<\/p>\n\n\n\n<p>inmensos pensamientos dentro de una mente inquieta.<\/p>\n\n\n\n<p>Pero todo se supera, avanza con destreza,<\/p>\n\n\n\n<p>le demostr\u00e9 a la vida que soy yo quien la reta.<\/p>\n","protected":false},"excerpt":{"rendered":"<p>Roi P\u00eda &#8211; Pensamientos Tengo la vida que siempre so\u00f1\u00e9 pero noto que me falta algo. Pensar me da la vida y al mismo tiempo me la est\u00e1 quitando. S\u00e9 que no es malo pensar esto, no debo dar tiempo a la gente que detesto. Pienso en lo dif\u00edcil que es conseguir un puesto en &hellip; <\/p>\n<p class=\"link-more\"><a href=\"https:\/\/www.revista-insaiguaviva.org\/curs2020-2021\/pagina\/\" class=\"more-link\">Continua llegint <span class=\"screen-reader-text\">\u00abPREMIS SANT JORDI 2021 &#8211; LLENGUA CASTELLANA &#8211; POESIA\u00bb<\/span><\/a><\/p>\n","protected":false},"author":2,"featured_media":0,"parent":0,"menu_order":0,"comment_status":"closed","ping_status":"closed","template":"","meta":{"footnotes":""},"class_list":["post-547","page","type-page","status-publish","hentry"],"_links":{"self":[{"href":"https:\/\/www.revista-insaiguaviva.org\/curs2020-2021\/wp-json\/wp\/v2\/pages\/547","targetHints":{"allow":["GET"]}}],"collection":[{"href":"https:\/\/www.revista-insaiguaviva.org\/curs2020-2021\/wp-json\/wp\/v2\/pages"}],"about":[{"href":"https:\/\/www.revista-insaiguaviva.org\/curs2020-2021\/wp-json\/wp\/v2\/types\/page"}],"author":[{"embeddable":true,"href":"https:\/\/www.revista-insaiguaviva.org\/curs2020-2021\/wp-json\/wp\/v2\/users\/2"}],"replies":[{"embeddable":true,"href":"https:\/\/www.revista-insaiguaviva.org\/curs2020-2021\/wp-json\/wp\/v2\/comments?post=547"}],"version-history":[{"count":3,"href":"https:\/\/www.revista-insaiguaviva.org\/curs2020-2021\/wp-json\/wp\/v2\/pages\/547\/revisions"}],"predecessor-version":[{"id":551,"href":"https:\/\/www.revista-insaiguaviva.org\/curs2020-2021\/wp-json\/wp\/v2\/pages\/547\/revisions\/551"}],"wp:attachment":[{"href":"https:\/\/www.revista-insaiguaviva.org\/curs2020-2021\/wp-json\/wp\/v2\/media?parent=547"}],"curies":[{"name":"wp","href":"https:\/\/api.w.org\/{rel}","templated":true}]}}