{"id":600,"date":"2021-04-20T17:15:57","date_gmt":"2021-04-20T15:15:57","guid":{"rendered":"https:\/\/www.revista-insaiguaviva.org\/curs2020-2021\/?page_id=600"},"modified":"2021-05-03T22:08:11","modified_gmt":"2021-05-03T20:08:11","slug":"premis-sant-jordi-2021-llengua-catalana-prosa","status":"publish","type":"page","link":"https:\/\/www.revista-insaiguaviva.org\/curs2020-2021\/premis-sant-jordi-2021-llengua-catalana-prosa\/","title":{"rendered":"PREMIS SANT JORDI 2021 &#8211; LLENGUA CATALANA &#8211; PROSA"},"content":{"rendered":"\n<p>Imane El Marzguioui &#8211; <em><strong>Descobrint la veritat<\/strong><\/em><\/p>\n\n\n\n<p>Era el primer dia de classe i, com cada any, els de quart d\u2019ESO hav\u00edem de fer un discurs. El seu objectiu era fer que els alumnes estiguessin a gust. Aquell cop m\u2019havia tocat a mi. D\u2019una banda, estava molt feli\u00e7, per\u00f2, d\u2019una altra, estava molt nerviosa.&nbsp;<\/p>\n\n\n\n<p>Estava acabant d\u2019arreglar-me i, si no em donava pressa, arribaria tard. Vaig agafar unes galetes i me les vaig menjar pel cam\u00ed. El meu pare sempre em portava a l\u2019institut. Jo li deia que no feia falta, que ja era gran, per\u00f2 ell sempre em diu el mateix:<\/p>\n\n\n\n<ul class=\"wp-block-list\"><li>Chloe, t\u2019acompanyo perqu\u00e8 no vull que et passi res dolent, m\u2019he d\u2019assegurar que arribes b\u00e9 a l\u2019institut.<\/li><\/ul>\n\n\n\n<p>De vegades, em quedo pensant per qu\u00e8 el meu pare \u00e9s tan estricte i tan sobreprotector amb mi. Suposo que des que va passar all\u00f2 de la meva mare, jo s\u00f3c l\u2019\u00fanica fam\u00edlia que li queda. S\u00ed, l\u2019\u00fanica fam\u00edlia, perqu\u00e8 els seus pares van morir en un accident quan jo tenia deu anys i, del tiet, el pare no en vol saber res.&nbsp;<\/p>\n\n\n\n<p>Acabava de baixar del cotxe i em dirigia cap a la Lua. Ella i jo som millors amigues des que ten\u00edem quatre anys. No l\u2019havia vist en totes les vacances, perqu\u00e8 jo me n\u2019havia anat a Los Angeles. Quan em va veure, va comen\u00e7ar a c\u00f3rrer en la meva direcci\u00f3.<\/p>\n\n\n\n<ul class=\"wp-block-list\"><li>Chloe! T\u2019he trobat molt a faltar! &#8211; em va dir cridant i envoltant-me entre els seus bra\u00e7os.<\/li><li>Hola, Lua! Jo tamb\u00e9 t\u2019he trobat molt a faltar- vaig contestar-li &#8211; Para, m\u2019est\u00e0s ofegant!- vaig dir rient i envoltant-la tamb\u00e9 amb els meus bra\u00e7os.<\/li><\/ul>\n\n\n\n<p>En resum, vam estar parlant de les nostres vacances i del que hav\u00edem fet. Quan va sonar el timbre, ens vam dirigir cap a les classes. Resulta que no vam coincidir a la mateixa, aix\u00ed doncs ens vam acomiadar l\u2019una de l\u2019altra.&nbsp;<\/p>\n\n\n\n<p>Quan vaig entrar a l\u2019aula, vaig seure a l\u2019\u00fanica taula que estava buida. Al costat hi havia un noi que em va cridar molt l\u2019atenci\u00f3 i, a m\u00e9s a m\u00e9s, em va resultar molt familiar, juraria que l\u2019havia vist abans. Tenia uns ulls marrons que transmetien molta seguretat, aquell cabell castany i despentinat el feia molt atractiu. Portava uns pantalons blaus amples i una samarreta d&#8217;un grup de m\u00fasica. Em vaig adonar que me\u2019l havia quedat mirant i ell se\u2019n havia adonat.<\/p>\n\n\n\n<ul class=\"wp-block-list\"><li>Hola, s\u00f3c la Chloe. Ets nou, veritat? Mai t\u2019havia vist per aqu\u00ed- vaig dir amb molta amabilitat.<\/li><li>S\u00ed, s\u00f3c nou &#8211; em va contestar de manera seca i amb un somriure fals.<\/li><\/ul>\n\n\n\n<p>Em vaig passar el que quedava de classe pensant en aquell noi. Qui era? No m&#8217;havia dit com es deia, ni d\u2019on venia, simplement m\u2019havia afirmat que era nou.&nbsp;<\/p>\n\n\n\n<p>El dia va passar volant i sense adonar-me ja era l\u2019hora de fer el discurs. La directora em va cridar i vaig pujar a l\u2019escenari. Estava tremolant dels nervis; jo sempre he sigut una noia molt t\u00edmida quan hi ha molta gent.<\/p>\n\n\n\n<ul class=\"wp-block-list\"><li>Bon dia a tothom. Em dic Chloe i s\u00f3c una alumna de quart d\u2019ESO. En primer lloc, us vull informar que dissabte vinent&nbsp; hi haur\u00e0 una festa d\u2019inauguraci\u00f3. Espero que tots pugueu venir i aix\u00ed divertir-vos i con\u00e8ixer gent nova &#8211; vaig comen\u00e7ar dient. Se\u2019m notava a la veu que tenia vergonya.<\/li><\/ul>\n\n\n\n<p>Despr\u00e9s d\u2019explicar com funcionaven les coses a l\u2019institut, vaig cedir-li el micr\u00f2fon a la directora i em vaig dirigir al meu lloc. La Lua em va felicitar i em va dir que ho havia fet molt b\u00e9. El noi que havia conegut al mat\u00ed seia davant meu i, com no, vaig intentar establir una conversa amb ell.<\/p>\n\n\n\n<ul class=\"wp-block-list\"><li>Se\u2019t ha oblidat dir-me com et dius &#8211; vaig dir-li mentre li donava un cop a l\u2019espatlla.<\/li><li>Connor &#8211; va dir sense m\u00e9s.<\/li><\/ul>\n\n\n\n<p>Vaig ser conscient que no li queia b\u00e9 a aquell noi i vaig deixar d\u2019intentar parlar amb ell. De fet, em vaig prometre a mi mateixa que deixaria de pensar en ell.<\/p>\n\n\n\n<p>Van passar els dies i no vaig tornar a dirigir la paraula a en Connor, per\u00f2 tenia la sensaci\u00f3 que em mirava tota l\u2019estona. Vaig suposar que era la meva imaginaci\u00f3.<\/p>\n\n\n\n<p>Ja era dissabte i, a la nit, era la festa. Em vaig posar un vestit blau clar, que era ajustat per la part de dalt i de la cintura cap a baix era com una faldilla. Em vaig maquillar el m\u00ednim possible. En acabar li vaig demanar al meu pare que em port\u00e9s a la festa.<\/p>\n\n\n\n<p>Quan vaig arribar, em vaig dirigir al gimn\u00e0s, que \u00e9s on es celebrava la festa. Hi havia molts llums, de color blau, vermell, verd\u2026 Just a l\u2019entrada es podia veure una taula allargada que contenia patates, begudes, llaminadures\u2026 La gent anava molt ben vestida i tots s\u2019estaven divertint molt. Vaig donar un cop d\u2019ull buscant en Connor, pensant que aquella nit podria apropar-me a ell, per\u00f2 no el vaig veure per enlloc. Quan va arribar la Lua vam comen\u00e7ar a ballar i a passar-nos-ho b\u00e9.<\/p>\n\n\n\n<p>Vaig tornar a casa abans d\u2019hora. El meu pare estava discutint amb alg\u00fa, per\u00f2 no aconseguia veure\u2019l b\u00e9 ni escoltar-los. Em vaig apropar en silenci. No podia ser. Impossible. No m\u2019ho podia creure. El meu pare estava discutint amb en Connor. Qu\u00e8 feia un empresari com el meu pare discutint amb un noi com el Connor? Necessitava saber de qu\u00e8 parlaven, aix\u00ed que em vaig amagar rere uns arbustos i vaig aconseguir escoltar una mica.<\/p>\n\n\n\n<ul class=\"wp-block-list\"><li>Ella no pot saber que la mort de la seva mare no va ser un accident! Com t\u2019ho he de dir?<\/li><\/ul>\n\n\n\n<p>Un moment! Acabava de dir que la meva mare no havia mort en un accident? Definitivament, estava somiant.<\/p>\n\n\n\n<p>&#8211;&nbsp; &nbsp; Necessito que te l\u2019emportis lluny d\u2019aqu\u00ed, abans que sigui massa tard.&nbsp;<\/p>\n\n\n\n<ul class=\"wp-block-list\"><li>Per\u00f2 jo\u2026- va dir amb la veu tremolosa, com si tingu\u00e9s por al meu pare- M\u2019agrada! La Chloe m\u2019agrada des que va comen\u00e7ar el curs i per culpa dels teus plans no puc estar amb ella.<\/li><\/ul>\n\n\n\n<p>No m\u2019ho podia creure. Acabava de dir que\u2026 jo\u2026 O sigui, jo li agradava? Qu\u00e8 estava passant?<\/p>\n\n\n\n<ul class=\"wp-block-list\"><li>Qu\u00e8? Ha de ser una broma. Quan vam fer el pacte em vas assegurar que quan te l\u2019emportessis d\u2019aqu\u00ed desapareixeries de les nostres vides, no et pot agradar la Chloe. Simplement no pot ser &#8211; va contestar-li el meu pare enfadat.<\/li><\/ul>\n\n\n\n<p>No entenia res del que estava passant. En un moment havien succe\u00eft moltes coses i jo no sabia com reaccionar. Per\u00f2 el que van dir a continuaci\u00f3 va ser encara m\u00e9s impactant:<\/p>\n\n\n\n<ul class=\"wp-block-list\"><li>Li ho has de dir. No pots seguir dient mentides a la teva filla &#8211; se&#8217;l veia aterrat &#8211; Almenys fes-li saber que la seva mare no va morir en un accident, digues-li que la van matar.<\/li><\/ul>\n\n\n\n<p>En escoltar aix\u00f2 em vaig comen\u00e7ar a marejar i, sense m\u00e9s, vaig caure a terra.&nbsp;<\/p>\n","protected":false},"excerpt":{"rendered":"<p>Imane El Marzguioui &#8211; Descobrint la veritat Era el primer dia de classe i, com cada any, els de quart d\u2019ESO hav\u00edem de fer un discurs. El seu objectiu era fer que els alumnes estiguessin a gust. Aquell cop m\u2019havia tocat a mi. D\u2019una banda, estava molt feli\u00e7, per\u00f2, d\u2019una altra, estava molt nerviosa.&nbsp; Estava &hellip; <\/p>\n<p class=\"link-more\"><a href=\"https:\/\/www.revista-insaiguaviva.org\/curs2020-2021\/premis-sant-jordi-2021-llengua-catalana-prosa\/\" class=\"more-link\">Continua llegint <span class=\"screen-reader-text\">\u00abPREMIS SANT JORDI 2021 &#8211; LLENGUA CATALANA &#8211; PROSA\u00bb<\/span><\/a><\/p>\n","protected":false},"author":2,"featured_media":0,"parent":0,"menu_order":0,"comment_status":"closed","ping_status":"closed","template":"","meta":{"footnotes":""},"class_list":["post-600","page","type-page","status-publish","hentry"],"_links":{"self":[{"href":"https:\/\/www.revista-insaiguaviva.org\/curs2020-2021\/wp-json\/wp\/v2\/pages\/600","targetHints":{"allow":["GET"]}}],"collection":[{"href":"https:\/\/www.revista-insaiguaviva.org\/curs2020-2021\/wp-json\/wp\/v2\/pages"}],"about":[{"href":"https:\/\/www.revista-insaiguaviva.org\/curs2020-2021\/wp-json\/wp\/v2\/types\/page"}],"author":[{"embeddable":true,"href":"https:\/\/www.revista-insaiguaviva.org\/curs2020-2021\/wp-json\/wp\/v2\/users\/2"}],"replies":[{"embeddable":true,"href":"https:\/\/www.revista-insaiguaviva.org\/curs2020-2021\/wp-json\/wp\/v2\/comments?post=600"}],"version-history":[{"count":3,"href":"https:\/\/www.revista-insaiguaviva.org\/curs2020-2021\/wp-json\/wp\/v2\/pages\/600\/revisions"}],"predecessor-version":[{"id":742,"href":"https:\/\/www.revista-insaiguaviva.org\/curs2020-2021\/wp-json\/wp\/v2\/pages\/600\/revisions\/742"}],"wp:attachment":[{"href":"https:\/\/www.revista-insaiguaviva.org\/curs2020-2021\/wp-json\/wp\/v2\/media?parent=600"}],"curies":[{"name":"wp","href":"https:\/\/api.w.org\/{rel}","templated":true}]}}