{"id":606,"date":"2021-04-20T17:18:10","date_gmt":"2021-04-20T15:18:10","guid":{"rendered":"https:\/\/www.revista-insaiguaviva.org\/curs2020-2021\/?page_id=606"},"modified":"2021-04-23T10:03:05","modified_gmt":"2021-04-23T08:03:05","slug":"premis-sant-jordi-2021-llengua-catalana-prosa-3","status":"publish","type":"page","link":"https:\/\/www.revista-insaiguaviva.org\/curs2020-2021\/premis-sant-jordi-2021-llengua-catalana-prosa-3\/","title":{"rendered":"PREMIS SANT JORDI 2021 &#8211; LLENGUA CATALANA &#8211; PROSA"},"content":{"rendered":"\n<p>Ona Tres &#8211; <em><strong>Pensaments<\/strong><\/em><\/p>\n\n\n\n<p>\u00c9s de nit. El meu cap fa voltes. Sense voler, miro i remiro cada rac\u00f3 del meu cap, tan mogut, tan regirat.<\/p>\n\n\n\n<p>Borrosos records amb un transl\u00facid vel tapats.&nbsp; Estan visibles, per\u00f2 amagats. Propers, per\u00f2 allunyats. I es van apropant fent-se cada cop m\u00e9s i m\u00e9s clars, fent que m\u2019ofegui per la por al \u201cqu\u00e8 passar\u00e0?\u201d. Llavors el futur es deixa veure, impossible d\u2019atrapar, per\u00f2 tan a prop que fa mal i m\u2019endinsa dins del mar del pensament, ara agitat.<\/p>\n\n\n\n<p>Intento nedar, per\u00f2 la marea puja, l\u2019aigua m\u2019arriba al nas, d\u2019aqu\u00ed poc no podr\u00e9 respirar.<\/p>\n\n\n\n<p>El meu cos cada cop \u00e9s m\u00e9s pesat i m\u2019enfonso.<\/p>\n\n\n\n<p>Sota l\u2019aigua passen un minut, dos minuts, tres.<\/p>\n\n\n\n<p>Xiuxiuejos d\u2019auxili surten de la meva boca en forma de bombolles, que en arribar a la superf\u00edcie es transformen en crit.<\/p>\n\n\n\n<p>Tanco els ulls i, sense saber per qu\u00e8, apareix llum all\u00e0 a l\u2019horitz\u00f3. No s\u2019amaga rere els n\u00favols de la incertesa. Llavors mentre la llum m\u2019abra\u00e7a, suro en aquell immens i ara tranquil mar.<\/p>\n","protected":false},"excerpt":{"rendered":"<p>Ona Tres &#8211; Pensaments \u00c9s de nit. El meu cap fa voltes. Sense voler, miro i remiro cada rac\u00f3 del meu cap, tan mogut, tan regirat. Borrosos records amb un transl\u00facid vel tapats.&nbsp; Estan visibles, per\u00f2 amagats. Propers, per\u00f2 allunyats. I es van apropant fent-se cada cop m\u00e9s i m\u00e9s clars, fent que m\u2019ofegui per &hellip; <\/p>\n<p class=\"link-more\"><a href=\"https:\/\/www.revista-insaiguaviva.org\/curs2020-2021\/premis-sant-jordi-2021-llengua-catalana-prosa-3\/\" class=\"more-link\">Continua llegint <span class=\"screen-reader-text\">\u00abPREMIS SANT JORDI 2021 &#8211; LLENGUA CATALANA &#8211; PROSA\u00bb<\/span><\/a><\/p>\n","protected":false},"author":2,"featured_media":0,"parent":0,"menu_order":0,"comment_status":"closed","ping_status":"closed","template":"","meta":{"footnotes":""},"class_list":["post-606","page","type-page","status-publish","hentry"],"_links":{"self":[{"href":"https:\/\/www.revista-insaiguaviva.org\/curs2020-2021\/wp-json\/wp\/v2\/pages\/606","targetHints":{"allow":["GET"]}}],"collection":[{"href":"https:\/\/www.revista-insaiguaviva.org\/curs2020-2021\/wp-json\/wp\/v2\/pages"}],"about":[{"href":"https:\/\/www.revista-insaiguaviva.org\/curs2020-2021\/wp-json\/wp\/v2\/types\/page"}],"author":[{"embeddable":true,"href":"https:\/\/www.revista-insaiguaviva.org\/curs2020-2021\/wp-json\/wp\/v2\/users\/2"}],"replies":[{"embeddable":true,"href":"https:\/\/www.revista-insaiguaviva.org\/curs2020-2021\/wp-json\/wp\/v2\/comments?post=606"}],"version-history":[{"count":3,"href":"https:\/\/www.revista-insaiguaviva.org\/curs2020-2021\/wp-json\/wp\/v2\/pages\/606\/revisions"}],"predecessor-version":[{"id":691,"href":"https:\/\/www.revista-insaiguaviva.org\/curs2020-2021\/wp-json\/wp\/v2\/pages\/606\/revisions\/691"}],"wp:attachment":[{"href":"https:\/\/www.revista-insaiguaviva.org\/curs2020-2021\/wp-json\/wp\/v2\/media?parent=606"}],"curies":[{"name":"wp","href":"https:\/\/api.w.org\/{rel}","templated":true}]}}