{"id":651,"date":"2021-04-21T10:45:14","date_gmt":"2021-04-21T08:45:14","guid":{"rendered":"https:\/\/www.revista-insaiguaviva.org\/curs2020-2021\/?page_id=651"},"modified":"2021-04-21T15:08:57","modified_gmt":"2021-04-21T13:08:57","slug":"premis-sant-jordi-2021-concurs-ciientificotecnologic-i-matematic-2","status":"publish","type":"page","link":"https:\/\/www.revista-insaiguaviva.org\/curs2020-2021\/premis-sant-jordi-2021-concurs-ciientificotecnologic-i-matematic-2\/","title":{"rendered":"PREMIS SANT JORDI 2021 &#8211; CONCURS CIIENT\u00cdFICOTECNOL\u00d2GIC I MATEM\u00c0TIC"},"content":{"rendered":"\n<p>Ona Monserd\u00e0 &#8211; Maia Carreras &#8211; <em><strong>Vull jugar a la play<\/strong><\/em><\/p>\n\n\n\n<figure class=\"wp-block-embed-youtube wp-block-embed is-type-video is-provider-youtube wp-embed-aspect-4-3 wp-has-aspect-ratio\"><div class=\"wp-block-embed__wrapper\">\nhttps:\/\/www.youtube.com\/watch?v=x96h_wC2fA0\n<\/div><\/figure>\n","protected":false},"excerpt":{"rendered":"<p>Ona Monserd\u00e0 &#8211; Maia Carreras &#8211; Vull jugar a la play<\/p>\n","protected":false},"author":2,"featured_media":0,"parent":0,"menu_order":0,"comment_status":"closed","ping_status":"closed","template":"","meta":{"footnotes":""},"class_list":["post-651","page","type-page","status-publish","hentry"],"_links":{"self":[{"href":"https:\/\/www.revista-insaiguaviva.org\/curs2020-2021\/wp-json\/wp\/v2\/pages\/651","targetHints":{"allow":["GET"]}}],"collection":[{"href":"https:\/\/www.revista-insaiguaviva.org\/curs2020-2021\/wp-json\/wp\/v2\/pages"}],"about":[{"href":"https:\/\/www.revista-insaiguaviva.org\/curs2020-2021\/wp-json\/wp\/v2\/types\/page"}],"author":[{"embeddable":true,"href":"https:\/\/www.revista-insaiguaviva.org\/curs2020-2021\/wp-json\/wp\/v2\/users\/2"}],"replies":[{"embeddable":true,"href":"https:\/\/www.revista-insaiguaviva.org\/curs2020-2021\/wp-json\/wp\/v2\/comments?post=651"}],"version-history":[{"count":3,"href":"https:\/\/www.revista-insaiguaviva.org\/curs2020-2021\/wp-json\/wp\/v2\/pages\/651\/revisions"}],"predecessor-version":[{"id":663,"href":"https:\/\/www.revista-insaiguaviva.org\/curs2020-2021\/wp-json\/wp\/v2\/pages\/651\/revisions\/663"}],"wp:attachment":[{"href":"https:\/\/www.revista-insaiguaviva.org\/curs2020-2021\/wp-json\/wp\/v2\/media?parent=651"}],"curies":[{"name":"wp","href":"https:\/\/api.w.org\/{rel}","templated":true}]}}