{"id":816,"date":"2022-04-23T19:48:02","date_gmt":"2022-04-23T17:48:02","guid":{"rendered":"https:\/\/www.revista-insaiguaviva.org\/curs2021-2022\/?page_id=816"},"modified":"2022-04-23T19:49:10","modified_gmt":"2022-04-23T17:49:10","slug":"concurs-literari-llengua-anglesa-sant-jordi-2022-6","status":"publish","type":"page","link":"https:\/\/www.revista-insaiguaviva.org\/curs2021-2022\/concurs-literari-llengua-anglesa-sant-jordi-2022-6\/","title":{"rendered":"CONCURS LITERARI\u00a0LLENGUA CATALANA SANT JORDI 2022"},"content":{"rendered":"\n<p>Marina Oller, \u201cLa llegenda de Sant Jordi\u201d<\/p>\n\n\n\n<p>Avui \u00e9s un gran dia,<br>la coneguda llegenda recordem,<br>sobre un cavaller que vencia,<br>que ara us explicarem.<\/p>\n\n\n\n<p>La llegenda comen\u00e7a,<br>en una terra catalana,<br>on un drac sense esperan\u00e7a,<br>passava molta gana.<\/p>\n\n\n\n<p>-Cada dia me&#8217;n dur\u00e9 a una persona,<br>escollida per sorteig.<br>I me la menjar\u00e9, que bona!<br>Digu\u00e9 el drac molt lleig.<\/p>\n\n\n\n<p>Els dies anaven passant,<br>per\u00f2 un dia li toc\u00e0 a la filla del rei.<br>Tot el poble estava plorant,<br>per\u00f2 no hi havia cap remei.<\/p>\n\n\n\n<p>Fins a la cova va arribar la princesa,<br>on estava el temut drac,<br>esperant-la com una presa.<br>Mare meva, quin atac!<\/p>\n\n\n\n<p>Per\u00f2 quan se l\u2019anava a menjar,<br>va passar una cosa sorprenent.<br>Era Sant Jordi, la venia a rescatar!<br>Quin heroi m\u00e9s valent!<\/p>\n\n\n\n<p>Sant Jordi amb la seva espasa,<br>va matar al drac dolent.<br>Va cr\u00e9ixer una vermella rosa<br>i la va regalar a la princesa amorosament.<\/p>\n\n\n\n<p>D\u2019aqu\u00ed la hist\u00f2ria origina,<br>que el 23 d\u2019abril celebrem.<br>Als nois donem un llibre que fascina<br>i a les noies una rosa regalem.<\/p>\n","protected":false},"excerpt":{"rendered":"<p>Marina Oller, \u201cLa llegenda de Sant Jordi\u201d Avui \u00e9s un gran dia,la coneguda llegenda recordem,sobre un cavaller que vencia,que ara us explicarem. La llegenda comen\u00e7a,en una terra catalana,on un drac sense esperan\u00e7a,passava molta gana. -Cada dia me&#8217;n dur\u00e9 a una persona,escollida per sorteig.I me la menjar\u00e9, que bona!Digu\u00e9 el drac molt lleig. Els dies anaven &hellip; <\/p>\n<p class=\"link-more\"><a href=\"https:\/\/www.revista-insaiguaviva.org\/curs2021-2022\/concurs-literari-llengua-anglesa-sant-jordi-2022-6\/\" class=\"more-link\">Continua llegint <span class=\"screen-reader-text\">\u00abCONCURS LITERARI\u00a0LLENGUA CATALANA SANT JORDI 2022\u00bb<\/span><\/a><\/p>\n","protected":false},"author":2,"featured_media":0,"parent":0,"menu_order":0,"comment_status":"closed","ping_status":"closed","template":"","meta":{"footnotes":""},"class_list":["post-816","page","type-page","status-publish","hentry"],"_links":{"self":[{"href":"https:\/\/www.revista-insaiguaviva.org\/curs2021-2022\/wp-json\/wp\/v2\/pages\/816","targetHints":{"allow":["GET"]}}],"collection":[{"href":"https:\/\/www.revista-insaiguaviva.org\/curs2021-2022\/wp-json\/wp\/v2\/pages"}],"about":[{"href":"https:\/\/www.revista-insaiguaviva.org\/curs2021-2022\/wp-json\/wp\/v2\/types\/page"}],"author":[{"embeddable":true,"href":"https:\/\/www.revista-insaiguaviva.org\/curs2021-2022\/wp-json\/wp\/v2\/users\/2"}],"replies":[{"embeddable":true,"href":"https:\/\/www.revista-insaiguaviva.org\/curs2021-2022\/wp-json\/wp\/v2\/comments?post=816"}],"version-history":[{"count":3,"href":"https:\/\/www.revista-insaiguaviva.org\/curs2021-2022\/wp-json\/wp\/v2\/pages\/816\/revisions"}],"predecessor-version":[{"id":820,"href":"https:\/\/www.revista-insaiguaviva.org\/curs2021-2022\/wp-json\/wp\/v2\/pages\/816\/revisions\/820"}],"wp:attachment":[{"href":"https:\/\/www.revista-insaiguaviva.org\/curs2021-2022\/wp-json\/wp\/v2\/media?parent=816"}],"curies":[{"name":"wp","href":"https:\/\/api.w.org\/{rel}","templated":true}]}}