{"id":821,"date":"2022-04-23T19:50:08","date_gmt":"2022-04-23T17:50:08","guid":{"rendered":"https:\/\/www.revista-insaiguaviva.org\/curs2021-2022\/?page_id=821"},"modified":"2022-04-23T20:50:15","modified_gmt":"2022-04-23T18:50:15","slug":"concurs-literari-llengua-catalana-sant-jordi-2022","status":"publish","type":"page","link":"https:\/\/www.revista-insaiguaviva.org\/curs2021-2022\/concurs-literari-llengua-catalana-sant-jordi-2022\/","title":{"rendered":"CONCURS LITERARI\u00a0LLENGUA CATALANA SANT JORDI 2022"},"content":{"rendered":"\n<p>Isa\u00edas Iglesias, \u201cAncestres\u201d<\/p>\n\n\n\n<p>He mort I he viscut un mili\u00f3 de vegades<br>He estimat a tants homes i dones<br>He sigut estimat tamb\u00e9<br>Jo soc la prova d&#8217;aquest amor.<\/p>\n\n\n\n<p>La meva cara \u00e9s la de tots ells<br>I la seva cara tamb\u00e9 \u00e9s la meva<br>Quan em mires, els mires a tots ells<br>I \u00e9s la prova de que han sigut aqu\u00ed.<\/p>\n\n\n\n<p>I he sigut tots ells des de l&#8217;inici dels temps<br>Des d&#8217;Adam i Eva<br>I des de Rupav\u1ebd i Sypav\u1ebd<br>I des de Ask i Embla<\/p>\n","protected":false},"excerpt":{"rendered":"<p>Isa\u00edas Iglesias, \u201cAncestres\u201d He mort I he viscut un mili\u00f3 de vegadesHe estimat a tants homes i donesHe sigut estimat tamb\u00e9Jo soc la prova d&#8217;aquest amor. La meva cara \u00e9s la de tots ellsI la seva cara tamb\u00e9 \u00e9s la mevaQuan em mires, els mires a tots ellsI \u00e9s la prova de que han sigut &hellip; <\/p>\n<p class=\"link-more\"><a href=\"https:\/\/www.revista-insaiguaviva.org\/curs2021-2022\/concurs-literari-llengua-catalana-sant-jordi-2022\/\" class=\"more-link\">Continua llegint <span class=\"screen-reader-text\">\u00abCONCURS LITERARI\u00a0LLENGUA CATALANA SANT JORDI 2022\u00bb<\/span><\/a><\/p>\n","protected":false},"author":2,"featured_media":0,"parent":0,"menu_order":0,"comment_status":"closed","ping_status":"closed","template":"","meta":{"footnotes":""},"class_list":["post-821","page","type-page","status-publish","hentry"],"_links":{"self":[{"href":"https:\/\/www.revista-insaiguaviva.org\/curs2021-2022\/wp-json\/wp\/v2\/pages\/821","targetHints":{"allow":["GET"]}}],"collection":[{"href":"https:\/\/www.revista-insaiguaviva.org\/curs2021-2022\/wp-json\/wp\/v2\/pages"}],"about":[{"href":"https:\/\/www.revista-insaiguaviva.org\/curs2021-2022\/wp-json\/wp\/v2\/types\/page"}],"author":[{"embeddable":true,"href":"https:\/\/www.revista-insaiguaviva.org\/curs2021-2022\/wp-json\/wp\/v2\/users\/2"}],"replies":[{"embeddable":true,"href":"https:\/\/www.revista-insaiguaviva.org\/curs2021-2022\/wp-json\/wp\/v2\/comments?post=821"}],"version-history":[{"count":2,"href":"https:\/\/www.revista-insaiguaviva.org\/curs2021-2022\/wp-json\/wp\/v2\/pages\/821\/revisions"}],"predecessor-version":[{"id":869,"href":"https:\/\/www.revista-insaiguaviva.org\/curs2021-2022\/wp-json\/wp\/v2\/pages\/821\/revisions\/869"}],"wp:attachment":[{"href":"https:\/\/www.revista-insaiguaviva.org\/curs2021-2022\/wp-json\/wp\/v2\/media?parent=821"}],"curies":[{"name":"wp","href":"https:\/\/api.w.org\/{rel}","templated":true}]}}