{"id":828,"date":"2022-04-23T19:59:37","date_gmt":"2022-04-23T17:59:37","guid":{"rendered":"https:\/\/www.revista-insaiguaviva.org\/curs2021-2022\/?page_id=828"},"modified":"2022-04-23T20:51:46","modified_gmt":"2022-04-23T18:51:46","slug":"concurs-literari-llengua-catalana-sant-jordi-2022-3","status":"publish","type":"page","link":"https:\/\/www.revista-insaiguaviva.org\/curs2021-2022\/concurs-literari-llengua-catalana-sant-jordi-2022-3\/","title":{"rendered":"CONCURS LITERARI\u00a0LLENGUA CATALANA SANT JORDI 2022"},"content":{"rendered":"\n<p>Edgar Luque, \u201cLa llei universal\u201d<\/p>\n\n\n\n<p>Tot all\u00f2 que menja eventualment ser\u00e0 menjat. Aquesta \u00e9s la llei universal d\u2019aquest lloc, i l&#8217;\u00fanic enunciat que podr\u00edem considerar inequ\u00edvocament vertader. De la mateixa manera que la flora s&#8217;alimenta del D\u00e9u Sol, i els herb\u00edvors mengen d&#8217;aquesta, nosaltres ens alimentem de tot animal que es trobi a la nostra disposici\u00f3. Lamentablement, \u201ca la nostra disposici\u00f3\u201d \u00e9s una qualitat que a poc a poc es torna m\u00e9s infreq\u00fcent. La meva tribu pateix fam; mentiria si afirm\u00e9s que soc capa\u00e7 d&#8217;enumerar a cadascuna de les persones que han mort d&#8217;inanici\u00f3 davant dels meus ulls.<br>Per aquest mateix motiu em trobo en cerca del Behemoth: una colossal criatura de la carn de la qual podrien menjar m\u00e9s de cent tribus, i sota la pell de la qual podria aixoplugar-se sense dificultat una civilitzaci\u00f3 sencera. Alguns consideren al Behemoth mitol\u00f2gic,  imaginari o fictici; mes jo s\u00e9 que \u00e9s real. I no cessar\u00e9 el meu caminar fins a trobar-ho. Sent sincer, no s\u00e9 amb certesa quants milers de passos haur\u00e9 donat ja. Vaig comen\u00e7ar caminant per unes planes, despr\u00e9s per tundres, muntanyes, jungles, i ara em trobo en un desert. M&#8217;alimento principalment de petits insectes que habiten a aquestes dunes, si b\u00e9 que ocasionalment puc tastar la carn d&#8217;algun camell o dromedari defallit per les temperatures elevades. L&#8217;\u00fanica companyia que tinc durant la meva travessia s\u00f3n les dotzenes d&#8217;ocells carronyers que em persegueixen. Van comen\u00e7ar a acompanyar-me unes poques quan em vaig danyar els bra\u00e7os en una caiguda, i progressivament han anat augmentant en nombre. Per molt persistents que siguin aquests ocells, estan completament tocats de l\u2019ala, i en m\u00e9s d\u2019un sentit: ni boig caur\u00e9. No fins a trobar el Behemoth.<br>Potser he comen\u00e7at a al\u00b7lucinar, mes albiro una figura distant esvaint-se en l&#8217;horitz\u00f3. S&#8217;assembla marcadament a un senglar, encara que \u00e9s desenes de vegades m\u00e9s gran. Accelero el pas. Arribats a aquests trams del desert, l&#8217;aigua \u00e9s un b\u00e9 valu\u00f3s, i fa m\u00e9s de dos dies que no bec res. Si no m&#8217;afanyo, podria acabar desmaiat abans de fer-me amb la carn d&#8217;aquesta b\u00e8stia.<br>De sobte, sofreixo un terrible i punxant dolor al meu peu esquerre. Sense cap manera de remeiar-lo, caic immediatament a terra. All\u00e0, puc discernir clarament a un petit escorp\u00ed amb la closca trencada, a escassos cent\u00edmetres de mi. Degu\u00ed trepitjar-lo sense voler, i en fer-ho, el seu agull\u00f3 s\u2019ha enfilat al meu peu, alliberant el seu ver\u00ed. \u00c9s com a poc inc\u00f2mode, i em costa moure&#8217;m ara mateix. M&#8217;arrossego com puc cap endavant, sabent que, en qualsevol moment, els meus bra\u00e7os tamb\u00e9 quedaran imm\u00f2bils.<br>Escolto un grall en la dist\u00e0ncia. Segons despr\u00e9s, un voltor s\u2019acomoda a la meva vora. I un altre. I un altre m\u00e9s. Acabo envoltat d&#8217;ells, sense poder moure&#8217;m. En aquests moments, recordo fuga\u00e7ment aquell mateix pensament que em va motivar a comen\u00e7ar aquest viatge: \u201ctot all\u00f2 que menja eventualment ser\u00e0 menjat\u201d.<\/p>\n","protected":false},"excerpt":{"rendered":"<p>Edgar Luque, \u201cLa llei universal\u201d Tot all\u00f2 que menja eventualment ser\u00e0 menjat. Aquesta \u00e9s la llei universal d\u2019aquest lloc, i l&#8217;\u00fanic enunciat que podr\u00edem considerar inequ\u00edvocament vertader. De la mateixa manera que la flora s&#8217;alimenta del D\u00e9u Sol, i els herb\u00edvors mengen d&#8217;aquesta, nosaltres ens alimentem de tot animal que es trobi a la nostra &hellip; <\/p>\n<p class=\"link-more\"><a href=\"https:\/\/www.revista-insaiguaviva.org\/curs2021-2022\/concurs-literari-llengua-catalana-sant-jordi-2022-3\/\" class=\"more-link\">Continua llegint <span class=\"screen-reader-text\">\u00abCONCURS LITERARI\u00a0LLENGUA CATALANA SANT JORDI 2022\u00bb<\/span><\/a><\/p>\n","protected":false},"author":2,"featured_media":0,"parent":0,"menu_order":0,"comment_status":"closed","ping_status":"closed","template":"","meta":{"footnotes":""},"class_list":["post-828","page","type-page","status-publish","hentry"],"_links":{"self":[{"href":"https:\/\/www.revista-insaiguaviva.org\/curs2021-2022\/wp-json\/wp\/v2\/pages\/828","targetHints":{"allow":["GET"]}}],"collection":[{"href":"https:\/\/www.revista-insaiguaviva.org\/curs2021-2022\/wp-json\/wp\/v2\/pages"}],"about":[{"href":"https:\/\/www.revista-insaiguaviva.org\/curs2021-2022\/wp-json\/wp\/v2\/types\/page"}],"author":[{"embeddable":true,"href":"https:\/\/www.revista-insaiguaviva.org\/curs2021-2022\/wp-json\/wp\/v2\/users\/2"}],"replies":[{"embeddable":true,"href":"https:\/\/www.revista-insaiguaviva.org\/curs2021-2022\/wp-json\/wp\/v2\/comments?post=828"}],"version-history":[{"count":3,"href":"https:\/\/www.revista-insaiguaviva.org\/curs2021-2022\/wp-json\/wp\/v2\/pages\/828\/revisions"}],"predecessor-version":[{"id":870,"href":"https:\/\/www.revista-insaiguaviva.org\/curs2021-2022\/wp-json\/wp\/v2\/pages\/828\/revisions\/870"}],"wp:attachment":[{"href":"https:\/\/www.revista-insaiguaviva.org\/curs2021-2022\/wp-json\/wp\/v2\/media?parent=828"}],"curies":[{"name":"wp","href":"https:\/\/api.w.org\/{rel}","templated":true}]}}