{"id":832,"date":"2022-04-23T20:02:56","date_gmt":"2022-04-23T18:02:56","guid":{"rendered":"https:\/\/www.revista-insaiguaviva.org\/curs2021-2022\/?page_id=832"},"modified":"2022-04-23T20:50:48","modified_gmt":"2022-04-23T18:50:48","slug":"concurs-literari-llengua-catalana-sant-jordi-2022-4","status":"publish","type":"page","link":"https:\/\/www.revista-insaiguaviva.org\/curs2021-2022\/concurs-literari-llengua-catalana-sant-jordi-2022-4\/","title":{"rendered":"CONCURS LITERARI\u00a0LLENGUA CATALANA SANT JORDI 2022"},"content":{"rendered":"\n<p>Marc Escudero i Ona Monserd\u00e0, \u201cEl dia que el temps es va aturar\u201d<\/p>\n\n\n\n<p>El pont de Brooklyn, un monument a la gran taca de contaminaci\u00f3 i ciment que \u00e9s Nova York. \u00c9s una llarga hist\u00f2ria, per\u00f2 la darrera vegada que el vaig veure, el temps es va aturar.<\/p>\n\n\n\n<p>No creguin potser que va passar res impressionant, aix\u00f2 \u00e9s una cosa que ja va passar, passa i passar\u00e0. El m\u00e9s probable \u00e9s que estigui passant ara mateix, en algun lloc.<\/p>\n\n\n\n<p>No es pot ser original \u00faltimament, no creuen? Tot ha estat inventat, explorat, estudiat, constru\u00eft o descobert, no hi ha res en la que una persona ordin\u00e0ria pugui destacar sobre la resta, i fins i tot si ho fa, la major part del m\u00f3n l&#8217;ignorar\u00e0 o en tot cas li donar\u00e0 d\u2019orella com a molt uns minuts, ja que aix\u00ed funciona el m\u00f3n. Ja res ni ning\u00fa no \u00e9s impredictible, res et sorpr\u00e8n.<\/p>\n\n\n\n<p>El que jo vaig fer ho va fer molta gent, de la mateixa manera, al mateix lloc, i aquesta \u00e9s la ra\u00f3 per la qual ho vaig fer, i la ra\u00f3 per la qual ho van fer tots els altres, doncs si un \u00e9s tan insignificant, quina \u00e9s la difer\u00e8ncia sense tu? Estarien les vides dels teus propers afectades? Estarien potser millor sense tu? No ets rellevant al teu planeta, ni tan sols a la teva ciutat. El m\u00f3n no canviaria si tu simplement no estiguessis, No?<\/p>\n\n\n\n<p>Igualment, com he dit anteriorment, no em feu cas, ja que el meu temps es va aturar just despr\u00e9s d&#8217;anar al pont de Brooklyn. Just despr\u00e9s de caminar-hi. Just despr\u00e9s de separar-me del paviment d&#8217;un salt. El temps es va aturar quan vaig saltar del pont de Brooklyn.<\/p>\n","protected":false},"excerpt":{"rendered":"<p>Marc Escudero i Ona Monserd\u00e0, \u201cEl dia que el temps es va aturar\u201d El pont de Brooklyn, un monument a la gran taca de contaminaci\u00f3 i ciment que \u00e9s Nova York. \u00c9s una llarga hist\u00f2ria, per\u00f2 la darrera vegada que el vaig veure, el temps es va aturar. No creguin potser que va passar res &hellip; <\/p>\n<p class=\"link-more\"><a href=\"https:\/\/www.revista-insaiguaviva.org\/curs2021-2022\/concurs-literari-llengua-catalana-sant-jordi-2022-4\/\" class=\"more-link\">Continua llegint <span class=\"screen-reader-text\">\u00abCONCURS LITERARI\u00a0LLENGUA CATALANA SANT JORDI 2022\u00bb<\/span><\/a><\/p>\n","protected":false},"author":2,"featured_media":0,"parent":0,"menu_order":0,"comment_status":"closed","ping_status":"closed","template":"","meta":{"footnotes":""},"class_list":["post-832","page","type-page","status-publish","hentry"],"_links":{"self":[{"href":"https:\/\/www.revista-insaiguaviva.org\/curs2021-2022\/wp-json\/wp\/v2\/pages\/832","targetHints":{"allow":["GET"]}}],"collection":[{"href":"https:\/\/www.revista-insaiguaviva.org\/curs2021-2022\/wp-json\/wp\/v2\/pages"}],"about":[{"href":"https:\/\/www.revista-insaiguaviva.org\/curs2021-2022\/wp-json\/wp\/v2\/types\/page"}],"author":[{"embeddable":true,"href":"https:\/\/www.revista-insaiguaviva.org\/curs2021-2022\/wp-json\/wp\/v2\/users\/2"}],"replies":[{"embeddable":true,"href":"https:\/\/www.revista-insaiguaviva.org\/curs2021-2022\/wp-json\/wp\/v2\/comments?post=832"}],"version-history":[{"count":1,"href":"https:\/\/www.revista-insaiguaviva.org\/curs2021-2022\/wp-json\/wp\/v2\/pages\/832\/revisions"}],"predecessor-version":[{"id":833,"href":"https:\/\/www.revista-insaiguaviva.org\/curs2021-2022\/wp-json\/wp\/v2\/pages\/832\/revisions\/833"}],"wp:attachment":[{"href":"https:\/\/www.revista-insaiguaviva.org\/curs2021-2022\/wp-json\/wp\/v2\/media?parent=832"}],"curies":[{"name":"wp","href":"https:\/\/api.w.org\/{rel}","templated":true}]}}