{"id":841,"date":"2022-04-23T20:11:08","date_gmt":"2022-04-23T18:11:08","guid":{"rendered":"https:\/\/www.revista-insaiguaviva.org\/curs2021-2022\/?page_id=841"},"modified":"2022-04-23T20:11:08","modified_gmt":"2022-04-23T18:11:08","slug":"concurs-literari-llengua-castellana-sant-jordi-2022-2","status":"publish","type":"page","link":"https:\/\/www.revista-insaiguaviva.org\/curs2021-2022\/concurs-literari-llengua-castellana-sant-jordi-2022-2\/","title":{"rendered":"CONCURS LITERARI\u00a0LLENGUA CASTELLANA SANT JORDI 2022"},"content":{"rendered":"\n<p>N\u00faria Ruiz\u00a0 &#8211; <em>La historia de mi vida<\/em><\/p>\n\n\n\n<p><em>Porque al final todo silencio regresa a lo que era\u2026 silencio.<\/em><\/p>\n\n\n\n<p><em>FIN<\/em><\/p>\n\n\n\n<p>Y con esto acab\u00e9 mi primer libro, que probablemente tambi\u00e9n ser\u00eda el \u00faltimo si me quedaba seco\u2026&nbsp;<\/p>\n\n\n\n<p>Mi vida empez\u00f3 de verdad cuando Sonia, mi due\u00f1a, me sac\u00f3 del estuche en el que llevaba encerrado dos a\u00f1os, en el cual estaba solo y aburrido. En aquel entonces no sab\u00eda que mi due\u00f1a era escritora. El primer d\u00eda que me utiliz\u00f3, de la emoci\u00f3n que tuve, incluso me cost\u00f3 un poco hacer mi trabajo, pero ante el miedo a que me dejara olvidado, hice un gran esfuerzo. A\u00fan recuerdo a la perfecci\u00f3n las primeras palabras que escribi\u00f3 conmigo<em> \u201cTodos quieren un final feliz, pero \u00bfte das cuenta de que un final feliz no deber\u00eda ser siquiera llamado como tal?\u201d<\/em> y ese fue el inicio de su primer libro.<\/p>\n\n\n\n<p>Recuerdo noches y d\u00edas trabajando sin parar, aunque eso era de las pocas cosas que me gustaba hacer, escribir, aunque tampoco pod\u00eda hacer mucho m\u00e1s, al fin y al cabo era un boli.<\/p>\n\n\n\n<p>Tengo que reconocer que por mucho que adorara a Sonia, a veces me sacaba de quicio que se pasara horas escribiendo para luego tirarlo todo a la basura\u2026 Incluso cuando eran historias magn\u00edficas. Tambi\u00e9n odiaba cuando acababa por los suelos y mordisqueado por su molesto gato.&nbsp;<\/p>\n\n\n\n<p>Me siento afortunado, ya que pude ser testigo de maravillosas historias de aventura, fantas\u00eda y amor, no como otros bolis cuya funci\u00f3n era solo escribir la respuesta a los deberes de la escuela.<\/p>\n\n\n\n<p>Tambi\u00e9n recuerdo el primer d\u00eda que sal\u00ed a la calle, me ca\u00ed de las manos de Sonia y casi acabo perdido dentro de una alcantarilla, pero, afortunadamente, una ni\u00f1a muy amable me devolvi\u00f3 a mi due\u00f1a.<\/p>\n\n\n\n<p>Tras cada palabra que escrib\u00eda, era m\u00e1s d\u00e9bil, ten\u00eda menos tinta, y cada d\u00eda sent\u00eda m\u00e1s cerca la muerte, a no ser que me cambiara la tinta, pero eso lo hab\u00eda descartado, ya que hab\u00eda visto morir a otros compa\u00f1eros\u2026 Pero esa sensaci\u00f3n no me impidi\u00f3 disfrutar la poca vida que me quedaba, sino que la viv\u00ed con m\u00e1s energ\u00eda y ganas, y con la esperanza de poder acabar un libro.<\/p>\n\n\n\n<p>Y as\u00ed fue. Justo cuando finalic\u00e9 el libro, me encontr\u00e9 casi muerto, no me quedaba tinta, y supe que no podr\u00eda seguir disfrutando de mi vida, pero me sent\u00ed muy alegre de ver la felicidad de Sonia al haber acabado su primer libro.<\/p>\n\n\n\n<p>Y qu\u00e9 ir\u00f3nico que lo \u00faltimo que escrib\u00ed fuera tan parecido a mi situaci\u00f3n actual, ya que justo ahora me encontraba muriendo, pero otra vez encerrado en un estuche, solo y aburrido, a la espera de que alg\u00fan d\u00eda llegue alguien y me cambie la tinta, o no\u2026<\/p>\n\n\n\n<p>Nunca lo sabr\u00e9, as\u00ed que declaro este como el final de mi libro, de mi historia y de mi primera vida.<\/p>\n\n\n\n<p>FIN<\/p>\n","protected":false},"excerpt":{"rendered":"<p>N\u00faria Ruiz\u00a0 &#8211; La historia de mi vida Porque al final todo silencio regresa a lo que era\u2026 silencio. FIN Y con esto acab\u00e9 mi primer libro, que probablemente tambi\u00e9n ser\u00eda el \u00faltimo si me quedaba seco\u2026&nbsp; Mi vida empez\u00f3 de verdad cuando Sonia, mi due\u00f1a, me sac\u00f3 del estuche en el que llevaba encerrado &hellip; <\/p>\n<p class=\"link-more\"><a href=\"https:\/\/www.revista-insaiguaviva.org\/curs2021-2022\/concurs-literari-llengua-castellana-sant-jordi-2022-2\/\" class=\"more-link\">Continua llegint <span class=\"screen-reader-text\">\u00abCONCURS LITERARI\u00a0LLENGUA CASTELLANA SANT JORDI 2022\u00bb<\/span><\/a><\/p>\n","protected":false},"author":2,"featured_media":0,"parent":0,"menu_order":0,"comment_status":"closed","ping_status":"closed","template":"","meta":{"footnotes":""},"class_list":["post-841","page","type-page","status-publish","hentry"],"_links":{"self":[{"href":"https:\/\/www.revista-insaiguaviva.org\/curs2021-2022\/wp-json\/wp\/v2\/pages\/841","targetHints":{"allow":["GET"]}}],"collection":[{"href":"https:\/\/www.revista-insaiguaviva.org\/curs2021-2022\/wp-json\/wp\/v2\/pages"}],"about":[{"href":"https:\/\/www.revista-insaiguaviva.org\/curs2021-2022\/wp-json\/wp\/v2\/types\/page"}],"author":[{"embeddable":true,"href":"https:\/\/www.revista-insaiguaviva.org\/curs2021-2022\/wp-json\/wp\/v2\/users\/2"}],"replies":[{"embeddable":true,"href":"https:\/\/www.revista-insaiguaviva.org\/curs2021-2022\/wp-json\/wp\/v2\/comments?post=841"}],"version-history":[{"count":1,"href":"https:\/\/www.revista-insaiguaviva.org\/curs2021-2022\/wp-json\/wp\/v2\/pages\/841\/revisions"}],"predecessor-version":[{"id":842,"href":"https:\/\/www.revista-insaiguaviva.org\/curs2021-2022\/wp-json\/wp\/v2\/pages\/841\/revisions\/842"}],"wp:attachment":[{"href":"https:\/\/www.revista-insaiguaviva.org\/curs2021-2022\/wp-json\/wp\/v2\/media?parent=841"}],"curies":[{"name":"wp","href":"https:\/\/api.w.org\/{rel}","templated":true}]}}