{"id":844,"date":"2022-04-23T20:12:43","date_gmt":"2022-04-23T18:12:43","guid":{"rendered":"https:\/\/www.revista-insaiguaviva.org\/curs2021-2022\/?page_id=844"},"modified":"2022-04-23T20:12:43","modified_gmt":"2022-04-23T18:12:43","slug":"concurs-literari-llengua-castellana-sant-jordi-2022-3","status":"publish","type":"page","link":"https:\/\/www.revista-insaiguaviva.org\/curs2021-2022\/concurs-literari-llengua-castellana-sant-jordi-2022-3\/","title":{"rendered":"CONCURS LITERARI\u00a0LLENGUA CASTELLANA SANT JORDI 2022"},"content":{"rendered":"\n<p>Enric Lanzas &#8211; <em>Ucrania<\/em><\/p>\n\n\n\n<p>Una guerra ha estallado,<br>Rusia la ha provocado<br>Muchas muertes ha causado.<br>Un pa\u00eds arrasado\u2026<\/p>\n\n\n\n<p>Kiev destruida,<br>a manos de Vladimir.<br>Acabando con toda la vida,<br>con rifles para abatir.<\/p>\n\n\n\n<p>J\u00f3venes rusos han obedecido,<br>una orden han seguido.<br>J\u00f3venes ucranianos se han defendido,<br>en asesinos se han convertido.<\/p>\n\n\n\n<p>L\u00e1grimas sin bandera brotan<br>por hijos que no volver\u00e1n.<br>\u00bfCu\u00e1ndo acabar\u00e1?<br>\u00bfDe qu\u00e9 servir\u00e1?<\/p>\n","protected":false},"excerpt":{"rendered":"<p>Enric Lanzas &#8211; Ucrania Una guerra ha estallado,Rusia la ha provocadoMuchas muertes ha causado.Un pa\u00eds arrasado\u2026 Kiev destruida,a manos de Vladimir.Acabando con toda la vida,con rifles para abatir. J\u00f3venes rusos han obedecido,una orden han seguido.J\u00f3venes ucranianos se han defendido,en asesinos se han convertido. L\u00e1grimas sin bandera brotanpor hijos que no volver\u00e1n.\u00bfCu\u00e1ndo acabar\u00e1?\u00bfDe qu\u00e9 servir\u00e1?<\/p>\n","protected":false},"author":2,"featured_media":0,"parent":0,"menu_order":0,"comment_status":"closed","ping_status":"closed","template":"","meta":{"footnotes":""},"class_list":["post-844","page","type-page","status-publish","hentry"],"_links":{"self":[{"href":"https:\/\/www.revista-insaiguaviva.org\/curs2021-2022\/wp-json\/wp\/v2\/pages\/844","targetHints":{"allow":["GET"]}}],"collection":[{"href":"https:\/\/www.revista-insaiguaviva.org\/curs2021-2022\/wp-json\/wp\/v2\/pages"}],"about":[{"href":"https:\/\/www.revista-insaiguaviva.org\/curs2021-2022\/wp-json\/wp\/v2\/types\/page"}],"author":[{"embeddable":true,"href":"https:\/\/www.revista-insaiguaviva.org\/curs2021-2022\/wp-json\/wp\/v2\/users\/2"}],"replies":[{"embeddable":true,"href":"https:\/\/www.revista-insaiguaviva.org\/curs2021-2022\/wp-json\/wp\/v2\/comments?post=844"}],"version-history":[{"count":1,"href":"https:\/\/www.revista-insaiguaviva.org\/curs2021-2022\/wp-json\/wp\/v2\/pages\/844\/revisions"}],"predecessor-version":[{"id":845,"href":"https:\/\/www.revista-insaiguaviva.org\/curs2021-2022\/wp-json\/wp\/v2\/pages\/844\/revisions\/845"}],"wp:attachment":[{"href":"https:\/\/www.revista-insaiguaviva.org\/curs2021-2022\/wp-json\/wp\/v2\/media?parent=844"}],"curies":[{"name":"wp","href":"https:\/\/api.w.org\/{rel}","templated":true}]}}