{"id":847,"date":"2022-04-23T20:15:39","date_gmt":"2022-04-23T18:15:39","guid":{"rendered":"https:\/\/www.revista-insaiguaviva.org\/curs2021-2022\/?page_id=847"},"modified":"2022-04-23T20:15:39","modified_gmt":"2022-04-23T18:15:39","slug":"concurs-literari-llengua-castellana-sant-jordi-2022-4","status":"publish","type":"page","link":"https:\/\/www.revista-insaiguaviva.org\/curs2021-2022\/concurs-literari-llengua-castellana-sant-jordi-2022-4\/","title":{"rendered":"CONCURS LITERARI\u00a0LLENGUA CASTELLANA SANT JORDI 2022"},"content":{"rendered":"\n<p>Yanira Rodr\u00edguez <em>&#8211; Reencarnaci\u00f3n<\/em><\/p>\n\n\n\n<p>Sue\u00f1as que est\u00e1s bajo el agua, sue\u00f1as con esa paz, con esa tranquilidad&#8230;<\/p>\n\n\n\n<p>Lo \u00fanico que distingues es el l\u00edmite entre el mar y la superficie, distingues un rayo de sol que \u00fanicamente a ti te alumbra. Un lugar donde ninguno de tus sentidos funciona, no oyes nada, no sientes nada, no hueles nada, no saboreas nada, no ves nada, pero s\u00ed ves c\u00f3mo te alejas de la superficie lentamente, mientras caes sin parecer haber final alguno. Poco a poco tu mente cede y se vuelve inexistente, sientes c\u00f3mo tu cuerpo se hace uno con el mar; no te acuerdas de nada, pero no te importa; no piensas en nada, pero no te importa; no puedes respirar, pero no te importa; pero, aun sin importarte nada, hay algo que te impulsa a ir arriba, a volver a esa luz que desconoces, pero por alguna raz\u00f3n una parte de ti reconoce.<\/p>\n\n\n\n<p>Ves c\u00f3mo ese impulso comienza a manifestarse hasta hacerse una silueta brillante como la luz misma que te iluminaba. Se posa justo encima tuyo y aunque solo sea una silueta sabes que est\u00e1is cara a cara. Te observa, sientes que dejas de caer, todo a tu alrededor se torna negro menos esa extra\u00f1a silueta. Sigues sin sentir nada como si siguieras en el mar. La silueta comienza a desplazarse hacia una direcci\u00f3n, la sigues. No quieres moverte pero tus piernas lo hacen, no quieres gritar pero tu voz se alza, no quieres alcanzar esa silueta de luz, pero cuanto menos quieres seguirla m\u00e1s r\u00e1pido se mueven tus piernas. La silueta desaparece y en cuanto te das cuenta est\u00e1s frente a una pared de luz, una sola pared entre toda aquella oscuridad que anteriormente apareci\u00f3 en un instante. Te paras enfrente de esta, sientes tus mejillas h\u00famedas, no sabes el porqu\u00e9, pero tus ojos derraman l\u00e1grimas.<\/p>\n\n\n\n<p>Alguien te tira hacia esa pantalla deslumbrante, caes y mientras caes ves la silueta alejarse de ti junto a la oscuridad. Cierras los ojos mientras desciendes a una gran velocidad en un mundo totalmente blanco. Dejas de caer, sientes volver tu tacto, tu o\u00eddo, tu gusto, tu olfato, abres los ojos y te percatas de que est\u00e1s de vuelta en aquel lugar en el que una vez permaneciste.<\/p>\n\n\n\n<p>Te despiertas con el pulso acelerado, por alguna raz\u00f3n sientes que todo aquello con lo que has so\u00f1ado es un recuerdo, un recuerdo de los inicios de tu actual existencia. Tus ojos lloran, tu cerebro no sabe la raz\u00f3n, pero tu coraz\u00f3n llora por aquellos recuerdos que olvidaste antes de que estuvieras en el mar con los sentidos anulados. Recuerdos que alguna vez creaste, recuerdos que alguna vez viviste, recuerdos de tu anterior vida.<\/p>\n","protected":false},"excerpt":{"rendered":"<p>Yanira Rodr\u00edguez &#8211; Reencarnaci\u00f3n Sue\u00f1as que est\u00e1s bajo el agua, sue\u00f1as con esa paz, con esa tranquilidad&#8230; Lo \u00fanico que distingues es el l\u00edmite entre el mar y la superficie, distingues un rayo de sol que \u00fanicamente a ti te alumbra. Un lugar donde ninguno de tus sentidos funciona, no oyes nada, no sientes nada, &hellip; <\/p>\n<p class=\"link-more\"><a href=\"https:\/\/www.revista-insaiguaviva.org\/curs2021-2022\/concurs-literari-llengua-castellana-sant-jordi-2022-4\/\" class=\"more-link\">Continua llegint <span class=\"screen-reader-text\">\u00abCONCURS LITERARI\u00a0LLENGUA CASTELLANA SANT JORDI 2022\u00bb<\/span><\/a><\/p>\n","protected":false},"author":2,"featured_media":0,"parent":0,"menu_order":0,"comment_status":"closed","ping_status":"closed","template":"","meta":{"footnotes":""},"class_list":["post-847","page","type-page","status-publish","hentry"],"_links":{"self":[{"href":"https:\/\/www.revista-insaiguaviva.org\/curs2021-2022\/wp-json\/wp\/v2\/pages\/847","targetHints":{"allow":["GET"]}}],"collection":[{"href":"https:\/\/www.revista-insaiguaviva.org\/curs2021-2022\/wp-json\/wp\/v2\/pages"}],"about":[{"href":"https:\/\/www.revista-insaiguaviva.org\/curs2021-2022\/wp-json\/wp\/v2\/types\/page"}],"author":[{"embeddable":true,"href":"https:\/\/www.revista-insaiguaviva.org\/curs2021-2022\/wp-json\/wp\/v2\/users\/2"}],"replies":[{"embeddable":true,"href":"https:\/\/www.revista-insaiguaviva.org\/curs2021-2022\/wp-json\/wp\/v2\/comments?post=847"}],"version-history":[{"count":1,"href":"https:\/\/www.revista-insaiguaviva.org\/curs2021-2022\/wp-json\/wp\/v2\/pages\/847\/revisions"}],"predecessor-version":[{"id":848,"href":"https:\/\/www.revista-insaiguaviva.org\/curs2021-2022\/wp-json\/wp\/v2\/pages\/847\/revisions\/848"}],"wp:attachment":[{"href":"https:\/\/www.revista-insaiguaviva.org\/curs2021-2022\/wp-json\/wp\/v2\/media?parent=847"}],"curies":[{"name":"wp","href":"https:\/\/api.w.org\/{rel}","templated":true}]}}