{"id":850,"date":"2022-04-23T20:16:53","date_gmt":"2022-04-23T18:16:53","guid":{"rendered":"https:\/\/www.revista-insaiguaviva.org\/curs2021-2022\/?page_id=850"},"modified":"2022-04-23T20:20:18","modified_gmt":"2022-04-23T18:20:18","slug":"concurs-literari-llengua-castellana-sant-jordi-2022-5","status":"publish","type":"page","link":"https:\/\/www.revista-insaiguaviva.org\/curs2021-2022\/concurs-literari-llengua-castellana-sant-jordi-2022-5\/","title":{"rendered":"CONCURS LITERARI\u00a0LLENGUA CASTELLANA SANT JORDI 2022"},"content":{"rendered":"\n<p>Adriana Untila &#8211; <em>Ojal\u00e1 est\u00e9s siempre<\/em><\/p>\n\n\n\n<p>Ojal\u00e1 creyera lo que muestro.<\/p>\n\n\n\n<p>Ojal\u00e1 pudieras ver c\u00f3mo me ahogo en mis pensamientos,<\/p>\n\n\n\n<p>c\u00f3mo esta voz me grita desde las sienes hacia dentro.<\/p>\n\n\n\n<p><\/p>\n\n\n\n<p><\/p>\n\n\n\n<p><\/p>\n\n\n\n<p>Ojal\u00e1 poder reconstruir el puzle destrozado,<\/p>\n\n\n\n<p>tener la paciencia de buscar las piezas y encajarlas con cari\u00f1o.<\/p>\n\n\n\n<p>Ojal\u00e1 poder barnizar con amor cada pincelada trazada,<\/p>\n\n\n\n<p>esas rojas, esas que cicatrizan.<\/p>\n\n\n\n<p>Y ojal\u00e1 no querer romper el lienzo cada vez que se mancha,<\/p>\n\n\n\n<p>ojal\u00e1 saber c\u00f3mo limpiarlo.<\/p>\n\n\n\n<p>Ojal\u00e1 poder quitar todas esas astillas que molestan,<\/p>\n\n\n\n<p>que hacen da\u00f1o,<\/p>\n\n\n\n<p>pero para eso hay que encontrarlas.<\/p>\n\n\n\n<p><\/p>\n\n\n\n<p><\/p>\n\n\n\n<p><\/p>\n\n\n\n<p>Ojal\u00e1 no te pase esto.<\/p>\n\n\n\n<p>Ojal\u00e1 tengas con quien montar puzles,<\/p>\n\n\n\n<p>con quien pintar al aire libre.<\/p>\n\n\n\n<p>Alguien que te aguante el espejo para encontrar las astillas,<\/p>\n\n\n\n<p>alguien que te las quite.<\/p>\n\n\n\n<p>Ojal\u00e1 est\u00e9s llena de vida, de esencia, de ti.<\/p>\n\n\n\n<p>Ojal\u00e1 nunca te vac\u00edes.<\/p>\n\n\n\n<p>Ojal\u00e1 est\u00e9s siempre.<\/p>\n","protected":false},"excerpt":{"rendered":"<p>Adriana Untila &#8211; Ojal\u00e1 est\u00e9s siempre Ojal\u00e1 creyera lo que muestro. Ojal\u00e1 pudieras ver c\u00f3mo me ahogo en mis pensamientos, c\u00f3mo esta voz me grita desde las sienes hacia dentro. Ojal\u00e1 poder reconstruir el puzle destrozado, tener la paciencia de buscar las piezas y encajarlas con cari\u00f1o. Ojal\u00e1 poder barnizar con amor cada pincelada trazada, &hellip; <\/p>\n<p class=\"link-more\"><a href=\"https:\/\/www.revista-insaiguaviva.org\/curs2021-2022\/concurs-literari-llengua-castellana-sant-jordi-2022-5\/\" class=\"more-link\">Continua llegint <span class=\"screen-reader-text\">\u00abCONCURS LITERARI\u00a0LLENGUA CASTELLANA SANT JORDI 2022\u00bb<\/span><\/a><\/p>\n","protected":false},"author":2,"featured_media":0,"parent":0,"menu_order":0,"comment_status":"closed","ping_status":"closed","template":"","meta":{"footnotes":""},"class_list":["post-850","page","type-page","status-publish","hentry"],"_links":{"self":[{"href":"https:\/\/www.revista-insaiguaviva.org\/curs2021-2022\/wp-json\/wp\/v2\/pages\/850","targetHints":{"allow":["GET"]}}],"collection":[{"href":"https:\/\/www.revista-insaiguaviva.org\/curs2021-2022\/wp-json\/wp\/v2\/pages"}],"about":[{"href":"https:\/\/www.revista-insaiguaviva.org\/curs2021-2022\/wp-json\/wp\/v2\/types\/page"}],"author":[{"embeddable":true,"href":"https:\/\/www.revista-insaiguaviva.org\/curs2021-2022\/wp-json\/wp\/v2\/users\/2"}],"replies":[{"embeddable":true,"href":"https:\/\/www.revista-insaiguaviva.org\/curs2021-2022\/wp-json\/wp\/v2\/comments?post=850"}],"version-history":[{"count":5,"href":"https:\/\/www.revista-insaiguaviva.org\/curs2021-2022\/wp-json\/wp\/v2\/pages\/850\/revisions"}],"predecessor-version":[{"id":857,"href":"https:\/\/www.revista-insaiguaviva.org\/curs2021-2022\/wp-json\/wp\/v2\/pages\/850\/revisions\/857"}],"wp:attachment":[{"href":"https:\/\/www.revista-insaiguaviva.org\/curs2021-2022\/wp-json\/wp\/v2\/media?parent=850"}],"curies":[{"name":"wp","href":"https:\/\/api.w.org\/{rel}","templated":true}]}}