{"id":858,"date":"2022-04-23T20:23:06","date_gmt":"2022-04-23T18:23:06","guid":{"rendered":"https:\/\/www.revista-insaiguaviva.org\/curs2021-2022\/?page_id=858"},"modified":"2022-04-23T20:23:06","modified_gmt":"2022-04-23T18:23:06","slug":"concurs-literari-llengua-castellana-sant-jordi-2022-6","status":"publish","type":"page","link":"https:\/\/www.revista-insaiguaviva.org\/curs2021-2022\/concurs-literari-llengua-castellana-sant-jordi-2022-6\/","title":{"rendered":"CONCURS LITERARI\u00a0LLENGUA CASTELLANA SANT JORDI 2022"},"content":{"rendered":"\n<p>Albert Saludas &#8211; <em>And\u00e9n 224<\/em><\/p>\n\n\n\n<p>Ojal\u00e1 dos m\u00e1s dos fuesen las cuatro de la tarde y de repente llamara a mi puerta un tren del que bajaran tus maletas a medio escal\u00f3n del mar.<\/p>\n\n\n\n<p>Tendr\u00eda el coche aparcado con las luces encendidas tras un contenedor de letras que dormir\u00edan y, de fondo las olas de pl\u00e1stico zarpando al comp\u00e1s del qu\u00e9 dir\u00e1n.<\/p>\n\n\n\n<p>No habl\u00e9 de los p\u00e1jaros, pero estos llorar\u00edan, porque cantar penas es llorar y de noche duelen d\u00edas.<\/p>\n\n\n\n<p>Tres canciones m\u00e1s tarde llegar\u00edas t\u00fa, tres m\u00e1s tarde que tus dos maletas, y bajar\u00edas de una pieza, una de m\u00e1rmol.<\/p>\n\n\n\n<p>No creo que recuerdes mi mirada, pero ciego cerrar\u00eda los ojos para ignorar la tristeza de las luces apagadas y, vivo, girar\u00eda medio grado, que fue medio a\u00f1o, hasta llegar aqu\u00ed.<\/p>\n\n\n\n<p>Abrazos que duelen sanando, que volv\u00ed a casa pero me voy a ir, que me voy y no sabes si volver\u00e9, eso cantar\u00eda la noche que empezaba, justo antes del final.<\/p>\n\n\n\n<p>Morir\u00edan tres noches y, agotado, marchar\u00eda el condicional a casa de mam\u00e1, que habr\u00eda esperado a la perfecci\u00f3n.<\/p>\n\n\n\n<p>Te ech\u00e9 de menos cuando subiste al tren, tus maletas vac\u00edas dejaban un rastro gris que apagaba los colores de la tarde, demasiado tarde.<\/p>\n\n\n\n<p>Te despediste de los tres con dos hasta ahora y un hasta luego y musicaste cada paso entre and\u00e9n y and\u00e9n. El siguiente tren secuestr\u00f3 tus maletas, que sin queja ni habla dejaron ver media palabra de cristal que gritaba silencios asustados de sentimientos infinitos.<\/p>\n\n\n\n<p>Y de nuevo te encerraste en una caja de luces que imitaba tu voz como si realmente te hubieses quedado, aunque supongo que por ciego no te ve\u00eda por m\u00e1s que buscaba.<\/p>\n\n\n\n<p>Desfil\u00e9 por tardes vac\u00edas viendo c\u00f3mo hu\u00edas de los caminos que deseaba subir contigo, y sin brazos ni fuerzas cans\u00e9 el sentido de esperar las noches nacer.<\/p>\n\n\n\n<p>Lo siento por no poder vivir tu m\u00fasica de tus mismos auriculares, y por pesar m\u00e1s que los jueves a\u00fan queriendo hacerte volar.<\/p>\n\n\n\n<p>Entiendo que el control se pierde cuando el d\u00eda pide tiempo y las horas m\u00e1s se alargan.<\/p>\n\n\n\n<p>Voy a quedarme debajo de mi paraguas esperando tu calma que destruye esta tormenta.<\/p>\n\n\n\n<p>Ojal\u00e1 dos m\u00e1s dos jam\u00e1s sean dos ojos que una vez se miraron y ahora lloran clavados en los techos de dos mundos unidos por un hilo rojo te\u00f1ido de eco.<\/p>\n\n\n\n<p>No dudes que seguir\u00e1 resonando en m\u00ed todo lo que en ti ha sonre\u00eddo y que a mil metros del mar florecer\u00e9 del bolsillo peque\u00f1o de tu maleta azul, para quedarme en casa por primera vez.<\/p>\n\n\n\n<p>Guardo el paraguas, canten los p\u00e1jaros, paren las maletas y lluevan los sordos pasillos que llevaban al and\u00e9n.<\/p>\n","protected":false},"excerpt":{"rendered":"<p>Albert Saludas &#8211; And\u00e9n 224 Ojal\u00e1 dos m\u00e1s dos fuesen las cuatro de la tarde y de repente llamara a mi puerta un tren del que bajaran tus maletas a medio escal\u00f3n del mar. Tendr\u00eda el coche aparcado con las luces encendidas tras un contenedor de letras que dormir\u00edan y, de fondo las olas de &hellip; <\/p>\n<p class=\"link-more\"><a href=\"https:\/\/www.revista-insaiguaviva.org\/curs2021-2022\/concurs-literari-llengua-castellana-sant-jordi-2022-6\/\" class=\"more-link\">Continua llegint <span class=\"screen-reader-text\">\u00abCONCURS LITERARI\u00a0LLENGUA CASTELLANA SANT JORDI 2022\u00bb<\/span><\/a><\/p>\n","protected":false},"author":2,"featured_media":0,"parent":0,"menu_order":0,"comment_status":"closed","ping_status":"closed","template":"","meta":{"footnotes":""},"class_list":["post-858","page","type-page","status-publish","hentry"],"_links":{"self":[{"href":"https:\/\/www.revista-insaiguaviva.org\/curs2021-2022\/wp-json\/wp\/v2\/pages\/858","targetHints":{"allow":["GET"]}}],"collection":[{"href":"https:\/\/www.revista-insaiguaviva.org\/curs2021-2022\/wp-json\/wp\/v2\/pages"}],"about":[{"href":"https:\/\/www.revista-insaiguaviva.org\/curs2021-2022\/wp-json\/wp\/v2\/types\/page"}],"author":[{"embeddable":true,"href":"https:\/\/www.revista-insaiguaviva.org\/curs2021-2022\/wp-json\/wp\/v2\/users\/2"}],"replies":[{"embeddable":true,"href":"https:\/\/www.revista-insaiguaviva.org\/curs2021-2022\/wp-json\/wp\/v2\/comments?post=858"}],"version-history":[{"count":1,"href":"https:\/\/www.revista-insaiguaviva.org\/curs2021-2022\/wp-json\/wp\/v2\/pages\/858\/revisions"}],"predecessor-version":[{"id":859,"href":"https:\/\/www.revista-insaiguaviva.org\/curs2021-2022\/wp-json\/wp\/v2\/pages\/858\/revisions\/859"}],"wp:attachment":[{"href":"https:\/\/www.revista-insaiguaviva.org\/curs2021-2022\/wp-json\/wp\/v2\/media?parent=858"}],"curies":[{"name":"wp","href":"https:\/\/api.w.org\/{rel}","templated":true}]}}