{"id":498,"date":"2023-04-20T10:31:32","date_gmt":"2023-04-20T08:31:32","guid":{"rendered":"https:\/\/www.revista-insaiguaviva.org\/curs2022-2023\/?page_id=498"},"modified":"2023-04-20T10:31:32","modified_gmt":"2023-04-20T08:31:32","slug":"premis-sant-jordi-2023-video-de-divulgacio-cientificotecnologica","status":"publish","type":"page","link":"https:\/\/www.revista-insaiguaviva.org\/curs2022-2023\/premis-sant-jordi-2023-video-de-divulgacio-cientificotecnologica\/","title":{"rendered":"PREMIS SANT JORDI 2023 \u2013 V\u00cdDEO DE DIVULGACI\u00d3 CIENTIFICOTECNOL\u00d2GICA"},"content":{"rendered":"\n<p>Irene Garcia i Sara Koarich (3r ESO)<\/p>\n\n\n\n<figure class=\"wp-block-video\"><video height=\"1080\" style=\"aspect-ratio: 1920 \/ 1080;\" width=\"1920\" controls src=\"https:\/\/www.revista-insaiguaviva.org\/curs2022-2023\/wp-content\/uploads\/2023\/04\/km_20230413_1080p_30f_20230413_212613.mp4\"><\/video><\/figure>\n","protected":false},"excerpt":{"rendered":"<p>Irene Garcia i Sara Koarich (3r ESO)<\/p>\n","protected":false},"author":2,"featured_media":0,"parent":0,"menu_order":0,"comment_status":"closed","ping_status":"closed","template":"","meta":{"footnotes":""},"class_list":["post-498","page","type-page","status-publish","hentry"],"_links":{"self":[{"href":"https:\/\/www.revista-insaiguaviva.org\/curs2022-2023\/wp-json\/wp\/v2\/pages\/498","targetHints":{"allow":["GET"]}}],"collection":[{"href":"https:\/\/www.revista-insaiguaviva.org\/curs2022-2023\/wp-json\/wp\/v2\/pages"}],"about":[{"href":"https:\/\/www.revista-insaiguaviva.org\/curs2022-2023\/wp-json\/wp\/v2\/types\/page"}],"author":[{"embeddable":true,"href":"https:\/\/www.revista-insaiguaviva.org\/curs2022-2023\/wp-json\/wp\/v2\/users\/2"}],"replies":[{"embeddable":true,"href":"https:\/\/www.revista-insaiguaviva.org\/curs2022-2023\/wp-json\/wp\/v2\/comments?post=498"}],"version-history":[{"count":1,"href":"https:\/\/www.revista-insaiguaviva.org\/curs2022-2023\/wp-json\/wp\/v2\/pages\/498\/revisions"}],"predecessor-version":[{"id":500,"href":"https:\/\/www.revista-insaiguaviva.org\/curs2022-2023\/wp-json\/wp\/v2\/pages\/498\/revisions\/500"}],"wp:attachment":[{"href":"https:\/\/www.revista-insaiguaviva.org\/curs2022-2023\/wp-json\/wp\/v2\/media?parent=498"}],"curies":[{"name":"wp","href":"https:\/\/api.w.org\/{rel}","templated":true}]}}