{"id":531,"date":"2023-04-20T12:52:58","date_gmt":"2023-04-20T10:52:58","guid":{"rendered":"https:\/\/www.revista-insaiguaviva.org\/curs2022-2023\/?page_id=531"},"modified":"2023-04-20T12:58:56","modified_gmt":"2023-04-20T10:58:56","slug":"premis-sant-jordi-2023-concurs-literari-llengua-castellana-2","status":"publish","type":"page","link":"https:\/\/www.revista-insaiguaviva.org\/curs2022-2023\/premis-sant-jordi-2023-concurs-literari-llengua-castellana-2\/","title":{"rendered":"PREMIS SANT JORDI 2023 \u2013 CONCURS LITERARI\u00a0LLENGUA CASTELLANA"},"content":{"rendered":"\n<p>V\u00edctor Ruiz Aguilera (2n BAT) &#8211; <em>La tribu del metal.&nbsp;&nbsp;<\/em><\/p>\n\n\n\n<p><\/p>\n\n\n\n<p>Cuando la tribu del metal comenz\u00f3 a avistarse frecuentemente en nuestro territorio cre\u00ed sentir miedo por primera vez: mostraban sus arcos alargados, ruidosos como un trueno, mortales como el rel\u00e1mpago; sus caballos de metal que talaban plataneros y manglares como quien pisa una ramita; su irreverencia ante los espacios sagrados\u2026 Como l\u00edder de mi pueblo era mi deber proteger y advertir a mi tribu de cualquier peligro inminente, pero no fue necesario ya que algunos de ellos consegu\u00edan chapurrear nuestro idioma. No ven\u00edan a luchar.<\/p>\n\n\n\n<p><br>Los acogimos en nuestra tribu como invitados, ellos insist\u00edan en agradec\u00e9rnoslo unilateralmente construyendo escuelas y caminos para conectar nuestros poblados. Poco despu\u00e9s nuestros hijos hablaban su lengua, nuestros hermanos vest\u00edan sus ropas y nos acostumbramos al metal.<\/p>\n\n\n\n<p><br>Entonces sent\u00ed terror.<\/p>\n","protected":false},"excerpt":{"rendered":"<p>V\u00edctor Ruiz Aguilera (2n BAT) &#8211; La tribu del metal.&nbsp;&nbsp; Cuando la tribu del metal comenz\u00f3 a avistarse frecuentemente en nuestro territorio cre\u00ed sentir miedo por primera vez: mostraban sus arcos alargados, ruidosos como un trueno, mortales como el rel\u00e1mpago; sus caballos de metal que talaban plataneros y manglares como quien pisa una ramita; su &hellip; <\/p>\n<p class=\"link-more\"><a href=\"https:\/\/www.revista-insaiguaviva.org\/curs2022-2023\/premis-sant-jordi-2023-concurs-literari-llengua-castellana-2\/\" class=\"more-link\">Continua llegint <span class=\"screen-reader-text\">\u00abPREMIS SANT JORDI 2023 \u2013 CONCURS LITERARI\u00a0LLENGUA CASTELLANA\u00bb<\/span><\/a><\/p>\n","protected":false},"author":2,"featured_media":0,"parent":0,"menu_order":0,"comment_status":"closed","ping_status":"closed","template":"","meta":{"footnotes":""},"class_list":["post-531","page","type-page","status-publish","hentry"],"_links":{"self":[{"href":"https:\/\/www.revista-insaiguaviva.org\/curs2022-2023\/wp-json\/wp\/v2\/pages\/531","targetHints":{"allow":["GET"]}}],"collection":[{"href":"https:\/\/www.revista-insaiguaviva.org\/curs2022-2023\/wp-json\/wp\/v2\/pages"}],"about":[{"href":"https:\/\/www.revista-insaiguaviva.org\/curs2022-2023\/wp-json\/wp\/v2\/types\/page"}],"author":[{"embeddable":true,"href":"https:\/\/www.revista-insaiguaviva.org\/curs2022-2023\/wp-json\/wp\/v2\/users\/2"}],"replies":[{"embeddable":true,"href":"https:\/\/www.revista-insaiguaviva.org\/curs2022-2023\/wp-json\/wp\/v2\/comments?post=531"}],"version-history":[{"count":2,"href":"https:\/\/www.revista-insaiguaviva.org\/curs2022-2023\/wp-json\/wp\/v2\/pages\/531\/revisions"}],"predecessor-version":[{"id":539,"href":"https:\/\/www.revista-insaiguaviva.org\/curs2022-2023\/wp-json\/wp\/v2\/pages\/531\/revisions\/539"}],"wp:attachment":[{"href":"https:\/\/www.revista-insaiguaviva.org\/curs2022-2023\/wp-json\/wp\/v2\/media?parent=531"}],"curies":[{"name":"wp","href":"https:\/\/api.w.org\/{rel}","templated":true}]}}