{"id":534,"date":"2023-04-20T12:55:47","date_gmt":"2023-04-20T10:55:47","guid":{"rendered":"https:\/\/www.revista-insaiguaviva.org\/curs2022-2023\/?page_id=534"},"modified":"2023-04-20T12:57:35","modified_gmt":"2023-04-20T10:57:35","slug":"premis-sant-jordi-2023-concurs-literari-llengua-castellana-3","status":"publish","type":"page","link":"https:\/\/www.revista-insaiguaviva.org\/curs2022-2023\/premis-sant-jordi-2023-concurs-literari-llengua-castellana-3\/","title":{"rendered":"PREMIS SANT JORDI 2023 \u2013 CONCURS LITERARI\u00a0LLENGUA CASTELLANA"},"content":{"rendered":"\n<p>Edgar Luque<em> (2 BAT) &#8211; Helado y arrepentido.<\/em><\/p>\n\n\n\n<p><\/p>\n\n\n\n<p><strong>D\u00eda 1<\/strong>: Hoy me despert\u00e9 sin recuerdo alguno, dentro de un igl\u00fa. Dos hombres yac\u00edan \u2014y lo siguen haciendo\u2014 en el suelo, inm\u00f3viles. Muertos. Creo que eran mis compa\u00f1eros, mas no recuerdo sus nombres. Mucho menos qu\u00e9 les pas\u00f3. Al revisar sus cuerpos, not\u00e9 grandes cortes en brazos, abdomen y cuello. Desconozco si les atacar\u00eda un animal. He comenzado este diario con la esperanza de que me ayude a recuperar mis recuerdos.<\/p>\n\n\n\n<p><strong>D\u00eda 2<\/strong>: Hoy he salido a pescar. No pic\u00f3 ning\u00fan pez, pero pesqu\u00e9 un par de recuerdos. Uno de mis compa\u00f1eros, el rubio, se llamaba Jake. Se pasaba el d\u00eda pescando, y se le daba excepcionalmente bien. Recuerdo bromear con \u00e9l, dici\u00e9ndole que acabar\u00eda con toda la biodiversidad de la zona a ese ritmo. Aunque\u2026 esos recuerdos felices no hacen sino entristecerme porque ahora est\u00e9 muerto. Sigo sin saber qu\u00e9 ocurri\u00f3.<\/p>\n\n\n\n<p><strong>D\u00eda 4<\/strong>: Hoy un par de peces han mordido el anzuelo. Me he comido uno y he reservado el otro para la cena. Tambi\u00e9n he recordado lo que hac\u00edamos all\u00ed. Est\u00e1bamos investigando algo, aunque no recuerdo exactamente el qu\u00e9. En el igl\u00fa no hay microscopios ni nada parecido. Desde luego, Jake, Mike (\u00a1Se llamaba Mike! Ese me acaba de venir ahora) y yo deb\u00edamos estar locos. Nadie en sus cabales se ir\u00eda a investigar a un sitio as\u00ed. En medio de la nada absoluta, rodeados de kil\u00f3metros y kil\u00f3metros de nieve.<\/p>\n\n\n\n<p><strong>D\u00eda 8<\/strong>: Llevo un par de d\u00edas investigando la zona, esperando recordar algo. No ha habido suerte. Aunque s\u00ed que me he topado con alg\u00fan animal salvaje. Eso me ha hecho sentir menos solo.<\/p>\n\n\n\n<p><strong>D\u00eda 11<\/strong>: Hoy he tenido un encuentro repentino con la muerte. Si hubiera sido tan solo un poco m\u00e1s lento, ese oso me habr\u00eda matado. Por suerte, solo me ha hecho una herida en la pierna y otra \u2014m\u00e1s peque\u00f1a\u2014 en el pecho. Aunque no son heridas mortales, duelen bastante. En el lado positivo, esto me ha hecho recordar que Mike era m\u00e9dico. Me cauteriz\u00f3 una herida en el brazo una vez. Desear\u00eda saber c\u00f3mo lo hizo, o con qu\u00e9 instrumentos.<\/p>\n\n\n\n<p><strong>D\u00eda 14<\/strong>: Hoy se acerca una tormenta de nieve. La puedo ver venir desde la puerta. Parece bastante intensa; me pregunto si derribar\u00e1 el igl\u00fa. S\u00e9 que deber\u00eda hacer algo al respecto, pero no logro moverme: la herida me lo impide. Y aun si sobreviviera a la ventisca, la sed o el hambre me terminar\u00edan matando de todas maneras. Afortunadamente, ya he recuperado mis recuerdos. Por lo menos la mayor\u00eda, los importantes. Aunque no s\u00e9 si eso me  tranquiliza; hay cosas que preferir\u00eda no haber recordado.<\/p>\n\n\n\n<p><br>En un momento como este, estando totalmente solo, con heridas que Mike habr\u00eda podido curar, sin la comida que Jake sol\u00eda pescar para nosotros, al borde de la muerte, un \u00fanico pensamiento cruza mi cabeza: realmente me arrepiento de haber asesinado a mis  compa\u00f1eros.<\/p>\n","protected":false},"excerpt":{"rendered":"<p>Edgar Luque (2 BAT) &#8211; Helado y arrepentido. D\u00eda 1: Hoy me despert\u00e9 sin recuerdo alguno, dentro de un igl\u00fa. Dos hombres yac\u00edan \u2014y lo siguen haciendo\u2014 en el suelo, inm\u00f3viles. Muertos. Creo que eran mis compa\u00f1eros, mas no recuerdo sus nombres. Mucho menos qu\u00e9 les pas\u00f3. Al revisar sus cuerpos, not\u00e9 grandes cortes en &hellip; <\/p>\n<p class=\"link-more\"><a href=\"https:\/\/www.revista-insaiguaviva.org\/curs2022-2023\/premis-sant-jordi-2023-concurs-literari-llengua-castellana-3\/\" class=\"more-link\">Continua llegint <span class=\"screen-reader-text\">\u00abPREMIS SANT JORDI 2023 \u2013 CONCURS LITERARI\u00a0LLENGUA CASTELLANA\u00bb<\/span><\/a><\/p>\n","protected":false},"author":2,"featured_media":0,"parent":0,"menu_order":0,"comment_status":"closed","ping_status":"closed","template":"","meta":{"footnotes":""},"class_list":["post-534","page","type-page","status-publish","hentry"],"_links":{"self":[{"href":"https:\/\/www.revista-insaiguaviva.org\/curs2022-2023\/wp-json\/wp\/v2\/pages\/534","targetHints":{"allow":["GET"]}}],"collection":[{"href":"https:\/\/www.revista-insaiguaviva.org\/curs2022-2023\/wp-json\/wp\/v2\/pages"}],"about":[{"href":"https:\/\/www.revista-insaiguaviva.org\/curs2022-2023\/wp-json\/wp\/v2\/types\/page"}],"author":[{"embeddable":true,"href":"https:\/\/www.revista-insaiguaviva.org\/curs2022-2023\/wp-json\/wp\/v2\/users\/2"}],"replies":[{"embeddable":true,"href":"https:\/\/www.revista-insaiguaviva.org\/curs2022-2023\/wp-json\/wp\/v2\/comments?post=534"}],"version-history":[{"count":3,"href":"https:\/\/www.revista-insaiguaviva.org\/curs2022-2023\/wp-json\/wp\/v2\/pages\/534\/revisions"}],"predecessor-version":[{"id":537,"href":"https:\/\/www.revista-insaiguaviva.org\/curs2022-2023\/wp-json\/wp\/v2\/pages\/534\/revisions\/537"}],"wp:attachment":[{"href":"https:\/\/www.revista-insaiguaviva.org\/curs2022-2023\/wp-json\/wp\/v2\/media?parent=534"}],"curies":[{"name":"wp","href":"https:\/\/api.w.org\/{rel}","templated":true}]}}