{"id":621,"date":"2023-04-26T08:22:22","date_gmt":"2023-04-26T06:22:22","guid":{"rendered":"https:\/\/www.revista-insaiguaviva.org\/curs2022-2023\/?page_id=621"},"modified":"2023-04-26T08:22:22","modified_gmt":"2023-04-26T06:22:22","slug":"premis-sant-jordi-2023-concurs-literari-llengua-catalana-3","status":"publish","type":"page","link":"https:\/\/www.revista-insaiguaviva.org\/curs2022-2023\/premis-sant-jordi-2023-concurs-literari-llengua-catalana-3\/","title":{"rendered":"PREMIS SANT JORDI 2023 \u2013 CONCURS LITERARI\u00a0LLENGUA CATALANA"},"content":{"rendered":"\n<p><strong>Edgar Luque &#8211; <\/strong><em><strong>Com un cor emplatat<\/strong><\/em><\/p>\n\n\n\n<p class=\"has-text-align-center\">Una freda brisa punxa la innoc\u00e8ncia.&nbsp;<\/p>\n\n\n\n<p class=\"has-text-align-center\">Riu el rei, farcit de tot menys de clem\u00e8ncia.&nbsp;<\/p>\n\n\n\n<p class=\"has-text-align-center\">Un cor emplatat se serveix&nbsp;<\/p>\n\n\n\n<p class=\"has-text-align-center\">a la cort del rei que teixeix&nbsp;<\/p>\n\n\n\n<p class=\"has-text-align-center\">el dest\u00ed i l\u2019atzar,&nbsp;<\/p>\n\n\n\n<p class=\"has-text-align-center\">i el futur i el passat,&nbsp;<\/p>\n\n\n\n<p class=\"has-text-align-center\">i la passi\u00f3 i la sobrietat,&nbsp;<\/p>\n\n\n\n<p class=\"has-text-align-center\">i l\u2019emoci\u00f3 i l\u2019amargura del cor emplatat.\u00a0<\/p>\n\n\n\n<p class=\"has-text-align-center\"><\/p>\n\n\n\n<p class=\"has-text-align-center\">Brisa congelada, que mussita \u201ccorrupci\u00f3\u201d.&nbsp;<\/p>\n\n\n\n<p class=\"has-text-align-center\">Riu el rei, que sap que no hi ha opci\u00f3.&nbsp;<\/p>\n\n\n\n<p class=\"has-text-align-center\">La just\u00edcia queda orfe, buscant adopci\u00f3.\u00a0<\/p>\n\n\n\n<p class=\"has-text-align-center\"><\/p>\n\n\n\n<p class=\"has-text-align-center\">Oren per clem\u00e8ncia, m\u00e9s ja est\u00e0 decretat.&nbsp;<\/p>\n\n\n\n<p class=\"has-text-align-center\">Agafa el seu sopar, sense espai a ambig\u00fcitat.&nbsp;<\/p>\n\n\n\n<p class=\"has-text-align-center\">Lentament, mossega la seva propietat,&nbsp;<\/p>\n\n\n\n<p class=\"has-text-align-center\">fet xixines es queda el pobre cor emplatat.<\/p>\n","protected":false},"excerpt":{"rendered":"<p>Edgar Luque &#8211; Com un cor emplatat Una freda brisa punxa la innoc\u00e8ncia.&nbsp; Riu el rei, farcit de tot menys de clem\u00e8ncia.&nbsp; Un cor emplatat se serveix&nbsp; a la cort del rei que teixeix&nbsp; el dest\u00ed i l\u2019atzar,&nbsp; i el futur i el passat,&nbsp; i la passi\u00f3 i la sobrietat,&nbsp; i l\u2019emoci\u00f3 i l\u2019amargura del &hellip; <\/p>\n<p class=\"link-more\"><a href=\"https:\/\/www.revista-insaiguaviva.org\/curs2022-2023\/premis-sant-jordi-2023-concurs-literari-llengua-catalana-3\/\" class=\"more-link\">Continua llegint <span class=\"screen-reader-text\">\u00abPREMIS SANT JORDI 2023 \u2013 CONCURS LITERARI\u00a0LLENGUA CATALANA\u00bb<\/span><\/a><\/p>\n","protected":false},"author":2,"featured_media":0,"parent":0,"menu_order":0,"comment_status":"closed","ping_status":"closed","template":"","meta":{"footnotes":""},"class_list":["post-621","page","type-page","status-publish","hentry"],"_links":{"self":[{"href":"https:\/\/www.revista-insaiguaviva.org\/curs2022-2023\/wp-json\/wp\/v2\/pages\/621","targetHints":{"allow":["GET"]}}],"collection":[{"href":"https:\/\/www.revista-insaiguaviva.org\/curs2022-2023\/wp-json\/wp\/v2\/pages"}],"about":[{"href":"https:\/\/www.revista-insaiguaviva.org\/curs2022-2023\/wp-json\/wp\/v2\/types\/page"}],"author":[{"embeddable":true,"href":"https:\/\/www.revista-insaiguaviva.org\/curs2022-2023\/wp-json\/wp\/v2\/users\/2"}],"replies":[{"embeddable":true,"href":"https:\/\/www.revista-insaiguaviva.org\/curs2022-2023\/wp-json\/wp\/v2\/comments?post=621"}],"version-history":[{"count":1,"href":"https:\/\/www.revista-insaiguaviva.org\/curs2022-2023\/wp-json\/wp\/v2\/pages\/621\/revisions"}],"predecessor-version":[{"id":622,"href":"https:\/\/www.revista-insaiguaviva.org\/curs2022-2023\/wp-json\/wp\/v2\/pages\/621\/revisions\/622"}],"wp:attachment":[{"href":"https:\/\/www.revista-insaiguaviva.org\/curs2022-2023\/wp-json\/wp\/v2\/media?parent=621"}],"curies":[{"name":"wp","href":"https:\/\/api.w.org\/{rel}","templated":true}]}}