{"id":630,"date":"2023-04-26T08:28:00","date_gmt":"2023-04-26T06:28:00","guid":{"rendered":"https:\/\/www.revista-insaiguaviva.org\/curs2022-2023\/?page_id=630"},"modified":"2023-04-26T08:28:00","modified_gmt":"2023-04-26T06:28:00","slug":"premis-sant-jordi-2023-concurs-literari-llengua-catalana-6","status":"publish","type":"page","link":"https:\/\/www.revista-insaiguaviva.org\/curs2022-2023\/premis-sant-jordi-2023-concurs-literari-llengua-catalana-6\/","title":{"rendered":"PREMIS SANT JORDI 2023 \u2013 CONCURS LITERARI\u00a0LLENGUA CATALANA"},"content":{"rendered":"\n<p><strong>V\u00edctor Ruiz &#8211; (sense t\u00edtol)<\/strong><\/p>\n\n\n\n<p>Potser ja no mirem al cel amb els ulls oberts, o potser hem deixat de mirar-lo en general. Per\u00f2 recordo amb enyoran\u00e7a un temps en qu\u00e8 gaireb\u00e9 tothom admirava la seva bellesa i quedava embadalit somiant amb ell.<\/p>\n\n\n\n<p>I quan parlo del cel \u00e9s evidentment una met\u00e0fora, ja que avui dia l&#8217;astronomia est\u00e0 bastant avan\u00e7ada i mirar els estels no \u00e9s una afici\u00f3 tan estranya. En realitat parlo del futur, de l&#8217;esperan\u00e7a que antany ens abra\u00e7ava i ara ens han tret com qui li treu l&#8217;aigua a un taronger.<\/p>\n\n\n\n<p>Han fet que ens limitem a viure la vida en mode autom\u00e0tic sense pensar en cap a on ens dirigim, d&#8217;on venim, ni pr\u00e0cticament en res.<\/p>\n\n\n\n<p>I potser et preguntes qu\u00e8 \u00e9s aix\u00f2, has vingut a llegir una hist\u00f2ria, no? Per\u00f2 les veritables hist\u00f2ries sorgeixen dels somnis. El cam\u00ed de l&#8217;heroi \u00e9s la tipologia d&#8217;hist\u00f2ria primig\u00e8nia, la primera forma de narraci\u00f3. Ens explica la hist\u00f2ria d&#8217;un protagonista amb un objectiu clar, que lluita per aconseguir costi el que costi. I ens encanta perqu\u00e8 \u00e9s el desig i la voluntat all\u00f2 que ens fa humans.<\/p>\n\n\n\n<p>Per\u00f2 no podem limitar-nos a gaudir de les hist\u00f2ries. Certament, nosaltres no lluitarem contra dracs ni ens enfrontarem valerosament els perills del bosc, per\u00f2 podem somiar. Podem tenir objectius i aspiracions en les nostres vides. Vols una hist\u00f2ria? Aquesta \u00e9s la hist\u00f2ria de com les solucions temporals van fer-se rutina, i el &#8216;dem\u00e0 m&#8217;hi poso&#8217; va ser la frase del dia cada dia de la setmana. Aquesta \u00e9s la hist\u00f2ria de com el conformisme va calar dintre nostre i hem perdut la capacitat de veure m\u00e9s enll\u00e0 del que ens han donat.<\/p>\n\n\n\n<p>Aquesta \u00e9s la hist\u00f2ria d&#8217;aquell ballar\u00ed, aquella escriptora, aquells violinistes que ho van deixar &#8216;temporalment&#8217; perqu\u00e8 la vida els angoixava, i amb aix\u00f2 van perdre una part seva que mai han recuperat.<\/p>\n\n\n\n<p>Aquesta, s\u00ed, aquesta \u00e9s la hist\u00f2ria de com pots perdre els teus somnis i esperances i encara i aix\u00ed pensar que no et falta res, perqu\u00e8 nom\u00e9s som conscients de quant necessitem una cosa quan l&#8217;obtenim i ens preguntem com pod\u00edem viure abans. Per\u00f2 aquesta tamb\u00e9 \u00e9s la hist\u00f2ria de com tot aix\u00f2 pot canviar.<\/p>\n\n\n\n<p>En un m\u00f3n de somnis frustrats i urg\u00e8ncia sint\u00e8tica, no perdis el teu cam\u00ed. Lluita per conservar-te a tu mateix i no deixis que t&#8217;escriguin el dest\u00ed.<\/p>\n","protected":false},"excerpt":{"rendered":"<p>V\u00edctor Ruiz &#8211; (sense t\u00edtol) Potser ja no mirem al cel amb els ulls oberts, o potser hem deixat de mirar-lo en general. Per\u00f2 recordo amb enyoran\u00e7a un temps en qu\u00e8 gaireb\u00e9 tothom admirava la seva bellesa i quedava embadalit somiant amb ell. I quan parlo del cel \u00e9s evidentment una met\u00e0fora, ja que avui &hellip; <\/p>\n<p class=\"link-more\"><a href=\"https:\/\/www.revista-insaiguaviva.org\/curs2022-2023\/premis-sant-jordi-2023-concurs-literari-llengua-catalana-6\/\" class=\"more-link\">Continua llegint <span class=\"screen-reader-text\">\u00abPREMIS SANT JORDI 2023 \u2013 CONCURS LITERARI\u00a0LLENGUA CATALANA\u00bb<\/span><\/a><\/p>\n","protected":false},"author":2,"featured_media":0,"parent":0,"menu_order":0,"comment_status":"closed","ping_status":"closed","template":"","meta":{"footnotes":""},"class_list":["post-630","page","type-page","status-publish","hentry"],"_links":{"self":[{"href":"https:\/\/www.revista-insaiguaviva.org\/curs2022-2023\/wp-json\/wp\/v2\/pages\/630","targetHints":{"allow":["GET"]}}],"collection":[{"href":"https:\/\/www.revista-insaiguaviva.org\/curs2022-2023\/wp-json\/wp\/v2\/pages"}],"about":[{"href":"https:\/\/www.revista-insaiguaviva.org\/curs2022-2023\/wp-json\/wp\/v2\/types\/page"}],"author":[{"embeddable":true,"href":"https:\/\/www.revista-insaiguaviva.org\/curs2022-2023\/wp-json\/wp\/v2\/users\/2"}],"replies":[{"embeddable":true,"href":"https:\/\/www.revista-insaiguaviva.org\/curs2022-2023\/wp-json\/wp\/v2\/comments?post=630"}],"version-history":[{"count":1,"href":"https:\/\/www.revista-insaiguaviva.org\/curs2022-2023\/wp-json\/wp\/v2\/pages\/630\/revisions"}],"predecessor-version":[{"id":631,"href":"https:\/\/www.revista-insaiguaviva.org\/curs2022-2023\/wp-json\/wp\/v2\/pages\/630\/revisions\/631"}],"wp:attachment":[{"href":"https:\/\/www.revista-insaiguaviva.org\/curs2022-2023\/wp-json\/wp\/v2\/media?parent=630"}],"curies":[{"name":"wp","href":"https:\/\/api.w.org\/{rel}","templated":true}]}}