{"id":573,"date":"2024-04-24T18:33:34","date_gmt":"2024-04-24T16:33:34","guid":{"rendered":"https:\/\/www.revista-insaiguaviva.org\/curs2023-2024\/?page_id=573"},"modified":"2024-04-24T18:33:34","modified_gmt":"2024-04-24T16:33:34","slug":"romance-de-san-jordi-y-el-dragon-1r-eso-b","status":"publish","type":"page","link":"https:\/\/www.revista-insaiguaviva.org\/curs2023-2024\/romance-de-san-jordi-y-el-dragon-1r-eso-b\/","title":{"rendered":"ROMANCE DE SAN JORDI Y EL DRAG\u00d3N &#8211; 1r ESO B"},"content":{"rendered":"\n<p><\/p>\n\n\n\n<p>Era abril, abril era,<\/p>\n\n\n\n<p>la primavera ca\u00eda,<\/p>\n\n\n\n<p>los p\u00e1jaros cantaban<\/p>\n\n\n\n<p>y las flores florec\u00edan.<\/p>\n\n\n\n<p>Muchos pr\u00edncipes llegaban,<\/p>\n\n\n\n<p>intentaban camelar<\/p>\n\n\n\n<p>a esta bella princesa<\/p>\n\n\n\n<p>pero pronto lleg\u00f3 el mal.<\/p>\n\n\n\n<p>En este reino de paz<\/p>\n\n\n\n<p>apareci\u00f3 un gran drag\u00f3n<\/p>\n\n\n\n<p>que a todos quiso asustar.<\/p>\n\n\n\n<p>Y el drag\u00f3n se present\u00f3.<\/p>\n\n\n\n<p>La poblaci\u00f3n asustada<\/p>\n\n\n\n<p>fue corriendo hacia sus casas<\/p>\n\n\n\n<p>y se qued\u00f3 confinada.<\/p>\n\n\n\n<p>Mil animales comi\u00f3,<\/p>\n\n\n\n<p>su barriga no llenaba,<\/p>\n\n\n\n<p>se decidi\u00f3 un sorteo,<\/p>\n\n\n\n<p>todo el mundo lloraba.<\/p>\n\n\n\n<p>La princesa fue elegida,<\/p>\n\n\n\n<p>no hab\u00eda otra igual que ella,<\/p>\n\n\n\n<p>la m\u00e1s bella de su reino<\/p>\n\n\n\n<p>que en el pueblo dej\u00f3 huella.<\/p>\n\n\n\n<p>Aquel drag\u00f3n asesino,<\/p>\n\n\n\n<p>se llev\u00f3 a la doncella.<\/p>\n\n\n\n<p>Cuando el drag\u00f3n se acerc\u00f3<\/p>\n\n\n\n<p>a morder a la princesa,<\/p>\n\n\n\n<p>un caballero atac\u00f3<\/p>\n\n\n\n<p>surgiendo desde la niebla.<\/p>\n\n\n\n<p>El caballero San Jordi<\/p>\n\n\n\n<p>un prop\u00f3sito ten\u00eda:<\/p>\n\n\n\n<p>para salvar la princesa<\/p>\n\n\n\n<p>matar al drag\u00f3n deb\u00eda.<\/p>\n\n\n\n<p>Su espada clav\u00f3 en la bestia<\/p>\n\n\n\n<p>y la dej\u00f3 malherida.<\/p>\n\n\n\n<p>De la sangre derramada<\/p>\n\n\n\n<p>una rosa floreci\u00f3,<\/p>\n\n\n\n<p>para la bella princesa<\/p>\n\n\n\n<p>en sus manos la pos\u00f3,<\/p>\n\n\n\n<p>se iluminaron sus ojos<\/p>\n\n\n\n<p>y su pueblo se alegr\u00f3.<\/p>\n","protected":false},"excerpt":{"rendered":"<p>Era abril, abril era, la primavera ca\u00eda, los p\u00e1jaros cantaban y las flores florec\u00edan. Muchos pr\u00edncipes llegaban, intentaban camelar a esta bella princesa pero pronto lleg\u00f3 el mal. En este reino de paz apareci\u00f3 un gran drag\u00f3n que a todos quiso asustar. Y el drag\u00f3n se present\u00f3. La poblaci\u00f3n asustada fue corriendo hacia sus casas &hellip; <\/p>\n<p class=\"link-more\"><a href=\"https:\/\/www.revista-insaiguaviva.org\/curs2023-2024\/romance-de-san-jordi-y-el-dragon-1r-eso-b\/\" class=\"more-link\">Continua llegint <span class=\"screen-reader-text\">\u00abROMANCE DE SAN JORDI Y EL DRAG\u00d3N &#8211; 1r ESO B\u00bb<\/span><\/a><\/p>\n","protected":false},"author":2,"featured_media":0,"parent":0,"menu_order":0,"comment_status":"closed","ping_status":"closed","template":"","meta":{"footnotes":""},"class_list":["post-573","page","type-page","status-publish","hentry"],"_links":{"self":[{"href":"https:\/\/www.revista-insaiguaviva.org\/curs2023-2024\/wp-json\/wp\/v2\/pages\/573","targetHints":{"allow":["GET"]}}],"collection":[{"href":"https:\/\/www.revista-insaiguaviva.org\/curs2023-2024\/wp-json\/wp\/v2\/pages"}],"about":[{"href":"https:\/\/www.revista-insaiguaviva.org\/curs2023-2024\/wp-json\/wp\/v2\/types\/page"}],"author":[{"embeddable":true,"href":"https:\/\/www.revista-insaiguaviva.org\/curs2023-2024\/wp-json\/wp\/v2\/users\/2"}],"replies":[{"embeddable":true,"href":"https:\/\/www.revista-insaiguaviva.org\/curs2023-2024\/wp-json\/wp\/v2\/comments?post=573"}],"version-history":[{"count":1,"href":"https:\/\/www.revista-insaiguaviva.org\/curs2023-2024\/wp-json\/wp\/v2\/pages\/573\/revisions"}],"predecessor-version":[{"id":574,"href":"https:\/\/www.revista-insaiguaviva.org\/curs2023-2024\/wp-json\/wp\/v2\/pages\/573\/revisions\/574"}],"wp:attachment":[{"href":"https:\/\/www.revista-insaiguaviva.org\/curs2023-2024\/wp-json\/wp\/v2\/media?parent=573"}],"curies":[{"name":"wp","href":"https:\/\/api.w.org\/{rel}","templated":true}]}}