{"id":577,"date":"2024-04-24T18:40:04","date_gmt":"2024-04-24T16:40:04","guid":{"rendered":"https:\/\/www.revista-insaiguaviva.org\/curs2023-2024\/?page_id=577"},"modified":"2024-04-24T18:41:46","modified_gmt":"2024-04-24T16:41:46","slug":"un-latido-un-eco-de-ternura","status":"publish","type":"page","link":"https:\/\/www.revista-insaiguaviva.org\/curs2023-2024\/un-latido-un-eco-de-ternura\/","title":{"rendered":"Un latido, un eco de ternura &#8211; 4t ESO A"},"content":{"rendered":"\n<figure class=\"wp-block-table\"><table><tbody><tr><td>Un latido, un eco de ternura.<\/td><\/tr><tr><td>Amor, el puente que une corazones,<\/td><\/tr><tr><td>\u00a0lazos et\u00e9reos, surgen ilusiones.<\/td><\/tr><tr><td>Y tu mirada, la promesa pura.<\/td><\/tr><tr><td>En la brisa susurra el tierno amor<\/td><\/tr><tr><td>Bajo el cielo estrellado, esplendor.<\/td><\/tr><tr><td>A tu lado palpita el ardor;<\/td><\/tr><tr><td>En el rinc\u00f3n, late el coraz\u00f3n sin raz\u00f3n.&nbsp;<\/td><\/tr><tr><td>Como mira cara al mar,<\/td><\/tr><tr><td>Tengo al lado deslumbrante sombra&nbsp;<\/td><\/tr><tr><td>que me deja loco con su belleza.<\/td><\/tr><tr><td>Contigo volar, contigo imaginar,<\/td><\/tr><tr><td>una vida a tu lado es una obra<\/td><\/tr><tr><td>que me duele incluso la cabeza<\/td><\/tr><\/tbody><\/table><\/figure>\n","protected":false},"excerpt":{"rendered":"<p>Un latido, un eco de ternura. Amor, el puente que une corazones, \u00a0lazos et\u00e9reos, surgen ilusiones. Y tu mirada, la promesa pura. En la brisa susurra el tierno amor Bajo el cielo estrellado, esplendor. A tu lado palpita el ardor; En el rinc\u00f3n, late el coraz\u00f3n sin raz\u00f3n.&nbsp; Como mira cara al mar, Tengo al &hellip; <\/p>\n<p class=\"link-more\"><a href=\"https:\/\/www.revista-insaiguaviva.org\/curs2023-2024\/un-latido-un-eco-de-ternura\/\" class=\"more-link\">Continua llegint <span class=\"screen-reader-text\">\u00abUn latido, un eco de ternura &#8211; 4t ESO A\u00bb<\/span><\/a><\/p>\n","protected":false},"author":2,"featured_media":0,"parent":0,"menu_order":0,"comment_status":"closed","ping_status":"closed","template":"","meta":{"footnotes":""},"class_list":["post-577","page","type-page","status-publish","hentry"],"_links":{"self":[{"href":"https:\/\/www.revista-insaiguaviva.org\/curs2023-2024\/wp-json\/wp\/v2\/pages\/577","targetHints":{"allow":["GET"]}}],"collection":[{"href":"https:\/\/www.revista-insaiguaviva.org\/curs2023-2024\/wp-json\/wp\/v2\/pages"}],"about":[{"href":"https:\/\/www.revista-insaiguaviva.org\/curs2023-2024\/wp-json\/wp\/v2\/types\/page"}],"author":[{"embeddable":true,"href":"https:\/\/www.revista-insaiguaviva.org\/curs2023-2024\/wp-json\/wp\/v2\/users\/2"}],"replies":[{"embeddable":true,"href":"https:\/\/www.revista-insaiguaviva.org\/curs2023-2024\/wp-json\/wp\/v2\/comments?post=577"}],"version-history":[{"count":3,"href":"https:\/\/www.revista-insaiguaviva.org\/curs2023-2024\/wp-json\/wp\/v2\/pages\/577\/revisions"}],"predecessor-version":[{"id":580,"href":"https:\/\/www.revista-insaiguaviva.org\/curs2023-2024\/wp-json\/wp\/v2\/pages\/577\/revisions\/580"}],"wp:attachment":[{"href":"https:\/\/www.revista-insaiguaviva.org\/curs2023-2024\/wp-json\/wp\/v2\/media?parent=577"}],"curies":[{"name":"wp","href":"https:\/\/api.w.org\/{rel}","templated":true}]}}